{"id":2979,"date":"2021-09-15T09:39:43","date_gmt":"2021-09-15T06:39:43","guid":{"rendered":"https:\/\/serahelsinki.com\/?page_id=2979"},"modified":"2022-06-04T20:08:39","modified_gmt":"2022-06-04T17:08:39","slug":"old-test-yhteystiedot","status":"publish","type":"page","link":"https:\/\/serahelsinki.com\/fi\/old-test-yhteystiedot\/","title":{"rendered":"Old test &#8211; Yhteystiedot"},"content":{"rendered":"<div class=\"row row-large row-full-width align-equal\"  id=\"row-1531045866\">\n\n\t<div id=\"col-94686372\" class=\"col medium-6 small-12 large-6\"  >\n\t\t\t\t<div class=\"col-inner\"  >\n\t\t\t\n\t\t\t\n\t<div class=\"img has-hover x md-x lg-x y md-y lg-y\" id=\"image_617366359\">\n\t\t<a class=\"image-lightbox lightbox-gallery\" title=\"\" href=\"https:\/\/serahelsinki.com\/wp-content\/uploads\/2020\/08\/Valli_knotted_brown_A-796x1024.jpg\">\t\t\t\t\t\t<div class=\"img-inner dark\" >\n\t\t\t<img loading=\"lazy\" decoding=\"async\" width=\"1323\" height=\"1701\" src=\"https:\/\/serahelsinki.com\/wp-content\/uploads\/2020\/08\/Valli_knotted_brown_A.jpg\" class=\"attachment-original size-original\" alt=\"\" srcset=\"https:\/\/serahelsinki.com\/wp-content\/uploads\/2020\/08\/Valli_knotted_brown_A.jpg 1323w, https:\/\/serahelsinki.com\/wp-content\/uploads\/2020\/08\/Valli_knotted_brown_A-100x129.jpg 100w, https:\/\/serahelsinki.com\/wp-content\/uploads\/2020\/08\/Valli_knotted_brown_A-1000x1286.jpg 1000w, https:\/\/serahelsinki.com\/wp-content\/uploads\/2020\/08\/Valli_knotted_brown_A-233x300.jpg 233w, https:\/\/serahelsinki.com\/wp-content\/uploads\/2020\/08\/Valli_knotted_brown_A-796x1024.jpg 796w, https:\/\/serahelsinki.com\/wp-content\/uploads\/2020\/08\/Valli_knotted_brown_A-768x987.jpg 768w, https:\/\/serahelsinki.com\/wp-content\/uploads\/2020\/08\/Valli_knotted_brown_A-1195x1536.jpg 1195w\" sizes=\"auto, (max-width: 1323px) 100vw, 1323px\" \/>\t\t\t\t\t\t\n\t\t\t\t\t<\/div>\n\t\t\t\t\t\t<\/a>\t\t\n<style>\n#image_617366359 {\n  width: 100%;\n}\n<\/style>\n\t<\/div>\n\t\n\t\t<\/div>\n\t\t\t\t\t<\/div>\n\n\t\n\n\t<div id=\"col-1349267563\" class=\"col medium-6 small-12 large-6\"  >\n\t\t\t\t<div class=\"col-inner\"  >\n\t\t\t\n\t\t\t\n<div class=\"is-divider divider clearfix\" style=\"margin-top:0em;margin-bottom:0em;max-width:100%;height:1px;background-color:rgb(0, 0, 0);\"><\/div>\n\t<div id=\"gap-749076741\" class=\"gap-element clearfix\" style=\"display:block; height:auto;\">\n\t\t\n<style>\n#gap-749076741 {\n  padding-top: 20px;\n}\n<\/style>\n\t<\/div>\n\t\n<h2><span style=\"font-size: 150%;\">Yhteys<\/span><\/h2>\n\t<div id=\"gap-512310052\" class=\"gap-element clearfix\" style=\"display:block; height:auto;\">\n\t\t\n<style>\n#gap-512310052 {\n  padding-top: 60px;\n}\n<\/style>\n\t<\/div>\n\t\n<h3>Autamme sinua mielell\u00e4mme kaikissa kysymyksiss\u00e4 ja tiedusteluissa. Voitte ottaa meihin yhteytt\u00e4 s\u00e4hk\u00f6postitse tai puhelimitse klo 9-17 v\u00e4lisen\u00e4 aikana maanantaista perjantaihin. Palvelemme suomeksi ja englanniksi.<\/h3>\n<p><\/br><\/p>\n<h3>S\u00e4hk\u00f6posti: info@serahelsinki.com<\/h3>\n<h3>Puh. +358 44 231 9151<\/h3>\n\t\t<\/div>\n\t\t\t\t\t<\/div>\n\n\t\n<\/div>\n\t<div id=\"gap-2112195240\" class=\"gap-element clearfix\" style=\"display:block; height:auto;\">\n\t\t\n<style>\n#gap-2112195240 {\n  padding-top: 30px;\n}\n<\/style>\n\t<\/div>\n\t\n","protected":false},"excerpt":{"rendered":"","protected":false},"author":3,"featured_media":0,"parent":0,"menu_order":0,"comment_status":"closed","ping_status":"closed","template":"","meta":{"footnotes":""},"class_list":["post-2979","page","type-page","status-publish","hentry"],"_links":{"self":[{"href":"https:\/\/serahelsinki.com\/fi\/wp-json\/wp\/v2\/pages\/2979","targetHints":{"allow":["GET"]}}],"collection":[{"href":"https:\/\/serahelsinki.com\/fi\/wp-json\/wp\/v2\/pages"}],"about":[{"href":"https:\/\/serahelsinki.com\/fi\/wp-json\/wp\/v2\/types\/page"}],"author":[{"embeddable":true,"href":"https:\/\/serahelsinki.com\/fi\/wp-json\/wp\/v2\/users\/3"}],"replies":[{"embeddable":true,"href":"https:\/\/serahelsinki.com\/fi\/wp-json\/wp\/v2\/comments?post=2979"}],"version-history":[{"count":5,"href":"https:\/\/serahelsinki.com\/fi\/wp-json\/wp\/v2\/pages\/2979\/revisions"}],"predecessor-version":[{"id":3316,"href":"https:\/\/serahelsinki.com\/fi\/wp-json\/wp\/v2\/pages\/2979\/revisions\/3316"}],"wp:attachment":[{"href":"https:\/\/serahelsinki.com\/fi\/wp-json\/wp\/v2\/media?parent=2979"}],"curies":[{"name":"wp","href":"https:\/\/api.w.org\/{rel}","templated":true}]}}