{"id":3298,"date":"2022-06-04T20:53:10","date_gmt":"2022-06-04T17:53:10","guid":{"rendered":"https:\/\/serahelsinki.com\/?page_id=3298"},"modified":"2022-06-04T20:53:10","modified_gmt":"2022-06-04T17:53:10","slug":"paimenet","status":"publish","type":"page","link":"https:\/\/serahelsinki.com\/fi\/paimenet\/","title":{"rendered":"Paimenet"},"content":{"rendered":"<div class=\"row row-large row-full-width align-equal\"  id=\"row-572181208\">\n\n\t<div id=\"col-1335832889\" class=\"col small-12 large-12\"  >\n\t\t\t\t<div class=\"col-inner\"  >\n\t\t\t\n\t\t\t\n\t<div id=\"gap-714572712\" class=\"gap-element clearfix\" style=\"display:block; height:auto;\">\n\t\t\n<style>\n#gap-714572712 {\n  padding-top: 20px;\n}\n<\/style>\n\t<\/div>\n\t\n<h1 style=\"text-align: center;\"><span style=\"font-size: 150%;\">Paimenet<\/span><\/h1>\n\t<div id=\"gap-979612294\" class=\"gap-element clearfix\" style=\"display:block; height:auto;\">\n\t\t\n<style>\n#gap-979612294 {\n  padding-top: 30px;\n}\n<\/style>\n\t<\/div>\n\t\n<h3 style=\"text-align: center;\">SERA HELSINKI -mattojen villa on per\u00e4isin Etiopian kylmilt\u00e4 vuoristoseuduilta, joilla on vuosisatojen perinteet villan hy\u00f6dynt\u00e4misest\u00e4.<\/h3>\n\t<div id=\"gap-1010508288\" class=\"gap-element clearfix\" style=\"display:block; height:auto;\">\n\t\t\n<style>\n#gap-1010508288 {\n  padding-top: 30px;\n}\n<\/style>\n\t<\/div>\n\t\n\t\t<\/div>\n\t\t\t\t\t<\/div>\n\n\t\n\n\t<div id=\"col-1972657799\" class=\"col small-12 large-12\"  >\n\t\t\t\t<div class=\"col-inner\"  >\n\t\t\t\n\t\t\t\n\t<div class=\"img has-hover x md-x lg-x y md-y lg-y\" id=\"image_905679856\">\n\t\t<a class=\"image-lightbox lightbox-gallery\" title=\"\" href=\"https:\/\/serahelsinki.com\/wp-content\/uploads\/2021\/02\/Screenshot-2021-02-09-at-12.22.55-1024x772.png\">\t\t\t\t\t\t<div class=\"img-inner dark\" >\n\t\t\t<img loading=\"lazy\" decoding=\"async\" width=\"1244\" height=\"938\" src=\"https:\/\/serahelsinki.com\/wp-content\/uploads\/2021\/02\/Screenshot-2021-02-09-at-12.22.55.png\" class=\"attachment-original size-original\" alt=\"\" srcset=\"https:\/\/serahelsinki.com\/wp-content\/uploads\/2021\/02\/Screenshot-2021-02-09-at-12.22.55.png 1244w, https:\/\/serahelsinki.com\/wp-content\/uploads\/2021\/02\/Screenshot-2021-02-09-at-12.22.55-300x226.png 300w, https:\/\/serahelsinki.com\/wp-content\/uploads\/2021\/02\/Screenshot-2021-02-09-at-12.22.55-1024x772.png 1024w, https:\/\/serahelsinki.com\/wp-content\/uploads\/2021\/02\/Screenshot-2021-02-09-at-12.22.55-768x579.png 768w, https:\/\/serahelsinki.com\/wp-content\/uploads\/2021\/02\/Screenshot-2021-02-09-at-12.22.55-1000x754.png 1000w, https:\/\/serahelsinki.com\/wp-content\/uploads\/2021\/02\/Screenshot-2021-02-09-at-12.22.55-100x75.png 100w\" sizes=\"auto, (max-width: 1244px) 100vw, 1244px\" \/>\t\t\t\t\t\t\n\t\t\t\t\t<\/div>\n\t\t\t\t\t\t<\/a>\t\t\n<style>\n#image_905679856 {\n  width: 100%;\n}\n<\/style>\n\t<\/div>\n\t\n\t\t<\/div>\n\t\t\t\t\t<\/div>\n\n\t\n<\/div>\n<div class=\"row row-large row-full-width align-equal\"  id=\"row-671816938\">\n\n\t<div id=\"col-860685416\" class=\"col medium-6 small-12 large-6\"  >\n\t\t\t\t<div class=\"col-inner\"  >\n\t\t\t\n\t\t\t\n\t<div class=\"img has-hover x md-x lg-x y md-y lg-y\" id=\"image_1648520443\">\n\t\t<a class=\"image-lightbox lightbox-gallery\" title=\"\" href=\"https:\/\/serahelsinki.com\/wp-content\/uploads\/2021\/01\/IMG_5252-copy-965x1024.jpg\">\t\t\t\t\t\t<div class=\"img-inner dark\" >\n\t\t\t<img loading=\"lazy\" decoding=\"async\" width=\"2413\" height=\"2560\" src=\"https:\/\/serahelsinki.com\/wp-content\/uploads\/2021\/01\/IMG_5252-copy-scaled.jpg\" class=\"attachment-original size-original\" alt=\"\" srcset=\"https:\/\/serahelsinki.com\/wp-content\/uploads\/2021\/01\/IMG_5252-copy-scaled.jpg 2413w, https:\/\/serahelsinki.com\/wp-content\/uploads\/2021\/01\/IMG_5252-copy-283x300.jpg 283w, https:\/\/serahelsinki.com\/wp-content\/uploads\/2021\/01\/IMG_5252-copy-965x1024.jpg 965w, https:\/\/serahelsinki.com\/wp-content\/uploads\/2021\/01\/IMG_5252-copy-768x815.jpg 768w, https:\/\/serahelsinki.com\/wp-content\/uploads\/2021\/01\/IMG_5252-copy-1448x1536.jpg 1448w, https:\/\/serahelsinki.com\/wp-content\/uploads\/2021\/01\/IMG_5252-copy-1930x2048.jpg 1930w, https:\/\/serahelsinki.com\/wp-content\/uploads\/2021\/01\/IMG_5252-copy-1000x1061.jpg 1000w, https:\/\/serahelsinki.com\/wp-content\/uploads\/2021\/01\/IMG_5252-copy-100x106.jpg 100w\" sizes=\"auto, (max-width: 2413px) 100vw, 2413px\" \/>\t\t\t\t\t\t\n\t\t\t\t\t<\/div>\n\t\t\t\t\t\t<\/a>\t\t\n<style>\n#image_1648520443 {\n  width: 100%;\n}\n<\/style>\n\t<\/div>\n\t\n\t\t<\/div>\n\t\t\t\t\t<\/div>\n\n\t\n\n\t<div id=\"col-345561706\" class=\"col medium-6 small-12 large-6 small-col-first\"  >\n\t\t\t\t<div class=\"col-inner\"  >\n\t\t\t\n\t\t\t\n<div class=\"is-divider divider clearfix\" style=\"margin-top:0em;margin-bottom:0em;max-width:100%;height:1px;background-color:rgb(0, 0, 0);\"><\/div>\n\t<div id=\"gap-384053448\" class=\"gap-element clearfix\" style=\"display:block; height:auto;\">\n\t\t\n<style>\n#gap-384053448 {\n  padding-top: 20px;\n}\n<\/style>\n\t<\/div>\n\t\n<h3><span style=\"font-size: 150%;\">Vuoristoseutujen villa<\/span><\/h3>\n\t<div id=\"gap-1990199102\" class=\"gap-element clearfix\" style=\"display:block; height:auto;\">\n\t\t\n<style>\n#gap-1990199102 {\n  padding-top: 30px;\n}\n<\/style>\n\t<\/div>\n\t\n<p><span style=\"font-weight: 400;\">Mattojemme villa on per\u00e4isin Etiopian kylmilt\u00e4 vuoristoseuduilta, joilla on vuosisatojen perinteet villan hy\u00f6dynt\u00e4misest\u00e4. Lammaslaumat laiduntavat vuoristoniityill\u00e4 vapaasti, ja vammaiset paimenet huolehtivat lampaiden hyvinvoinnista. Paimenperheiden \u00e4idit kehr\u00e4\u00e4v\u00e4t villalankaa omista lampaistaan.<\/span><\/p>\n\t\t<\/div>\n\t\t\t\t\t<\/div>\n\n\t\n<\/div>\n<div class=\"row row-large row-full-width align-equal\"  id=\"row-770307179\">\n\n\t<div id=\"col-1767372626\" class=\"col medium-6 small-12 large-6\"  >\n\t\t\t\t<div class=\"col-inner\"  >\n\t\t\t\n\t\t\t\n<div class=\"is-divider divider clearfix\" style=\"margin-top:0em;margin-bottom:0em;max-width:100%;height:1px;background-color:rgb(0, 0, 0);\"><\/div>\n\t<div id=\"gap-481597715\" class=\"gap-element clearfix\" style=\"display:block; height:auto;\">\n\t\t\n<style>\n#gap-481597715 {\n  padding-top: 20px;\n}\n<\/style>\n\t<\/div>\n\t\n<h2>Kerimme kauneutta<\/h2>\n\t<div id=\"gap-873740918\" class=\"gap-element clearfix\" style=\"display:block; height:auto;\">\n\t\t\n<style>\n#gap-873740918 {\n  padding-top: 30px;\n}\n<\/style>\n\t<\/div>\n\t\n<p><span style=\"font-weight: 400;\">Arvokas villa kerit\u00e4\u00e4n lampaista kahdesti vuodessa, kev\u00e4\u00e4ll\u00e4 ja syksyll\u00e4, perinteisin menetelmin, jotka eiv\u00e4t aiheuta kipua el\u00e4imelle. Villamme onkin mulesing-vapaata. Kerint\u00e4 tehd\u00e4\u00e4n huolellisesti k\u00e4sity\u00f6n\u00e4 ilman s\u00e4hk\u00f6\u00e4 tai koneita. Kun villa on keritty, se kehr\u00e4t\u00e4\u00e4n langaksi ja kudotaan ainutlaatuisiksi SERA HELSINKI -matoiksi. <\/span><\/p>\n\t\t<\/div>\n\t\t\t\t\t<\/div>\n\n\t\n\n\t<div id=\"col-933141693\" class=\"col medium-6 small-12 large-6\"  >\n\t\t\t\t<div class=\"col-inner\"  >\n\t\t\t\n\t\t\t\n\t<div class=\"img has-hover x md-x lg-x y md-y lg-y\" id=\"image_989392492\">\n\t\t<a class=\"image-lightbox lightbox-gallery\" title=\"\" href=\"https:\/\/serahelsinki.com\/wp-content\/uploads\/2021\/02\/IMG_7711-1024x1008.jpg\">\t\t\t\t\t\t<div class=\"img-inner dark\" >\n\t\t\t<img loading=\"lazy\" decoding=\"async\" width=\"1242\" height=\"1223\" src=\"https:\/\/serahelsinki.com\/wp-content\/uploads\/2021\/02\/IMG_7711.jpg\" class=\"attachment-original size-original\" alt=\"\" srcset=\"https:\/\/serahelsinki.com\/wp-content\/uploads\/2021\/02\/IMG_7711.jpg 1242w, https:\/\/serahelsinki.com\/wp-content\/uploads\/2021\/02\/IMG_7711-300x295.jpg 300w, https:\/\/serahelsinki.com\/wp-content\/uploads\/2021\/02\/IMG_7711-1024x1008.jpg 1024w, https:\/\/serahelsinki.com\/wp-content\/uploads\/2021\/02\/IMG_7711-768x756.jpg 768w, https:\/\/serahelsinki.com\/wp-content\/uploads\/2021\/02\/IMG_7711-1000x985.jpg 1000w, https:\/\/serahelsinki.com\/wp-content\/uploads\/2021\/02\/IMG_7711-100x98.jpg 100w\" sizes=\"auto, (max-width: 1242px) 100vw, 1242px\" \/>\t\t\t\t\t\t\n\t\t\t\t\t<\/div>\n\t\t\t\t\t\t<\/a>\t\t\n<style>\n#image_989392492 {\n  width: 100%;\n}\n<\/style>\n\t<\/div>\n\t\n\t\t<\/div>\n\t\t\t\t\t<\/div>\n\n\t\n<\/div>\n<div class=\"row row-large row-full-width align-equal\"  id=\"row-1315588690\">\n\n\t<div id=\"col-819504215\" class=\"col medium-6 small-12 large-6\"  >\n\t\t\t\t<div class=\"col-inner\"  >\n\t\t\t\n\t\t\t\n\t<div class=\"img has-hover x md-x lg-x y md-y lg-y\" id=\"image_86525567\">\n\t\t<a class=\"image-lightbox lightbox-gallery\" title=\"\" href=\"https:\/\/serahelsinki.com\/wp-content\/uploads\/2020\/09\/IMG_5250-768x1024.jpg\">\t\t\t\t\t\t<div class=\"img-inner dark\" >\n\t\t\t<img loading=\"lazy\" decoding=\"async\" width=\"1920\" height=\"2560\" src=\"https:\/\/serahelsinki.com\/wp-content\/uploads\/2020\/09\/IMG_5250-scaled.jpg\" class=\"attachment-original size-original\" alt=\"\" srcset=\"https:\/\/serahelsinki.com\/wp-content\/uploads\/2020\/09\/IMG_5250-scaled.jpg 1920w, https:\/\/serahelsinki.com\/wp-content\/uploads\/2020\/09\/IMG_5250-225x300.jpg 225w, https:\/\/serahelsinki.com\/wp-content\/uploads\/2020\/09\/IMG_5250-768x1024.jpg 768w, https:\/\/serahelsinki.com\/wp-content\/uploads\/2020\/09\/IMG_5250-1152x1536.jpg 1152w, https:\/\/serahelsinki.com\/wp-content\/uploads\/2020\/09\/IMG_5250-1536x2048.jpg 1536w, https:\/\/serahelsinki.com\/wp-content\/uploads\/2020\/09\/IMG_5250-500x667.jpg 500w, https:\/\/serahelsinki.com\/wp-content\/uploads\/2020\/09\/IMG_5250-1000x1333.jpg 1000w, https:\/\/serahelsinki.com\/wp-content\/uploads\/2020\/09\/IMG_5250-100x133.jpg 100w\" sizes=\"auto, (max-width: 1920px) 100vw, 1920px\" \/>\t\t\t\t\t\t\n\t\t\t\t\t<\/div>\n\t\t\t\t\t\t<\/a>\t\t\n<style>\n#image_86525567 {\n  width: 100%;\n}\n<\/style>\n\t<\/div>\n\t\n\t\t<\/div>\n\t\t\t\t\t<\/div>\n\n\t\n\n\t<div id=\"col-1646004830\" class=\"col medium-6 small-12 large-6 small-col-first\"  >\n\t\t\t\t<div class=\"col-inner\"  >\n\t\t\t\n\t\t\t\n<div class=\"is-divider divider clearfix\" style=\"margin-top:0em;margin-bottom:0em;max-width:100%;height:1px;background-color:rgb(0, 0, 0);\"><\/div>\n\t<div id=\"gap-1955453683\" class=\"gap-element clearfix\" style=\"display:block; height:auto;\">\n\t\t\n<style>\n#gap-1955453683 {\n  padding-top: 20px;\n}\n<\/style>\n\t<\/div>\n\t\n<h2>Vuoristoniityt voimaannuttavat<\/h2>\n\t<div id=\"gap-1676665326\" class=\"gap-element clearfix\" style=\"display:block; height:auto;\">\n\t\t\n<style>\n#gap-1676665326 {\n  padding-top: 30px;\n}\n<\/style>\n\t<\/div>\n\t\n<p><span style=\"font-weight: 400;\">Ortodoksisessa yhteiskunnassa lampaanliha on harvinainen herkku, jota nautitaan vain juhlahetkin\u00e4. Lampaanliha, -villa sek\u00e4 karitsat ovat arvokasta omaisuutta paimenille, mutta joskus villa n\u00e4hd\u00e4\u00e4n ainoastaan j\u00e4temateriaalina. SERA HELSINKI yhdist\u00e4\u00e4 vuoristoseutujen paimenperheet designmattotuotantoon, jolloin k\u00f6yh\u00e4t perheet saavat kaivattua ylim\u00e4\u00e4r\u00e4ist\u00e4 tuloa villalangasta.<\/span><\/p>\n\t\t<\/div>\n\t\t\t\t\t<\/div>\n\n\t\n<\/div>\n\t<div id=\"gap-1163007048\" class=\"gap-element clearfix\" style=\"display:block; height:auto;\">\n\t\t\n<style>\n#gap-1163007048 {\n  padding-top: 80px;\n}\n<\/style>\n\t<\/div>\n\t\n<h2 style=\"text-align: center;\">Tutustu paimeniimme<\/h2>\n\t<div id=\"gap-1297509494\" class=\"gap-element clearfix\" style=\"display:block; height:auto;\">\n\t\t\n<style>\n#gap-1297509494 {\n  padding-top: 30px;\n}\n<\/style>\n\t<\/div>\n\t\n<div class=\"row row-large row-full-width\"  id=\"row-1107312644\">\n\n\t<div id=\"col-940055290\" class=\"col medium-2 small-6 large-2\"  >\n\t\t\t\t<div class=\"col-inner\"  >\n\t\t\t\n\t\t\t\n\t<div class=\"img has-hover x md-x lg-x y md-y lg-y\" id=\"image_1528092256\">\n\t\t\t\t\t\t\t\t<div class=\"img-inner dark\" >\n\t\t\t<img loading=\"lazy\" decoding=\"async\" width=\"300\" height=\"450\" src=\"https:\/\/serahelsinki.com\/wp-content\/uploads\/2020\/09\/dd8b5a92-7f9b-4c06-99fd-b5aab942d2dc-300x450.jpg\" class=\"attachment-thumbnail size-thumbnail\" alt=\"\" \/>\t\t\t\t\t\t\n\t\t\t\t\t<\/div>\n\t\t\t\t\t\t\t\t\n<style>\n#image_1528092256 {\n  width: 100%;\n}\n<\/style>\n\t<\/div>\n\t\n\t\t<\/div>\n\t\t\t\t\t<\/div>\n\n\t\n\n\t<div id=\"col-1875755490\" class=\"col medium-2 small-6 large-2\"  >\n\t\t\t\t<div class=\"col-inner\"  >\n\t\t\t\n\t\t\t\n\t<div class=\"img has-hover x md-x lg-x y md-y lg-y\" id=\"image_1530783687\">\n\t\t\t\t\t\t\t\t<div class=\"img-inner dark\" >\n\t\t\t<img loading=\"lazy\" decoding=\"async\" width=\"392\" height=\"592\" src=\"https:\/\/serahelsinki.com\/wp-content\/uploads\/2020\/05\/tan-portrait.jpg\" class=\"attachment-original size-original\" alt=\"\" srcset=\"https:\/\/serahelsinki.com\/wp-content\/uploads\/2020\/05\/tan-portrait.jpg 392w, https:\/\/serahelsinki.com\/wp-content\/uploads\/2020\/05\/tan-portrait-100x150.jpg 100w, https:\/\/serahelsinki.com\/wp-content\/uploads\/2020\/05\/tan-portrait-199x300.jpg 199w\" sizes=\"auto, (max-width: 392px) 100vw, 392px\" \/>\t\t\t\t\t\t\n\t\t\t\t\t<\/div>\n\t\t\t\t\t\t\t\t\n<style>\n#image_1530783687 {\n  width: 100%;\n}\n<\/style>\n\t<\/div>\n\t\n\t\t<\/div>\n\t\t\t\t\t<\/div>\n\n\t\n\n\t<div id=\"col-1789583508\" class=\"col medium-2 small-6 large-2\"  >\n\t\t\t\t<div class=\"col-inner\"  >\n\t\t\t\n\t\t\t\n\t<div class=\"img has-hover x md-x lg-x y md-y lg-y\" id=\"image_1930219608\">\n\t\t\t\t\t\t\t\t<div class=\"img-inner dark\" >\n\t\t\t<img loading=\"lazy\" decoding=\"async\" width=\"300\" height=\"450\" src=\"https:\/\/serahelsinki.com\/wp-content\/uploads\/2020\/09\/54585af9-80e6-421e-a542-adc119abb791-300x450.jpg\" class=\"attachment-thumbnail size-thumbnail\" alt=\"\" \/>\t\t\t\t\t\t\n\t\t\t\t\t<\/div>\n\t\t\t\t\t\t\t\t\n<style>\n#image_1930219608 {\n  width: 100%;\n}\n<\/style>\n\t<\/div>\n\t\n\t\t<\/div>\n\t\t\t\t\t<\/div>\n\n\t\n\n\t<div id=\"col-1873738923\" class=\"col medium-2 small-6 large-2\"  >\n\t\t\t\t<div class=\"col-inner\"  >\n\t\t\t\n\t\t\t\n\t<div class=\"img has-hover x md-x lg-x y md-y lg-y\" id=\"image_386823188\">\n\t\t\t\t\t\t\t\t<div class=\"img-inner dark\" >\n\t\t\t<img loading=\"lazy\" decoding=\"async\" width=\"300\" height=\"450\" src=\"https:\/\/serahelsinki.com\/wp-content\/uploads\/2020\/09\/817f9cc8-1af8-4f41-a05f-5b8b070bff69-300x450.jpg\" class=\"attachment-thumbnail size-thumbnail\" alt=\"\" \/>\t\t\t\t\t\t\n\t\t\t\t\t<\/div>\n\t\t\t\t\t\t\t\t\n<style>\n#image_386823188 {\n  width: 100%;\n}\n<\/style>\n\t<\/div>\n\t\n\t\t<\/div>\n\t\t\t\t\t<\/div>\n\n\t\n\n\t<div id=\"col-742483002\" class=\"col medium-2 small-6 large-2\"  >\n\t\t\t\t<div class=\"col-inner\"  >\n\t\t\t\n\t\t\t\n\t<div class=\"img has-hover x md-x lg-x y md-y lg-y\" id=\"image_1070620761\">\n\t\t\t\t\t\t\t\t<div class=\"img-inner dark\" >\n\t\t\t<img loading=\"lazy\" decoding=\"async\" width=\"392\" height=\"592\" src=\"https:\/\/serahelsinki.com\/wp-content\/uploads\/2020\/05\/tan-portrait.jpg\" class=\"attachment-original size-original\" alt=\"\" srcset=\"https:\/\/serahelsinki.com\/wp-content\/uploads\/2020\/05\/tan-portrait.jpg 392w, https:\/\/serahelsinki.com\/wp-content\/uploads\/2020\/05\/tan-portrait-100x150.jpg 100w, https:\/\/serahelsinki.com\/wp-content\/uploads\/2020\/05\/tan-portrait-199x300.jpg 199w\" sizes=\"auto, (max-width: 392px) 100vw, 392px\" \/>\t\t\t\t\t\t\n\t\t\t\t\t<\/div>\n\t\t\t\t\t\t\t\t\n<style>\n#image_1070620761 {\n  width: 100%;\n}\n<\/style>\n\t<\/div>\n\t\n\t\t<\/div>\n\t\t\t\t\t<\/div>\n\n\t\n\n\t<div id=\"col-1862038468\" class=\"col medium-2 small-6 large-2\"  >\n\t\t\t\t<div class=\"col-inner\"  >\n\t\t\t\n\t\t\t\n\t<div class=\"img has-hover x md-x lg-x y md-y lg-y\" id=\"image_1471954855\">\n\t\t\t\t\t\t\t\t<div class=\"img-inner dark\" >\n\t\t\t<img loading=\"lazy\" decoding=\"async\" width=\"392\" height=\"592\" src=\"https:\/\/serahelsinki.com\/wp-content\/uploads\/2020\/05\/tan-portrait.jpg\" class=\"attachment-original size-original\" alt=\"\" srcset=\"https:\/\/serahelsinki.com\/wp-content\/uploads\/2020\/05\/tan-portrait.jpg 392w, https:\/\/serahelsinki.com\/wp-content\/uploads\/2020\/05\/tan-portrait-100x150.jpg 100w, https:\/\/serahelsinki.com\/wp-content\/uploads\/2020\/05\/tan-portrait-199x300.jpg 199w\" sizes=\"auto, (max-width: 392px) 100vw, 392px\" \/>\t\t\t\t\t\t\n\t\t\t\t\t<\/div>\n\t\t\t\t\t\t\t\t\n<style>\n#image_1471954855 {\n  width: 100%;\n}\n<\/style>\n\t<\/div>\n\t\n\t\t<\/div>\n\t\t\t\t\t<\/div>\n\n\t\n<\/div>\n","protected":false},"excerpt":{"rendered":"<p>Tutustu paimeniimme<\/p>\n","protected":false},"author":3,"featured_media":0,"parent":0,"menu_order":0,"comment_status":"closed","ping_status":"closed","template":"","meta":{"footnotes":""},"class_list":["post-3298","page","type-page","status-publish","hentry"],"_links":{"self":[{"href":"https:\/\/serahelsinki.com\/fi\/wp-json\/wp\/v2\/pages\/3298","targetHints":{"allow":["GET"]}}],"collection":[{"href":"https:\/\/serahelsinki.com\/fi\/wp-json\/wp\/v2\/pages"}],"about":[{"href":"https:\/\/serahelsinki.com\/fi\/wp-json\/wp\/v2\/types\/page"}],"author":[{"embeddable":true,"href":"https:\/\/serahelsinki.com\/fi\/wp-json\/wp\/v2\/users\/3"}],"replies":[{"embeddable":true,"href":"https:\/\/serahelsinki.com\/fi\/wp-json\/wp\/v2\/comments?post=3298"}],"version-history":[{"count":4,"href":"https:\/\/serahelsinki.com\/fi\/wp-json\/wp\/v2\/pages\/3298\/revisions"}],"predecessor-version":[{"id":3373,"href":"https:\/\/serahelsinki.com\/fi\/wp-json\/wp\/v2\/pages\/3298\/revisions\/3373"}],"wp:attachment":[{"href":"https:\/\/serahelsinki.com\/fi\/wp-json\/wp\/v2\/media?parent=3298"}],"curies":[{"name":"wp","href":"https:\/\/api.w.org\/{rel}","templated":true}]}}