{"id":3302,"date":"2022-06-04T20:02:03","date_gmt":"2022-06-04T17:02:03","guid":{"rendered":"https:\/\/serahelsinki.com\/?page_id=3302"},"modified":"2023-01-24T13:13:06","modified_gmt":"2023-01-24T11:13:06","slug":"ydintiimi","status":"publish","type":"page","link":"https:\/\/serahelsinki.com\/fi\/ydintiimi\/","title":{"rendered":"Ydintiimi"},"content":{"rendered":"<div class=\"row row-large row-full-width align-equal\"  id=\"row-1117391607\">\n\n\t<div id=\"col-765013127\" class=\"col small-12 large-12\"  >\n\t\t\t\t<div class=\"col-inner\"  >\n\t\t\t\n\t\t\t\n\t<div id=\"gap-850317547\" class=\"gap-element clearfix\" style=\"display:block; height:auto;\">\n\t\t\n<style>\n#gap-850317547 {\n  padding-top: 20px;\n}\n<\/style>\n\t<\/div>\n\t\n<h2 style=\"text-align: center;\"><span style=\"font-size: 150%;\">Sisukas ydintiimimme<\/span><\/h2>\n\t<div id=\"gap-711011227\" class=\"gap-element clearfix\" style=\"display:block; height:auto;\">\n\t\t\n<style>\n#gap-711011227 {\n  padding-top: 30px;\n}\n<\/style>\n\t<\/div>\n\t\n<h2 style=\"text-align: center;\"><span style=\"font-weight: 400;\">Suomalais-etiopialaisen tiimimme asiantuntevan ja periksiantamattoman asenteen ansiosta voimme innostaa vammaisia naisia toimimaan. Ty\u00f6llist\u00e4mme t\u00e4ll\u00e4 hetkell\u00e4 yli 500 ihmist\u00e4 Etiopiassa.<\/span><\/h2>\n<h2><\/h2>\n\t\t<\/div>\n\t\t\t\t\t<\/div>\n\n\t\n<\/div>\n<div class=\"row row-large row-full-width align-equal\"  id=\"row-970146113\">\n\n\t<div id=\"col-1089821116\" class=\"col medium-6 small-12 large-6\"  >\n\t\t\t\t<div class=\"col-inner\"  >\n\t\t\t\n\t\t\t\n\t<div class=\"img has-hover x md-x lg-x y md-y lg-y\" id=\"image_1353014012\">\n\t\t<a class=\"image-lightbox lightbox-gallery\" title=\"\" href=\"https:\/\/serahelsinki.com\/wp-content\/uploads\/2021\/02\/Screenshot-2021-02-12-at-9.30.18-1-855x1024.png\">\t\t\t\t\t\t<div class=\"img-inner dark\" >\n\t\t\t<img loading=\"lazy\" decoding=\"async\" width=\"948\" height=\"1136\" src=\"https:\/\/serahelsinki.com\/wp-content\/uploads\/2021\/02\/Screenshot-2021-02-12-at-9.30.18-1.png\" class=\"attachment-original size-original\" alt=\"\" srcset=\"https:\/\/serahelsinki.com\/wp-content\/uploads\/2021\/02\/Screenshot-2021-02-12-at-9.30.18-1.png 948w, https:\/\/serahelsinki.com\/wp-content\/uploads\/2021\/02\/Screenshot-2021-02-12-at-9.30.18-1-250x300.png 250w, https:\/\/serahelsinki.com\/wp-content\/uploads\/2021\/02\/Screenshot-2021-02-12-at-9.30.18-1-855x1024.png 855w, https:\/\/serahelsinki.com\/wp-content\/uploads\/2021\/02\/Screenshot-2021-02-12-at-9.30.18-1-768x920.png 768w, https:\/\/serahelsinki.com\/wp-content\/uploads\/2021\/02\/Screenshot-2021-02-12-at-9.30.18-1-100x120.png 100w\" sizes=\"auto, (max-width: 948px) 100vw, 948px\" \/>\t\t\t\t\t\t\n\t\t\t\t\t<\/div>\n\t\t\t\t\t\t<\/a>\t\t\n<style>\n#image_1353014012 {\n  width: 100%;\n}\n<\/style>\n\t<\/div>\n\t\n\t\t<\/div>\n\t\t\t\t\t<\/div>\n\n\t\n\n\t<div id=\"col-770806782\" class=\"col medium-6 small-12 large-6\"  >\n\t\t\t\t<div class=\"col-inner\"  >\n\t\t\t\n\t\t\t\n<div class=\"is-divider divider clearfix\" style=\"margin-top:0em;margin-bottom:0em;max-width:100%;height:1px;background-color:rgb(0, 0, 0);\"><\/div>\n\t<div id=\"gap-1069864741\" class=\"gap-element clearfix\" style=\"display:block; height:auto;\">\n\t\t\n<style>\n#gap-1069864741 {\n  padding-top: 20px;\n}\n<\/style>\n\t<\/div>\n\t\n<h3><span style=\"font-size: 150%;\">Anna Suoheimo<\/span><\/h3>\n\t<div id=\"gap-874717230\" class=\"gap-element clearfix\" style=\"display:block; height:auto;\">\n\t\t\n<style>\n#gap-874717230 {\n  padding-top: 60px;\n}\n<\/style>\n\t<\/div>\n\t\n<p><span style=\"font-weight: 400;\">SERA HELSINGIN toimitusjohtaja ja perustaja Anna asui Etiopiassa viisi vuotta. Anna ja h\u00e4nen lapsensa rakastuivat maahan ja sen l\u00e4mpimiin ihmisiin. Tuolloin Annalla oli paikallisten k\u00e4sity\u00f6l\u00e4isten valmistamat mittatilausmatot Etiopian kodissaan. Alusta asti Anna tiesi haluavansa luoda malliston, joka antaa my\u00f6s takaisin h\u00e4nen suuresti rakastamalleen maalle.<\/span><\/p>\n<a href=\"https:\/\/serahelsinki.com\/fi\/tarinamme\/\" class=\"button primary is-link is-small\" >\n\t\t<span>lue lis\u00e4\u00e4 sera helsingin tarinasta<\/span>\n\t<i class=\"icon-angle-right\" aria-hidden=\"true\"><\/i><\/a>\n\n\t\t<\/div>\n\t\t\t\t\t<\/div>\n\n\t\n<\/div>\n<div class=\"row row-large row-full-width align-equal hide-for-small\"  id=\"row-1745684615\">\n\n\t<div id=\"col-1683116613\" class=\"col medium-6 small-12 large-6\"  >\n\t\t\t\t<div class=\"col-inner\"  >\n\t\t\t\n\t\t\t\n<div class=\"is-divider divider clearfix\" style=\"margin-top:0em;margin-bottom:0em;max-width:100%;height:1px;background-color:rgb(0, 0, 0);\"><\/div>\n\t<div id=\"gap-769048432\" class=\"gap-element clearfix\" style=\"display:block; height:auto;\">\n\t\t\n<style>\n#gap-769048432 {\n  padding-top: 20px;\n}\n<\/style>\n\t<\/div>\n\t\n<h1>Gosa Zeleken<\/h1>\n\t<div id=\"gap-1729204686\" class=\"gap-element clearfix\" style=\"display:block; height:auto;\">\n\t\t\n<style>\n#gap-1729204686 {\n  padding-top: 60px;\n}\n<\/style>\n\t<\/div>\n\t\n<p><span style=\"font-weight: 400;\">Gosa on ratkaiseva osa SERA HELSINGIN paikallista Etiopian tiimi\u00e4. H\u00e4n on luonut useita k\u00e4yt\u00e4nn\u00f6n prosesseja, jotka tukevat vammaisten naisten toimeentuloa. Lis\u00e4ksi Gosa on perustanut Etiopiassa ruohonjuuritasolla toimivan EPDEA-j\u00e4rjest\u00f6n (Empower Persons with Disabled Ethiopia Association).<\/span><\/p>\n<a href=\"https:\/\/serahelsinki.com\/fi\/kumppanuudet\/\" class=\"button primary is-link is-small\" >\n\t\t<span>Lue lis\u00e4\u00e4 yhteisty\u00f6st\u00e4mme kansalaisj\u00e4rjest\u00f6jen kanssa<\/span>\n\t<i class=\"icon-angle-right\" aria-hidden=\"true\"><\/i><\/a>\n\n\t\t<\/div>\n\t\t\t\t\t<\/div>\n\n\t\n\n\t<div id=\"col-1990656440\" class=\"col medium-6 small-12 large-6\"  >\n\t\t\t\t<div class=\"col-inner\"  >\n\t\t\t\n\t\t\t\n\t<div class=\"img has-hover x md-x lg-x y md-y lg-y\" id=\"image_548550028\">\n\t\t<a class=\"image-lightbox lightbox-gallery\" title=\"\" href=\"https:\/\/serahelsinki.com\/wp-content\/uploads\/2021\/02\/4cb112a4-18b3-484f-a0b3-de99cbb854d9-683x1024.jpg\">\t\t\t\t\t\t<div class=\"img-inner dark\" >\n\t\t\t<img loading=\"lazy\" decoding=\"async\" width=\"720\" height=\"1080\" src=\"https:\/\/serahelsinki.com\/wp-content\/uploads\/2021\/02\/4cb112a4-18b3-484f-a0b3-de99cbb854d9.jpg\" class=\"attachment-original size-original\" alt=\"\" srcset=\"https:\/\/serahelsinki.com\/wp-content\/uploads\/2021\/02\/4cb112a4-18b3-484f-a0b3-de99cbb854d9.jpg 720w, https:\/\/serahelsinki.com\/wp-content\/uploads\/2021\/02\/4cb112a4-18b3-484f-a0b3-de99cbb854d9-200x300.jpg 200w, https:\/\/serahelsinki.com\/wp-content\/uploads\/2021\/02\/4cb112a4-18b3-484f-a0b3-de99cbb854d9-683x1024.jpg 683w, https:\/\/serahelsinki.com\/wp-content\/uploads\/2021\/02\/4cb112a4-18b3-484f-a0b3-de99cbb854d9-300x450.jpg 300w, https:\/\/serahelsinki.com\/wp-content\/uploads\/2021\/02\/4cb112a4-18b3-484f-a0b3-de99cbb854d9-100x150.jpg 100w\" sizes=\"auto, (max-width: 720px) 100vw, 720px\" \/>\t\t\t\t\t\t\n\t\t\t\t\t<\/div>\n\t\t\t\t\t\t<\/a>\t\t\n<style>\n#image_548550028 {\n  width: 100%;\n}\n<\/style>\n\t<\/div>\n\t\n\t\t<\/div>\n\t\t\t\t\t<\/div>\n\n\t\n<\/div>\n<div class=\"row row-large row-full-width align-equal show-for-small\"  id=\"row-677331498\">\n\n\t<div id=\"col-992243114\" class=\"col medium-6 small-12 large-6\"  >\n\t\t\t\t<div class=\"col-inner\"  >\n\t\t\t\n\t\t\t\n\t<div class=\"img has-hover x md-x lg-x y md-y lg-y\" id=\"image_1527548073\">\n\t\t<a class=\"image-lightbox lightbox-gallery\" title=\"\" href=\"https:\/\/serahelsinki.com\/wp-content\/uploads\/2021\/02\/4cb112a4-18b3-484f-a0b3-de99cbb854d9-683x1024.jpg\">\t\t\t\t\t\t<div class=\"img-inner dark\" >\n\t\t\t<img loading=\"lazy\" decoding=\"async\" width=\"720\" height=\"1080\" src=\"https:\/\/serahelsinki.com\/wp-content\/uploads\/2021\/02\/4cb112a4-18b3-484f-a0b3-de99cbb854d9.jpg\" class=\"attachment-original size-original\" alt=\"\" srcset=\"https:\/\/serahelsinki.com\/wp-content\/uploads\/2021\/02\/4cb112a4-18b3-484f-a0b3-de99cbb854d9.jpg 720w, https:\/\/serahelsinki.com\/wp-content\/uploads\/2021\/02\/4cb112a4-18b3-484f-a0b3-de99cbb854d9-200x300.jpg 200w, https:\/\/serahelsinki.com\/wp-content\/uploads\/2021\/02\/4cb112a4-18b3-484f-a0b3-de99cbb854d9-683x1024.jpg 683w, https:\/\/serahelsinki.com\/wp-content\/uploads\/2021\/02\/4cb112a4-18b3-484f-a0b3-de99cbb854d9-300x450.jpg 300w, https:\/\/serahelsinki.com\/wp-content\/uploads\/2021\/02\/4cb112a4-18b3-484f-a0b3-de99cbb854d9-100x150.jpg 100w\" sizes=\"auto, (max-width: 720px) 100vw, 720px\" \/>\t\t\t\t\t\t\n\t\t\t\t\t<\/div>\n\t\t\t\t\t\t<\/a>\t\t\n<style>\n#image_1527548073 {\n  width: 100%;\n}\n<\/style>\n\t<\/div>\n\t\n\t\t<\/div>\n\t\t\t\t\t<\/div>\n\n\t\n\n\t<div id=\"col-692855532\" class=\"col medium-6 small-12 large-6\"  >\n\t\t\t\t<div class=\"col-inner\"  >\n\t\t\t\n\t\t\t\n<div class=\"is-divider divider clearfix\" style=\"margin-top:0em;margin-bottom:0em;max-width:100%;height:1px;background-color:rgb(0, 0, 0);\"><\/div>\n\t<div id=\"gap-1147027201\" class=\"gap-element clearfix\" style=\"display:block; height:auto;\">\n\t\t\n<style>\n#gap-1147027201 {\n  padding-top: 20px;\n}\n<\/style>\n\t<\/div>\n\t\n<h1>Gosa Zeleken<\/h1>\n\t<div id=\"gap-1992220418\" class=\"gap-element clearfix\" style=\"display:block; height:auto;\">\n\t\t\n<style>\n#gap-1992220418 {\n  padding-top: 60px;\n}\n<\/style>\n\t<\/div>\n\t\n<p><span style=\"font-weight: 400;\">Gosa is an integral part of Sera&#8217;s processes that support women with disabilities to generate income in Ethiopia. He founded Empower Persons with Disabilities Ethiopia Association (EPDEA), an organization that operates on grassroots level in Ethiopia.\u00a0<\/span><\/p>\n<a href=\"https:\/\/serahelsinki.com\/our-impact\/\" class=\"button primary is-link is-small\" >\n\t\t<span>Learn more about our partnerships with NGOs<\/span>\n\t<i class=\"icon-angle-right\" aria-hidden=\"true\"><\/i><\/a>\n\n\t\t<\/div>\n\t\t\t\t\t<\/div>\n\n\t\n<\/div>\n<div class=\"row row-large row-full-width align-equal\"  id=\"row-1448998912\">\n\n\t<div id=\"col-2114762464\" class=\"col medium-6 small-12 large-6\"  >\n\t\t\t\t<div class=\"col-inner\"  >\n\t\t\t\n\t\t\t\n\t<div class=\"img has-hover x md-x lg-x y md-y lg-y\" id=\"image_144397241\">\n\t\t<a class=\"image-lightbox lightbox-gallery\" title=\"\" href=\"https:\/\/serahelsinki.com\/wp-content\/uploads\/2021\/02\/a6f10a34-b0b3-4561-8654-217d780c35a2-2.jpg\">\t\t\t\t\t\t<div class=\"img-inner dark\" >\n\t\t\t<img loading=\"lazy\" decoding=\"async\" width=\"739\" height=\"913\" src=\"https:\/\/serahelsinki.com\/wp-content\/uploads\/2021\/02\/a6f10a34-b0b3-4561-8654-217d780c35a2-2.jpg\" class=\"attachment-original size-original\" alt=\"\" srcset=\"https:\/\/serahelsinki.com\/wp-content\/uploads\/2021\/02\/a6f10a34-b0b3-4561-8654-217d780c35a2-2.jpg 739w, https:\/\/serahelsinki.com\/wp-content\/uploads\/2021\/02\/a6f10a34-b0b3-4561-8654-217d780c35a2-2-243x300.jpg 243w, https:\/\/serahelsinki.com\/wp-content\/uploads\/2021\/02\/a6f10a34-b0b3-4561-8654-217d780c35a2-2-100x124.jpg 100w\" sizes=\"auto, (max-width: 739px) 100vw, 739px\" \/>\t\t\t\t\t\t\n\t\t\t\t\t<\/div>\n\t\t\t\t\t\t<\/a>\t\t\n<style>\n#image_144397241 {\n  width: 100%;\n}\n<\/style>\n\t<\/div>\n\t\n\t\t<\/div>\n\t\t\t\t\t<\/div>\n\n\t\n\n\t<div id=\"col-626535210\" class=\"col medium-6 small-12 large-6 small-col-first\"  >\n\t\t\t\t<div class=\"col-inner\"  >\n\t\t\t\n\t\t\t\n<div class=\"is-divider divider clearfix\" style=\"margin-top:0em;margin-bottom:0em;max-width:100%;height:1px;background-color:rgb(0, 0, 0);\"><\/div>\n\t<div id=\"gap-1599279453\" class=\"gap-element clearfix\" style=\"display:block; height:auto;\">\n\t\t\n<style>\n#gap-1599279453 {\n  padding-top: 20px;\n}\n<\/style>\n\t<\/div>\n\t\n<h2>Hanna K\u00e4hk\u00f6nen<\/h2>\n\t<div id=\"gap-2020269520\" class=\"gap-element clearfix\" style=\"display:block; height:auto;\">\n\t\t\n<style>\n#gap-2020269520 {\n  padding-top: 60px;\n}\n<\/style>\n\t<\/div>\n\t\n<p><span style=\"font-weight: 400;\">Hanna ty\u00f6skentelee Abilis-s\u00e4\u00e4ti\u00f6n ohjelmakoordinaattorina. SERA HELSINKI ja Abilis aloittivat kumppanuuden vuonna 2016. Yhdess\u00e4 ne ovat luoneet verkoston etiopialaisista kansalaisj\u00e4rjest\u00f6ist\u00e4, jotka ovat t\u00e4rke\u00e4 osa SERA HELSINGIN toimintaa. Hannan ty\u00f6nkuvaan kuuluu Etiopiassa toteutettujen projektien varmistaminen ja edist\u00e4minen.<\/span><\/p>\n<a href=\"https:\/\/www.abilis.fi\/en\/\" class=\"button primary is-link is-small\" target=\"_blank\" rel=\"noopener\">\n\t\t<span>Lue lis\u00e4\u00e4 Abilis-s\u00e4\u00e4ti\u00f6st\u00e4<\/span>\n\t<i class=\"icon-angle-right\" aria-hidden=\"true\"><\/i><\/a>\n\n\t\t<\/div>\n\t\t\t\t\t<\/div>\n\n\t\n<\/div>\n<div class=\"row row-large row-full-width align-equal\"  id=\"row-384561267\">\n\n\t<div id=\"col-796059004\" class=\"col medium-6 small-12 large-6\"  >\n\t\t\t\t<div class=\"col-inner\"  >\n\t\t\t\n\t\t\t\n<div class=\"is-divider divider clearfix\" style=\"margin-top:0em;margin-bottom:0em;max-width:100%;height:1px;background-color:rgb(0, 0, 0);\"><\/div>\n\t<div id=\"gap-1296440342\" class=\"gap-element clearfix\" style=\"display:block; height:auto;\">\n\t\t\n<style>\n#gap-1296440342 {\n  padding-top: 20px;\n}\n<\/style>\n\t<\/div>\n\t\n<h2>Abraham Hailemariam<\/h2>\n\t<div id=\"gap-1166129982\" class=\"gap-element clearfix\" style=\"display:block; height:auto;\">\n\t\t\n<style>\n#gap-1166129982 {\n  padding-top: 60px;\n}\n<\/style>\n\t<\/div>\n\t\n<p><span style=\"font-weight: 400;\">Abrahamilla on ollut alusta asti oleellinen rooli SERA HELSINGIN toiminnassa. Alussa Abraham toimi tulkkina ja auttoi Annaa luomaan yrityksen perustan. My\u00f6hemmin Abraham alkoi johtaa Etiopian toimintoja Addis Abebassa, nyky\u00e4\u00e4n h\u00e4n toimii keskeisen\u00e4 linkkin\u00e4 Etiopian ja Suomen v\u00e4lill\u00e4.<\/span><\/p>\n<a href=\"https:\/\/serahelsinki.com\/fi\/prosessimme\/\" class=\"button primary is-link is-small\">\n\t\t<span>lue lis\u00e4\u00e4 prosessistamme<\/span>\n\t<i class=\"icon-angle-right\" aria-hidden=\"true\"><\/i><\/a>\n\n\t\t<\/div>\n\t\t\t\t\t<\/div>\n\n\t\n\n\t<div id=\"col-1630246106\" class=\"col medium-6 small-12 large-6\"  >\n\t\t\t\t<div class=\"col-inner\"  >\n\t\t\t\n\t\t\t\n\t<div class=\"img has-hover x md-x lg-x y md-y lg-y\" id=\"image_1378901340\">\n\t\t<a class=\"image-lightbox lightbox-gallery\" title=\"\" href=\"https:\/\/serahelsinki.com\/wp-content\/uploads\/2021\/02\/f9d84032-6821-485a-b46d-46e1b9e47632-683x1024.jpg\">\t\t\t\t\t\t<div class=\"img-inner dark\" >\n\t\t\t<img loading=\"lazy\" decoding=\"async\" width=\"720\" height=\"1080\" src=\"https:\/\/serahelsinki.com\/wp-content\/uploads\/2021\/02\/f9d84032-6821-485a-b46d-46e1b9e47632.jpg\" class=\"attachment-original size-original\" alt=\"\" srcset=\"https:\/\/serahelsinki.com\/wp-content\/uploads\/2021\/02\/f9d84032-6821-485a-b46d-46e1b9e47632.jpg 720w, https:\/\/serahelsinki.com\/wp-content\/uploads\/2021\/02\/f9d84032-6821-485a-b46d-46e1b9e47632-200x300.jpg 200w, https:\/\/serahelsinki.com\/wp-content\/uploads\/2021\/02\/f9d84032-6821-485a-b46d-46e1b9e47632-683x1024.jpg 683w, https:\/\/serahelsinki.com\/wp-content\/uploads\/2021\/02\/f9d84032-6821-485a-b46d-46e1b9e47632-300x450.jpg 300w, https:\/\/serahelsinki.com\/wp-content\/uploads\/2021\/02\/f9d84032-6821-485a-b46d-46e1b9e47632-100x150.jpg 100w\" sizes=\"auto, (max-width: 720px) 100vw, 720px\" \/>\t\t\t\t\t\t\n\t\t\t\t\t<\/div>\n\t\t\t\t\t\t<\/a>\t\t\n<style>\n#image_1378901340 {\n  width: 100%;\n}\n<\/style>\n\t<\/div>\n\t\n\t\t<\/div>\n\t\t\t\t\t<\/div>\n\n\t\n<\/div>\n\t<div id=\"gap-856595214\" class=\"gap-element clearfix\" style=\"display:block; height:auto;\">\n\t\t\n<style>\n#gap-856595214 {\n  padding-top: 30px;\n}\n<\/style>\n\t<\/div>\n\t\n","protected":false},"excerpt":{"rendered":"","protected":false},"author":3,"featured_media":0,"parent":0,"menu_order":0,"comment_status":"closed","ping_status":"closed","template":"page-blank.php","meta":{"footnotes":""},"class_list":["post-3302","page","type-page","status-publish","hentry"],"_links":{"self":[{"href":"https:\/\/serahelsinki.com\/fi\/wp-json\/wp\/v2\/pages\/3302","targetHints":{"allow":["GET"]}}],"collection":[{"href":"https:\/\/serahelsinki.com\/fi\/wp-json\/wp\/v2\/pages"}],"about":[{"href":"https:\/\/serahelsinki.com\/fi\/wp-json\/wp\/v2\/types\/page"}],"author":[{"embeddable":true,"href":"https:\/\/serahelsinki.com\/fi\/wp-json\/wp\/v2\/users\/3"}],"replies":[{"embeddable":true,"href":"https:\/\/serahelsinki.com\/fi\/wp-json\/wp\/v2\/comments?post=3302"}],"version-history":[{"count":7,"href":"https:\/\/serahelsinki.com\/fi\/wp-json\/wp\/v2\/pages\/3302\/revisions"}],"predecessor-version":[{"id":3647,"href":"https:\/\/serahelsinki.com\/fi\/wp-json\/wp\/v2\/pages\/3302\/revisions\/3647"}],"wp:attachment":[{"href":"https:\/\/serahelsinki.com\/fi\/wp-json\/wp\/v2\/media?parent=3302"}],"curies":[{"name":"wp","href":"https:\/\/api.w.org\/{rel}","templated":true}]}}