{"id":3312,"date":"2022-06-04T20:34:02","date_gmt":"2022-06-04T17:34:02","guid":{"rendered":"https:\/\/serahelsinki.com\/?page_id=3312"},"modified":"2023-01-24T12:58:23","modified_gmt":"2023-01-24T10:58:23","slug":"etiopian-vuoristoniityilta-kodin-kaunistukseksi","status":"publish","type":"page","link":"https:\/\/serahelsinki.com\/fi\/etiopian-vuoristoniityilta-kodin-kaunistukseksi\/","title":{"rendered":"Etiopian vuoristoniityilt\u00e4 kotiin"},"content":{"rendered":"<div class=\"row row-large row-full-width align-equal\"  id=\"row-1885798231\">\n\n\t<div id=\"col-309426169\" class=\"col small-12 large-12\"  >\n\t\t\t\t<div class=\"col-inner text-center\"  >\n\t\t\t\n\t\t\t\n\t<div id=\"gap-595114919\" class=\"gap-element clearfix\" style=\"display:block; height:auto;\">\n\t\t\n<style>\n#gap-595114919 {\n  padding-top: 20px;\n}\n<\/style>\n\t<\/div>\n\t\n<h2 style=\"text-align: center;\"><span style=\"font-weight: 400;\">Etiopian vuoristoniityilt\u00e4 kodin kaunistukseksi<\/span><\/h2>\n\t<div id=\"gap-855326374\" class=\"gap-element clearfix\" style=\"display:block; height:auto;\">\n\t\t\n<style>\n#gap-855326374 {\n  padding-top: 30px;\n}\n<\/style>\n\t<\/div>\n\t\n<h3 style=\"text-align: center;\"><span style=\"font-weight: 400;\">SERA HELSINGIN tuotantoketju on alusta loppuun t\u00e4ysin l\u00e4pin\u00e4kyv\u00e4. Tunnemme k\u00e4ytt\u00e4m\u00e4mme puuvillan ja villan alkuper\u00e4n, sill\u00e4 seuraamme tarkasti koko tuotantoprosessia vuoristolampaiden paimentamisesta ja villalangan kehruusta aina maton kudontaan asti. L\u00e4pin\u00e4kyvyyden todistamiseksi tarjoamme asiakkaillemme videoita ja kuvia heid\u00e4n oman mattonsa valmistusprosessista.<\/span><\/h3>\n\t<div id=\"gap-61025174\" class=\"gap-element clearfix\" style=\"display:block; height:auto;\">\n\t\t\n<style>\n#gap-61025174 {\n  padding-top: 20px;\n}\n<\/style>\n\t<\/div>\n\t\n<a href=\"https:\/\/serahelsinki.com\/fi\/prosessimme\/\" class=\"button primary is-link\" >\n\t\t<span>lue lis\u00e4\u00e4 prosesseistamme<\/span>\n\t<i class=\"icon-angle-right\" aria-hidden=\"true\"><\/i><\/a>\n\n\t\t<\/div>\n\t\t\t\t\t<\/div>\n\n\t\n<\/div>\n<div class=\"row row-large row-full-width align-equal hide-for-small\"  id=\"row-1858476645\">\n\n\t<div id=\"col-1042866655\" class=\"col small-12 large-12\"  >\n\t\t\t\t<div class=\"col-inner\"  >\n\t\t\t\n\t\t\t\n\t<div id=\"gap-2010896177\" class=\"gap-element clearfix\" style=\"display:block; height:auto;\">\n\t\t\n<style>\n#gap-2010896177 {\n  padding-top: 20px;\n}\n<\/style>\n\t<\/div>\n\t\n\t<div id=\"gap-1136606090\" class=\"gap-element clearfix\" style=\"display:block; height:auto;\">\n\t\t\n<style>\n#gap-1136606090 {\n  padding-top: 30px;\n}\n<\/style>\n\t<\/div>\n\t\n\n\t<section class=\"section\" id=\"section_774262999\">\n\t\t<div class=\"section-bg fill\" >\n\t\t\t<img loading=\"lazy\" decoding=\"async\" width=\"2732\" height=\"1536\" src=\"https:\/\/serahelsinki.com\/wp-content\/uploads\/2021\/03\/journey-1.png\" class=\"bg attachment- size-\" alt=\"\" \/>\t\t\t\t\t\t\n\t\t\t\n\n\t\t<\/div>\n\n\t\t\n\n\t\t<div class=\"section-content relative\">\n\t\t\t\n\t\t<\/div>\n\n\t\t\n<style>\n#section_774262999 {\n  padding-top: 30px;\n  padding-bottom: 30px;\n  min-height: 800px;\n}\n<\/style>\n\t<\/section>\n\t\n\t<div id=\"gap-94599658\" class=\"gap-element clearfix\" style=\"display:block; height:auto;\">\n\t\t\n<style>\n#gap-94599658 {\n  padding-top: 60px;\n}\n<\/style>\n\t<\/div>\n\t\n\t\t<\/div>\n\t\t\t\t\t<\/div>\n\n\t\n<\/div>\n<div class=\"row row-large row-full-width align-equal show-for-small\"  id=\"row-1434737818\">\n\n\t<div id=\"col-2026916074\" class=\"col small-12 large-12\"  >\n\t\t\t\t<div class=\"col-inner\"  >\n\t\t\t\n\t\t\t\n\t<div class=\"img has-hover x md-x lg-x y md-y lg-y\" id=\"image_1190827051\">\n\t\t\t\t\t\t\t\t<div class=\"img-inner dark\" >\n\t\t\t<img loading=\"lazy\" decoding=\"async\" width=\"819\" height=\"1024\" src=\"https:\/\/serahelsinki.com\/wp-content\/uploads\/2021\/03\/Artboard-2@2x-819x1024.png\" class=\"attachment-large size-large\" alt=\"\" srcset=\"https:\/\/serahelsinki.com\/wp-content\/uploads\/2021\/03\/Artboard-2@2x-819x1024.png 819w, https:\/\/serahelsinki.com\/wp-content\/uploads\/2021\/03\/Artboard-2@2x-240x300.png 240w, https:\/\/serahelsinki.com\/wp-content\/uploads\/2021\/03\/Artboard-2@2x-768x960.png 768w, https:\/\/serahelsinki.com\/wp-content\/uploads\/2021\/03\/Artboard-2@2x-1229x1536.png 1229w, https:\/\/serahelsinki.com\/wp-content\/uploads\/2021\/03\/Artboard-2@2x-1638x2048.png 1638w, https:\/\/serahelsinki.com\/wp-content\/uploads\/2021\/03\/Artboard-2@2x-1000x1250.png 1000w, https:\/\/serahelsinki.com\/wp-content\/uploads\/2021\/03\/Artboard-2@2x-100x125.png 100w\" sizes=\"auto, (max-width: 819px) 100vw, 819px\" \/>\t\t\t\t\t\t\n\t\t\t\t\t<\/div>\n\t\t\t\t\t\t\t\t\n<style>\n#image_1190827051 {\n  width: 100%;\n}\n<\/style>\n\t<\/div>\n\t\n\t<div id=\"gap-980621626\" class=\"gap-element clearfix\" style=\"display:block; height:auto;\">\n\t\t\n<style>\n#gap-980621626 {\n  padding-top: 20px;\n}\n<\/style>\n\t<\/div>\n\t\n\t<div id=\"gap-620106958\" class=\"gap-element clearfix\" style=\"display:block; height:auto;\">\n\t\t\n<style>\n#gap-620106958 {\n  padding-top: 30px;\n}\n<\/style>\n\t<\/div>\n\t\n\t<div id=\"gap-1102615193\" class=\"gap-element clearfix\" style=\"display:block; height:auto;\">\n\t\t\n<style>\n#gap-1102615193 {\n  padding-top: 60px;\n}\n<\/style>\n\t<\/div>\n\t\n\t\t<\/div>\n\t\t\t\t\t<\/div>\n\n\t\n<\/div>\n<div class=\"row row-large row-full-width align-equal\"  id=\"row-1300499874\">\n\n\t<div id=\"col-1964736949\" class=\"col medium-6 small-12 large-6\"  >\n\t\t\t\t<div class=\"col-inner\"  >\n\t\t\t\n\t\t\t\n  <div class=\"banner-grid-wrapper\">\n  <div id=\"banner-grid-803945759\" class=\"banner-grid row row-grid row-full-width\" data-packery-options=\"\">\n                      \n<div class=\"col grid-col large-12 grid-col-1-2\" ><div class=\"col-inner\">\n\t<div class=\"img has-hover x md-x lg-x y md-y lg-y\" id=\"image_971978987\">\n\t\t<a class=\"image-lightbox lightbox-gallery\" title=\"\" href=\"https:\/\/serahelsinki.com\/wp-content\/uploads\/2021\/02\/Screenshot-2021-02-02-at-9.16.58-1024x528.png\">\t\t\t\t\t\t<div class=\"img-inner dark\" >\n\t\t\t<img loading=\"lazy\" decoding=\"async\" width=\"2460\" height=\"1268\" src=\"https:\/\/serahelsinki.com\/wp-content\/uploads\/2021\/02\/Screenshot-2021-02-02-at-9.16.58.png\" class=\"attachment-original size-original\" alt=\"\" srcset=\"https:\/\/serahelsinki.com\/wp-content\/uploads\/2021\/02\/Screenshot-2021-02-02-at-9.16.58.png 2460w, https:\/\/serahelsinki.com\/wp-content\/uploads\/2021\/02\/Screenshot-2021-02-02-at-9.16.58-300x155.png 300w, https:\/\/serahelsinki.com\/wp-content\/uploads\/2021\/02\/Screenshot-2021-02-02-at-9.16.58-1024x528.png 1024w, https:\/\/serahelsinki.com\/wp-content\/uploads\/2021\/02\/Screenshot-2021-02-02-at-9.16.58-768x396.png 768w, https:\/\/serahelsinki.com\/wp-content\/uploads\/2021\/02\/Screenshot-2021-02-02-at-9.16.58-1536x792.png 1536w, https:\/\/serahelsinki.com\/wp-content\/uploads\/2021\/02\/Screenshot-2021-02-02-at-9.16.58-2048x1056.png 2048w, https:\/\/serahelsinki.com\/wp-content\/uploads\/2021\/02\/Screenshot-2021-02-02-at-9.16.58-1000x515.png 1000w, https:\/\/serahelsinki.com\/wp-content\/uploads\/2021\/02\/Screenshot-2021-02-02-at-9.16.58-100x52.png 100w\" sizes=\"auto, (max-width: 2460px) 100vw, 2460px\" \/>\t\t\t\t\t\t\n\t\t\t\t\t<\/div>\n\t\t\t\t\t\t<\/a>\t\t\n<style>\n#image_971978987 {\n  width: 100%;\n}\n<\/style>\n\t<\/div>\n\t\n<\/div><\/div>\n<div class=\"col grid-col small-6 large-6 grid-col-1-2\" ><div class=\"col-inner\">\n\t<div class=\"img has-hover x md-x lg-x y md-y lg-y\" id=\"image_1637552225\">\n\t\t<a class=\"image-lightbox lightbox-gallery\" title=\"\" href=\"https:\/\/serahelsinki.com\/wp-content\/uploads\/2021\/03\/Higland_6_SERA_HELSINKI_BW-768x1024.jpg\">\t\t\t\t\t\t<div class=\"img-inner dark\" >\n\t\t\t<img loading=\"lazy\" decoding=\"async\" width=\"1920\" height=\"2560\" src=\"https:\/\/serahelsinki.com\/wp-content\/uploads\/2021\/03\/Higland_6_SERA_HELSINKI_BW-scaled.jpg\" class=\"attachment-original size-original\" alt=\"\" srcset=\"https:\/\/serahelsinki.com\/wp-content\/uploads\/2021\/03\/Higland_6_SERA_HELSINKI_BW-scaled.jpg 1920w, https:\/\/serahelsinki.com\/wp-content\/uploads\/2021\/03\/Higland_6_SERA_HELSINKI_BW-225x300.jpg 225w, https:\/\/serahelsinki.com\/wp-content\/uploads\/2021\/03\/Higland_6_SERA_HELSINKI_BW-768x1024.jpg 768w, https:\/\/serahelsinki.com\/wp-content\/uploads\/2021\/03\/Higland_6_SERA_HELSINKI_BW-1152x1536.jpg 1152w, https:\/\/serahelsinki.com\/wp-content\/uploads\/2021\/03\/Higland_6_SERA_HELSINKI_BW-1536x2048.jpg 1536w, https:\/\/serahelsinki.com\/wp-content\/uploads\/2021\/03\/Higland_6_SERA_HELSINKI_BW-500x667.jpg 500w, https:\/\/serahelsinki.com\/wp-content\/uploads\/2021\/03\/Higland_6_SERA_HELSINKI_BW-1000x1333.jpg 1000w, https:\/\/serahelsinki.com\/wp-content\/uploads\/2021\/03\/Higland_6_SERA_HELSINKI_BW-100x133.jpg 100w\" sizes=\"auto, (max-width: 1920px) 100vw, 1920px\" \/>\t\t\t\t\t\t\n\t\t\t\t\t<\/div>\n\t\t\t\t\t\t<\/a>\t\t\n<style>\n#image_1637552225 {\n  width: 100%;\n}\n<\/style>\n\t<\/div>\n\t\n<\/div><\/div>\n<div class=\"col grid-col small-6 large-6 grid-col-1-2\" ><div class=\"col-inner\">\n\t<div class=\"img has-hover x md-x lg-x y md-y lg-y\" id=\"image_778447452\">\n\t\t<a class=\"image-lightbox lightbox-gallery\" title=\"\" href=\"https:\/\/serahelsinki.com\/wp-content\/uploads\/2021\/01\/e0f20431-8d52-4018-93fd-09df9c72932a-768x1024.jpg\">\t\t\t\t\t\t<div class=\"img-inner dark\" >\n\t\t\t<img loading=\"lazy\" decoding=\"async\" width=\"1200\" height=\"1600\" src=\"https:\/\/serahelsinki.com\/wp-content\/uploads\/2021\/01\/e0f20431-8d52-4018-93fd-09df9c72932a.jpg\" class=\"attachment-original size-original\" alt=\"\" srcset=\"https:\/\/serahelsinki.com\/wp-content\/uploads\/2021\/01\/e0f20431-8d52-4018-93fd-09df9c72932a.jpg 1200w, https:\/\/serahelsinki.com\/wp-content\/uploads\/2021\/01\/e0f20431-8d52-4018-93fd-09df9c72932a-225x300.jpg 225w, https:\/\/serahelsinki.com\/wp-content\/uploads\/2021\/01\/e0f20431-8d52-4018-93fd-09df9c72932a-768x1024.jpg 768w, https:\/\/serahelsinki.com\/wp-content\/uploads\/2021\/01\/e0f20431-8d52-4018-93fd-09df9c72932a-1152x1536.jpg 1152w, https:\/\/serahelsinki.com\/wp-content\/uploads\/2021\/01\/e0f20431-8d52-4018-93fd-09df9c72932a-500x667.jpg 500w, https:\/\/serahelsinki.com\/wp-content\/uploads\/2021\/01\/e0f20431-8d52-4018-93fd-09df9c72932a-1000x1333.jpg 1000w, https:\/\/serahelsinki.com\/wp-content\/uploads\/2021\/01\/e0f20431-8d52-4018-93fd-09df9c72932a-100x133.jpg 100w\" sizes=\"auto, (max-width: 1200px) 100vw, 1200px\" \/>\t\t\t\t\t\t\n\t\t\t\t\t<\/div>\n\t\t\t\t\t\t<\/a>\t\t\n<style>\n#image_778447452 {\n  width: 100%;\n}\n<\/style>\n\t<\/div>\n\t\n<\/div><\/div>\n            <\/div>\n    <style>\n    #banner-grid-803945759 .grid-col-1{height: 600px}\n    #banner-grid-803945759 .grid-col-1-2{height: 300px}\n    #banner-grid-803945759 .grid-col-1-3{height:200px}\n    #banner-grid-803945759 .grid-col-2-3{height: 400px}\n    #banner-grid-803945759 .grid-col-1-4{height: 150px}\n    #banner-grid-803945759 .grid-col-3-4{height: 450px}\n\n\n    \n    \n\n  <\/style>\n    <\/div>\n  \n\t\t<\/div>\n\t\t\t\t\t<\/div>\n\n\t\n\n\t<div id=\"col-1906167128\" class=\"col medium-6 small-12 large-6\"  >\n\t\t\t\t<div class=\"col-inner\"  >\n\t\t\t\n\t\t\t\n<div class=\"is-divider divider clearfix\" style=\"margin-top:0em;margin-bottom:0em;max-width:100%;height:1px;background-color:rgb(0, 0, 0);\"><\/div>\n\t<div id=\"gap-2079541076\" class=\"gap-element clearfix\" style=\"display:block; height:auto;\">\n\t\t\n<style>\n#gap-2079541076 {\n  padding-top: 20px;\n}\n<\/style>\n\t<\/div>\n\t\n<h2><b>Osallisuus lis\u00e4\u00e4ntyy yhdess\u00e4 tekem\u00e4ll\u00e4\u00a0 <\/b><\/h2>\n\t<div id=\"gap-62813484\" class=\"gap-element clearfix\" style=\"display:block; height:auto;\">\n\t\t\n<style>\n#gap-62813484 {\n  padding-top: 30px;\n}\n<\/style>\n\t<\/div>\n\t\n<p><span style=\"font-weight: 400;\">Tavoitteenamme on edist\u00e4\u00e4 vammaisten ja naisten osallisuutta ty\u00f6llist\u00e4m\u00e4ll\u00e4, sill\u00e4 ty\u00f6nteko on vahvasti sidoksissa toimeentuloon ja merkitykselliseen el\u00e4m\u00e4\u00e4n.Tuemme vammaisia perustamaan mikroyrityksi\u00e4. Rahoituksen avulla artesaanit voivat hankkia lampaita, rukin, kangaspuut tai muita matonvalmistuksessa tarvittavia ty\u00f6kaluja. Artesaanit omistavat itse oman yrityksens\u00e4, ja SERA HELSINKI ostaa heid\u00e4n tuotteitaan ja yhdist\u00e4\u00e4 heid\u00e4t uusiin asiakkaisiin.<\/span><\/p>\n<a href=\"https:\/\/serahelsinki.com\/fi\/missiomme\/\" class=\"button primary is-link is-small\" >\n\t\t<span>lue lis\u00e4\u00e4 missiostamme<\/span>\n\t<i class=\"icon-angle-right\" aria-hidden=\"true\"><\/i><\/a>\n\n\t\t<\/div>\n\t\t\t\t\t<\/div>\n\n\t\n<\/div>\n<div class=\"row row-large row-full-width align-equal\"  id=\"row-342278786\">\n\n\t<div id=\"col-1019670638\" class=\"col medium-6 small-12 large-6\"  >\n\t\t\t\t<div class=\"col-inner\"  >\n\t\t\t\n\t\t\t\n<div class=\"is-divider divider clearfix\" style=\"margin-top:0em;margin-bottom:0em;max-width:100%;height:1px;background-color:rgb(0, 0, 0);\"><\/div>\n\t<div id=\"gap-672815527\" class=\"gap-element clearfix\" style=\"display:block; height:auto;\">\n\t\t\n<style>\n#gap-672815527 {\n  padding-top: 20px;\n}\n<\/style>\n\t<\/div>\n\t\n<h2><b>Erityisen eettiset mattomme<\/b><\/h2>\n\t<div id=\"gap-988884899\" class=\"gap-element clearfix\" style=\"display:block; height:auto;\">\n\t\t\n<style>\n#gap-988884899 {\n  padding-top: 30px;\n}\n<\/style>\n\t<\/div>\n\t\n<p><span style=\"font-weight: 400;\">Tavoitteenamme on edist\u00e4\u00e4 vammaisten ja naisten osallisuutta ty\u00f6llist\u00e4m\u00e4ll\u00e4 heit\u00e4 matonvalmistukseen, sill\u00e4 ty\u00f6nteko on vahvasti sidoksissa toimeentuloon ja merkitykselliseen el\u00e4m\u00e4\u00e4n. Yhdess\u00e4 j\u00e4rjest\u00f6jen kanssa opetamme artesaaneille taitoja ja oikeuksia, joiden avulla heist\u00e4 tulee aktiivisia yhteis\u00f6ns\u00e4 j\u00e4seni\u00e4.<\/span><\/p>\n<a href=\"https:\/\/serahelsinki.com\/fi\/shop-2\/\" class=\"button primary is-link is-small\" >\n\t\t<span>tutustu mattoihimme<\/span>\n\t<i class=\"icon-angle-right\" aria-hidden=\"true\"><\/i><\/a>\n\n\t\t<\/div>\n\t\t\t\t\t<\/div>\n\n\t\n\n\t<div id=\"col-1035109533\" class=\"col medium-6 small-12 large-6 small-col-first\"  >\n\t\t\t\t<div class=\"col-inner\"  >\n\t\t\t\n\t\t\t\n  <div class=\"banner-grid-wrapper\">\n  <div id=\"banner-grid-701430126\" class=\"banner-grid row row-grid row-full-width\" data-packery-options=\"\">\n                      \n<div class=\"col grid-col large-6 grid-col-1-2\" ><div class=\"col-inner\">\n\t<div class=\"img has-hover x md-x lg-x y md-y lg-y\" id=\"image_504178239\">\n\t\t<a class=\"image-lightbox lightbox-gallery\" title=\"\" href=\"https:\/\/serahelsinki.com\/wp-content\/uploads\/2021\/01\/ab098cc0-10bf-4b70-a5b7-add417baad1e.jpg\">\t\t\t\t\t\t<div class=\"img-inner dark\" >\n\t\t\t<img loading=\"lazy\" decoding=\"async\" width=\"1024\" height=\"768\" src=\"https:\/\/serahelsinki.com\/wp-content\/uploads\/2021\/01\/ab098cc0-10bf-4b70-a5b7-add417baad1e.jpg\" class=\"attachment-original size-original\" alt=\"\" srcset=\"https:\/\/serahelsinki.com\/wp-content\/uploads\/2021\/01\/ab098cc0-10bf-4b70-a5b7-add417baad1e.jpg 1024w, https:\/\/serahelsinki.com\/wp-content\/uploads\/2021\/01\/ab098cc0-10bf-4b70-a5b7-add417baad1e-300x225.jpg 300w, https:\/\/serahelsinki.com\/wp-content\/uploads\/2021\/01\/ab098cc0-10bf-4b70-a5b7-add417baad1e-768x576.jpg 768w, https:\/\/serahelsinki.com\/wp-content\/uploads\/2021\/01\/ab098cc0-10bf-4b70-a5b7-add417baad1e-1000x750.jpg 1000w, https:\/\/serahelsinki.com\/wp-content\/uploads\/2021\/01\/ab098cc0-10bf-4b70-a5b7-add417baad1e-100x75.jpg 100w\" sizes=\"auto, (max-width: 1024px) 100vw, 1024px\" \/>\t\t\t\t\t\t\n\t\t\t\t\t<\/div>\n\t\t\t\t\t\t<\/a>\t\t\n<style>\n#image_504178239 {\n  width: 100%;\n}\n<\/style>\n\t<\/div>\n\t\n<\/div><\/div>\n<div class=\"col grid-col large-6 grid-col-1-2\" ><div class=\"col-inner\">\n\t<div class=\"img has-hover x md-x lg-x y md-y lg-y\" id=\"image_1894190398\">\n\t\t<a class=\"image-lightbox lightbox-gallery\" title=\"\" href=\"https:\/\/serahelsinki.com\/wp-content\/uploads\/2021\/01\/e962f3e7-04f7-4840-bd3a-adeb569521a8-768x1024.jpg\">\t\t\t\t\t\t<div class=\"img-inner dark\" >\n\t\t\t<img loading=\"lazy\" decoding=\"async\" width=\"1200\" height=\"1600\" src=\"https:\/\/serahelsinki.com\/wp-content\/uploads\/2021\/01\/e962f3e7-04f7-4840-bd3a-adeb569521a8.jpg\" class=\"attachment-original size-original\" alt=\"\" srcset=\"https:\/\/serahelsinki.com\/wp-content\/uploads\/2021\/01\/e962f3e7-04f7-4840-bd3a-adeb569521a8.jpg 1200w, https:\/\/serahelsinki.com\/wp-content\/uploads\/2021\/01\/e962f3e7-04f7-4840-bd3a-adeb569521a8-225x300.jpg 225w, https:\/\/serahelsinki.com\/wp-content\/uploads\/2021\/01\/e962f3e7-04f7-4840-bd3a-adeb569521a8-768x1024.jpg 768w, https:\/\/serahelsinki.com\/wp-content\/uploads\/2021\/01\/e962f3e7-04f7-4840-bd3a-adeb569521a8-1152x1536.jpg 1152w, https:\/\/serahelsinki.com\/wp-content\/uploads\/2021\/01\/e962f3e7-04f7-4840-bd3a-adeb569521a8-500x667.jpg 500w, https:\/\/serahelsinki.com\/wp-content\/uploads\/2021\/01\/e962f3e7-04f7-4840-bd3a-adeb569521a8-1000x1333.jpg 1000w, https:\/\/serahelsinki.com\/wp-content\/uploads\/2021\/01\/e962f3e7-04f7-4840-bd3a-adeb569521a8-100x133.jpg 100w\" sizes=\"auto, (max-width: 1200px) 100vw, 1200px\" \/>\t\t\t\t\t\t\n\t\t\t\t\t<\/div>\n\t\t\t\t\t\t<\/a>\t\t\n<style>\n#image_1894190398 {\n  width: 100%;\n}\n<\/style>\n\t<\/div>\n\t\n<\/div><\/div>\n<div class=\"col grid-col large-6 grid-col-1-2\" ><div class=\"col-inner\">\n\n  <div class=\"banner has-hover\" id=\"banner-2130745868\">\n          <div class=\"banner-inner fill\">\n        <div class=\"banner-bg fill\" >\n            <img loading=\"lazy\" decoding=\"async\" width=\"768\" height=\"1024\" src=\"https:\/\/serahelsinki.com\/wp-content\/uploads\/2020\/09\/IMG_3961-768x1024.jpg\" class=\"bg attachment-large size-large\" alt=\"\" \/>                                    \n                    <\/div>\n\t\t\n        <div class=\"banner-layers container\">\n            <div class=\"fill banner-link\"><\/div>            \n   <div id=\"text-box-1843876089\" class=\"text-box banner-layer x50 md-x50 lg-x50 y95 md-y95 lg-y95 res-text\">\n                                <div class=\"text-box-content text \">\n              \n              <div class=\"text-inner text-center\">\n                  \n              <\/div>\n           <\/div>\n                            \n<style>\n#text-box-1843876089 {\n  width: 80%;\n}\n#text-box-1843876089 .text-box-content {\n  font-size: 100%;\n}\n<\/style>\n    <\/div>\n \n        <\/div>\n      <\/div>\n\n            \n<style>\n#banner-2130745868 {\n  padding-top: 400px;\n  background-color: rgb(243, 240, 236);\n}\n<\/style>\n  <\/div>\n\n\n<\/div><\/div>\n<div class=\"col grid-col large-6 grid-col-1-2\" ><div class=\"col-inner\">\n\n  <div class=\"banner has-hover\" id=\"banner-1858137914\">\n          <div class=\"banner-inner fill\">\n        <div class=\"banner-bg fill\" >\n            <img loading=\"lazy\" decoding=\"async\" width=\"811\" height=\"1024\" src=\"https:\/\/serahelsinki.com\/wp-content\/uploads\/2021\/03\/Planning_SERA_HELSINKI_BW-811x1024.jpg\" class=\"bg attachment-large size-large\" alt=\"\" \/>                                    \n                    <\/div>\n\t\t\n        <div class=\"banner-layers container\">\n            <div class=\"fill banner-link\"><\/div>            \n   <div id=\"text-box-1064401420\" class=\"text-box banner-layer x50 md-x50 lg-x50 y95 md-y95 lg-y95 res-text\">\n                                <div class=\"text-box-content text \">\n              \n              <div class=\"text-inner text-center\">\n                  \n              <\/div>\n           <\/div>\n                            \n<style>\n#text-box-1064401420 {\n  width: 80%;\n}\n#text-box-1064401420 .text-box-content {\n  font-size: 100%;\n}\n<\/style>\n    <\/div>\n \n        <\/div>\n      <\/div>\n\n            \n<style>\n#banner-1858137914 {\n  padding-top: 400px;\n  background-color: rgb(243, 240, 236);\n}\n<\/style>\n  <\/div>\n\n\n<\/div><\/div>\n            <\/div>\n    <style>\n    #banner-grid-701430126 .grid-col-1{height: 600px}\n    #banner-grid-701430126 .grid-col-1-2{height: 300px}\n    #banner-grid-701430126 .grid-col-1-3{height:200px}\n    #banner-grid-701430126 .grid-col-2-3{height: 400px}\n    #banner-grid-701430126 .grid-col-1-4{height: 150px}\n    #banner-grid-701430126 .grid-col-3-4{height: 450px}\n\n\n    \n    \n\n  <\/style>\n    <\/div>\n  \n\t\t<\/div>\n\t\t\t\t\t<\/div>\n\n\t\n<\/div>\n\t<div id=\"gap-2058255611\" class=\"gap-element clearfix\" style=\"display:block; height:auto;\">\n\t\t\n<style>\n#gap-2058255611 {\n  padding-top: 30px;\n}\n<\/style>\n\t<\/div>\n\t\n","protected":false},"excerpt":{"rendered":"","protected":false},"author":3,"featured_media":0,"parent":0,"menu_order":0,"comment_status":"closed","ping_status":"closed","template":"page-blank.php","meta":{"footnotes":""},"class_list":["post-3312","page","type-page","status-publish","hentry"],"_links":{"self":[{"href":"https:\/\/serahelsinki.com\/fi\/wp-json\/wp\/v2\/pages\/3312","targetHints":{"allow":["GET"]}}],"collection":[{"href":"https:\/\/serahelsinki.com\/fi\/wp-json\/wp\/v2\/pages"}],"about":[{"href":"https:\/\/serahelsinki.com\/fi\/wp-json\/wp\/v2\/types\/page"}],"author":[{"embeddable":true,"href":"https:\/\/serahelsinki.com\/fi\/wp-json\/wp\/v2\/users\/3"}],"replies":[{"embeddable":true,"href":"https:\/\/serahelsinki.com\/fi\/wp-json\/wp\/v2\/comments?post=3312"}],"version-history":[{"count":6,"href":"https:\/\/serahelsinki.com\/fi\/wp-json\/wp\/v2\/pages\/3312\/revisions"}],"predecessor-version":[{"id":3631,"href":"https:\/\/serahelsinki.com\/fi\/wp-json\/wp\/v2\/pages\/3312\/revisions\/3631"}],"wp:attachment":[{"href":"https:\/\/serahelsinki.com\/fi\/wp-json\/wp\/v2\/media?parent=3312"}],"curies":[{"name":"wp","href":"https:\/\/api.w.org\/{rel}","templated":true}]}}