{"id":3318,"date":"2022-06-04T20:55:33","date_gmt":"2022-06-04T17:55:33","guid":{"rendered":"https:\/\/serahelsinki.com\/?page_id=3318"},"modified":"2024-06-26T13:12:24","modified_gmt":"2024-06-26T10:12:24","slug":"yhteystiedot","status":"publish","type":"page","link":"https:\/\/serahelsinki.com\/fi\/yhteystiedot\/","title":{"rendered":"Yhteystiedot"},"content":{"rendered":"<div class=\"row row-large row-full-width align-equal\"  id=\"row-188646511\">\n\n\t<div id=\"col-1458641970\" class=\"col medium-6 small-12 large-6\"  >\n\t\t\t\t<div class=\"col-inner\"  >\n\t\t\t\n\t\t\t\n\t<div class=\"img has-hover x md-x lg-x y md-y lg-y\" id=\"image_1467719142\">\n\t\t<a class=\"image-lightbox lightbox-gallery\" title=\"\" href=\"https:\/\/serahelsinki.com\/wp-content\/uploads\/2020\/08\/Valli_knotted_brown_A-796x1024.jpg\">\t\t\t\t\t\t<div class=\"img-inner dark\" >\n\t\t\t<img loading=\"lazy\" decoding=\"async\" width=\"1323\" height=\"1701\" src=\"https:\/\/serahelsinki.com\/wp-content\/uploads\/2020\/08\/Valli_knotted_brown_A.jpg\" class=\"attachment-original size-original\" alt=\"\" srcset=\"https:\/\/serahelsinki.com\/wp-content\/uploads\/2020\/08\/Valli_knotted_brown_A.jpg 1323w, https:\/\/serahelsinki.com\/wp-content\/uploads\/2020\/08\/Valli_knotted_brown_A-100x129.jpg 100w, https:\/\/serahelsinki.com\/wp-content\/uploads\/2020\/08\/Valli_knotted_brown_A-1000x1286.jpg 1000w, https:\/\/serahelsinki.com\/wp-content\/uploads\/2020\/08\/Valli_knotted_brown_A-233x300.jpg 233w, https:\/\/serahelsinki.com\/wp-content\/uploads\/2020\/08\/Valli_knotted_brown_A-796x1024.jpg 796w, https:\/\/serahelsinki.com\/wp-content\/uploads\/2020\/08\/Valli_knotted_brown_A-768x987.jpg 768w, https:\/\/serahelsinki.com\/wp-content\/uploads\/2020\/08\/Valli_knotted_brown_A-1195x1536.jpg 1195w\" sizes=\"auto, (max-width: 1323px) 100vw, 1323px\" \/>\t\t\t\t\t\t\n\t\t\t\t\t<\/div>\n\t\t\t\t\t\t<\/a>\t\t\n<style>\n#image_1467719142 {\n  width: 100%;\n}\n<\/style>\n\t<\/div>\n\t\n\t\t<\/div>\n\t\t\t\t\t<\/div>\n\n\t\n\n\t<div id=\"col-528328956\" class=\"col medium-6 small-12 large-6\"  >\n\t\t\t\t<div class=\"col-inner\"  >\n\t\t\t\n\t\t\t\n<div class=\"is-divider divider clearfix\" style=\"margin-top:0em;margin-bottom:0em;max-width:100%;height:1px;background-color:rgb(0, 0, 0);\"><\/div>\n\t<div id=\"gap-1917843586\" class=\"gap-element clearfix\" style=\"display:block; height:auto;\">\n\t\t\n<style>\n#gap-1917843586 {\n  padding-top: 20px;\n}\n<\/style>\n\t<\/div>\n\t\n<h2><span style=\"font-size: 150%;\">Yhteys<\/span><\/h2>\n\t<div id=\"gap-304060527\" class=\"gap-element clearfix\" style=\"display:block; height:auto;\">\n\t\t\n<style>\n#gap-304060527 {\n  padding-top: 60px;\n}\n<\/style>\n\t<\/div>\n\t\n<h3>Autamme sinua mielell\u00e4mme kaikissa kysymyksiss\u00e4 ja tiedusteluissa. Voit ottaa meihin yhteytt\u00e4 s\u00e4hk\u00f6postitse. Palvelemme suomeksi ja englanniksi.<\/h3>\n<p>&nbsp;<\/p>\n<h3>S\u00e4hk\u00f6posti: info@serahelsinki.com<\/h3>\n<h3><\/h3>\n\t\t<\/div>\n\t\t\t\t\t<\/div>\n\n\t\n<\/div>\n\t<div id=\"gap-1068663410\" class=\"gap-element clearfix\" style=\"display:block; height:auto;\">\n\t\t\n<style>\n#gap-1068663410 {\n  padding-top: 30px;\n}\n<\/style>\n\t<\/div>\n\t\n","protected":false},"excerpt":{"rendered":"","protected":false},"author":3,"featured_media":0,"parent":0,"menu_order":0,"comment_status":"closed","ping_status":"closed","template":"","meta":{"footnotes":""},"class_list":["post-3318","page","type-page","status-publish","hentry"],"_links":{"self":[{"href":"https:\/\/serahelsinki.com\/fi\/wp-json\/wp\/v2\/pages\/3318","targetHints":{"allow":["GET"]}}],"collection":[{"href":"https:\/\/serahelsinki.com\/fi\/wp-json\/wp\/v2\/pages"}],"about":[{"href":"https:\/\/serahelsinki.com\/fi\/wp-json\/wp\/v2\/types\/page"}],"author":[{"embeddable":true,"href":"https:\/\/serahelsinki.com\/fi\/wp-json\/wp\/v2\/users\/3"}],"replies":[{"embeddable":true,"href":"https:\/\/serahelsinki.com\/fi\/wp-json\/wp\/v2\/comments?post=3318"}],"version-history":[{"count":4,"href":"https:\/\/serahelsinki.com\/fi\/wp-json\/wp\/v2\/pages\/3318\/revisions"}],"predecessor-version":[{"id":3930,"href":"https:\/\/serahelsinki.com\/fi\/wp-json\/wp\/v2\/pages\/3318\/revisions\/3930"}],"wp:attachment":[{"href":"https:\/\/serahelsinki.com\/fi\/wp-json\/wp\/v2\/media?parent=3318"}],"curies":[{"name":"wp","href":"https:\/\/api.w.org\/{rel}","templated":true}]}}