{"id":3337,"date":"2022-06-04T20:34:13","date_gmt":"2022-06-04T17:34:13","guid":{"rendered":"https:\/\/serahelsinki.com\/?page_id=3337"},"modified":"2022-06-04T20:34:13","modified_gmt":"2022-06-04T17:34:13","slug":"kestavan-kehityksen-tavoitteet","status":"publish","type":"page","link":"https:\/\/serahelsinki.com\/fi\/kestavan-kehityksen-tavoitteet\/","title":{"rendered":"Kest\u00e4v\u00e4n kehityksen tavoitteet"},"content":{"rendered":"\t<div id=\"gap-1100346593\" class=\"gap-element clearfix\" style=\"display:block; height:auto;\">\n\t\t\n<style>\n#gap-1100346593 {\n  padding-top: 60px;\n}\n<\/style>\n\t<\/div>\n\t\n<div class=\"row row-large row-full-width align-equal\"  id=\"row-449222372\">\n\n\t<div id=\"col-804533131\" class=\"col small-12 large-12\"  >\n\t\t\t\t<div class=\"col-inner text-center\"  >\n\t\t\t\n\t\t\t\n\t<div id=\"gap-1305370762\" class=\"gap-element clearfix\" style=\"display:block; height:auto;\">\n\t\t\n<style>\n#gap-1305370762 {\n  padding-top: 20px;\n}\n<\/style>\n\t<\/div>\n\t\n<h2><span style=\"font-size: 150%;\">Kest\u00e4v\u00e4n kehityksen tavoitteet<\/span><\/h2>\n\t<div id=\"gap-841498043\" class=\"gap-element clearfix\" style=\"display:block; height:auto;\">\n\t\t\n<style>\n#gap-841498043 {\n  padding-top: 40px;\n}\n<\/style>\n\t<\/div>\n\t\n<h2><span style=\"font-weight: 400;\">Mielest\u00e4mme ket\u00e4\u00e4n ei saa syrji\u00e4 sukupuolen, ihonv\u00e4rin tai vammaisuuden perusteella. Edist\u00e4mme v\u00e4hemmist\u00f6jen ty\u00f6llistymist\u00e4, sill\u00e4 se on avain merkitykselliseen el\u00e4m\u00e4\u00e4n. Ty\u00f6paikan ansiosta v\u00e4hemmist\u00f6ill\u00e4 on paremmat toimintamahdollisuudet, ja vakaamman toimeentulon my\u00f6t\u00e4 lapset, perheet sek\u00e4 yhteis\u00f6t voivat paremmin. SERA HELSINGIN ty\u00f6 edist\u00e4\u00e4 erityisesti YK:n kest\u00e4v\u00e4n kehityksen tavoitteita 1, 5 ja 10, joissa toiminnallemme on suurin vaikutus.<\/span><\/h2>\n\t\t<\/div>\n\t\t\t\t\t<\/div>\n\n\t\n<\/div>\n\t<div id=\"gap-1696896705\" class=\"gap-element clearfix\" style=\"display:block; height:auto;\">\n\t\t\n<style>\n#gap-1696896705 {\n  padding-top: 50px;\n}\n<\/style>\n\t<\/div>\n\t\n<div class=\"row row-large row-full-width align-equal\"  id=\"row-856569293\">\n\n\t<div id=\"col-1460560563\" class=\"col medium-6 small-12 large-6\"  >\n\t\t\t\t<div class=\"col-inner\"  >\n\t\t\t\n\t\t\t\n<div class=\"is-divider divider clearfix\" style=\"margin-top:0em;margin-bottom:0em;max-width:100%;height:1px;background-color:rgb(0, 0, 0);\"><\/div>\n\t<div id=\"gap-220224167\" class=\"gap-element clearfix\" style=\"display:block; height:auto;\">\n\t\t\n<style>\n#gap-220224167 {\n  padding-top: 20px;\n}\n<\/style>\n\t<\/div>\n\t\n<h3><span style=\"font-size: 150%;\">1 Ei k\u00f6yhyytt\u00e4<\/span><\/h3>\n\t<div id=\"gap-1970697519\" class=\"gap-element clearfix\" style=\"display:block; height:auto;\">\n\t\t\n<style>\n#gap-1970697519 {\n  padding-top: 20px;\n}\n<\/style>\n\t<\/div>\n\t\n<p><span style=\"font-weight: 400;\">Joka viides \u00e4\u00e4rimm\u00e4isess\u00e4 k\u00f6yhyydess\u00e4 el\u00e4v\u00e4 on vammainen. Etiopiassa 95% vammaisista el\u00e4\u00e4 k\u00f6yhyydess\u00e4 ja 85% vammaisista asuu maaseudulla. Jos haluamme p\u00e4\u00e4st\u00e4 eroon \u00e4\u00e4rimm\u00e4isest\u00e4 k\u00f6yhyydest\u00e4, on luotava toimeentuloa my\u00f6s vammaisille. SERA HELSINKI ty\u00f6skentelee Addis Abebassa ja Etiopian maaseudulla luodakseen vammaisille toimeentulon mahdollisuuksia ja parempaa el\u00e4m\u00e4\u00e4.<\/span><\/p>\n\t\t<\/div>\n\t\t\t\t\t<\/div>\n\n\t\n\n\t<div id=\"col-1634781325\" class=\"col medium-6 small-12 large-6 small-col-first\"  >\n\t\t\t\t<div class=\"col-inner\"  >\n\t\t\t\n\t\t\t\n\t<div id=\"gap-320793590\" class=\"gap-element clearfix\" style=\"display:block; height:auto;\">\n\t\t\n<style>\n#gap-320793590 {\n  padding-top: 30px;\n}\n<\/style>\n\t<\/div>\n\t\n\t<div class=\"img has-hover x md-x lg-x y md-y lg-y\" id=\"image_980373486\">\n\t\t\t\t\t\t\t\t<div class=\"img-inner dark\" >\n\t\t\t<img loading=\"lazy\" decoding=\"async\" width=\"1020\" height=\"1020\" src=\"https:\/\/serahelsinki.com\/wp-content\/uploads\/2021\/03\/1_WEB_mv-1024x1024.png\" class=\"attachment-large size-large\" alt=\"\" srcset=\"https:\/\/serahelsinki.com\/wp-content\/uploads\/2021\/03\/1_WEB_mv-1024x1024.png 1024w, https:\/\/serahelsinki.com\/wp-content\/uploads\/2021\/03\/1_WEB_mv-300x300.png 300w, https:\/\/serahelsinki.com\/wp-content\/uploads\/2021\/03\/1_WEB_mv-768x768.png 768w, https:\/\/serahelsinki.com\/wp-content\/uploads\/2021\/03\/1_WEB_mv-1000x1000.png 1000w, https:\/\/serahelsinki.com\/wp-content\/uploads\/2021\/03\/1_WEB_mv-100x100.png 100w, https:\/\/serahelsinki.com\/wp-content\/uploads\/2021\/03\/1_WEB_mv.png 1500w\" sizes=\"auto, (max-width: 1020px) 100vw, 1020px\" \/>\t\t\t\t\t\t\n\t\t\t\t\t<\/div>\n\t\t\t\t\t\t\t\t\n<style>\n#image_980373486 {\n  width: 100%;\n}\n<\/style>\n\t<\/div>\n\t\n\t\t<\/div>\n\t\t\t\t\t<\/div>\n\n\t\n<\/div>\n\t<div id=\"gap-1920662196\" class=\"gap-element clearfix\" style=\"display:block; height:auto;\">\n\t\t\n<style>\n#gap-1920662196 {\n  padding-top: 60px;\n}\n<\/style>\n\t<\/div>\n\t\n<div class=\"row row-large row-full-width align-equal\"  id=\"row-669387934\">\n\n\t<div id=\"col-2124624451\" class=\"col medium-6 small-12 large-6 small-col-first\"  >\n\t\t\t\t<div class=\"col-inner\"  >\n\t\t\t\n\t\t\t\n\t<div class=\"img has-hover x md-x lg-x y md-y lg-y\" id=\"image_1637853898\">\n\t\t<a class=\"image-lightbox lightbox-gallery\" title=\"\" href=\"https:\/\/serahelsinki.com\/wp-content\/uploads\/2021\/03\/5_WEB_mv-1024x1024.png\">\t\t\t\t\t\t<div class=\"img-inner dark\" >\n\t\t\t<img loading=\"lazy\" decoding=\"async\" width=\"1500\" height=\"1500\" src=\"https:\/\/serahelsinki.com\/wp-content\/uploads\/2021\/03\/5_WEB_mv.png\" class=\"attachment-original size-original\" alt=\"\" srcset=\"https:\/\/serahelsinki.com\/wp-content\/uploads\/2021\/03\/5_WEB_mv.png 1500w, https:\/\/serahelsinki.com\/wp-content\/uploads\/2021\/03\/5_WEB_mv-300x300.png 300w, https:\/\/serahelsinki.com\/wp-content\/uploads\/2021\/03\/5_WEB_mv-1024x1024.png 1024w, https:\/\/serahelsinki.com\/wp-content\/uploads\/2021\/03\/5_WEB_mv-768x768.png 768w, https:\/\/serahelsinki.com\/wp-content\/uploads\/2021\/03\/5_WEB_mv-1000x1000.png 1000w, https:\/\/serahelsinki.com\/wp-content\/uploads\/2021\/03\/5_WEB_mv-100x100.png 100w\" sizes=\"auto, (max-width: 1500px) 100vw, 1500px\" \/>\t\t\t\t\t\t\n\t\t\t\t\t<\/div>\n\t\t\t\t\t\t<\/a>\t\t\n<style>\n#image_1637853898 {\n  width: 100%;\n}\n<\/style>\n\t<\/div>\n\t\n\t\t<\/div>\n\t\t\t\t\t<\/div>\n\n\t\n\n\t<div id=\"col-961621501\" class=\"col medium-6 small-12 large-6 small-col-first\"  >\n\t\t\t\t<div class=\"col-inner\"  >\n\t\t\t\n\t\t\t\n<div class=\"is-divider divider clearfix\" style=\"margin-top:0em;margin-bottom:0em;max-width:100%;height:1px;background-color:rgb(0, 0, 0);\"><\/div>\n\t<div id=\"gap-2103367105\" class=\"gap-element clearfix\" style=\"display:block; height:auto;\">\n\t\t\n<style>\n#gap-2103367105 {\n  padding-top: 20px;\n}\n<\/style>\n\t<\/div>\n\t\n<h3><span style=\"font-size: 150%;\">5 Sukupuolten tasa-arvo<\/span><\/h3>\n\t<div id=\"gap-1976739313\" class=\"gap-element clearfix\" style=\"display:block; height:auto;\">\n\t\t\n<style>\n#gap-1976739313 {\n  padding-top: 20px;\n}\n<\/style>\n\t<\/div>\n\t\n<p><span style=\"font-weight: 400;\">Maailma on kaukana tasa-arvosta ja erityisesti naiset kokevat syrjint\u00e4\u00e4. Vammaisia naisia syrjit\u00e4\u00e4n moninkertaisesti, lis\u00e4ksi Etiopiassa 15-49-vuotiaista naisista 74 prosenttia on silvottu. SERA HELSINKI luo ty\u00f6mahdollisuuksia hauraassa asemassa oleville yksinhuoltaja\u00e4ideille ja vammaisille naisille. Kun naiset eiv\u00e4t en\u00e4\u00e4 ole riippuvaisia muiden tuloista, heill\u00e4 on mahdollisuus tehd\u00e4 omia valintoja. Toimeentulon my\u00f6t\u00e4 sek\u00e4 lapset ett\u00e4 yhteis\u00f6t voivat paremmin.<\/span><\/p>\n\t\t<\/div>\n\t\t\t\t\t<\/div>\n\n\t\n<\/div>\n<div class=\"row row-large row-full-width align-equal\"  id=\"row-2130156582\">\n\n\t<div id=\"col-1476722126\" class=\"col medium-6 small-12 large-6\"  >\n\t\t\t\t<div class=\"col-inner\"  >\n\t\t\t\n\t\t\t\n<div class=\"is-divider divider clearfix\" style=\"margin-top:0em;margin-bottom:0em;max-width:100%;height:1px;background-color:rgb(0, 0, 0);\"><\/div>\n\t<div id=\"gap-1991909204\" class=\"gap-element clearfix\" style=\"display:block; height:auto;\">\n\t\t\n<style>\n#gap-1991909204 {\n  padding-top: 20px;\n}\n<\/style>\n\t<\/div>\n\t\n<h3><span style=\"font-size: 150%;\">10 Eriarvoisuuden v\u00e4hent\u00e4minen<\/span><\/h3>\n\t<div id=\"gap-763074006\" class=\"gap-element clearfix\" style=\"display:block; height:auto;\">\n\t\t\n<style>\n#gap-763074006 {\n  padding-top: 20px;\n}\n<\/style>\n\t<\/div>\n\t\n<p><span style=\"font-weight: 400;\">Vammaisuus koetaan h\u00e4pe\u00e4llisen\u00e4 monessa afrikkalaisessa kulttuurissa ja vain alle kahdeksan prosenttia vammaisista lapsista k\u00e4y koulua Etiopiassa. SERA HELSINKI luo ty\u00f6paikkoja vammaisille, sill\u00e4 olemme todenneet, ett\u00e4 \u00e4\u00e4rimm\u00e4isest\u00e4 k\u00f6yhyydest\u00e4 ja stigmatisoidusta asemasta voi nousta ty\u00f6n avulla. Kun vammaiset luovat designmattoja vientimarkkinoille, heid\u00e4n potentiaalinsa ja kykyns\u00e4 tulevat n\u00e4kyviksi my\u00f6s heit\u00e4 ymp\u00e4r\u00f6iv\u00e4lle yhteis\u00f6lle. <\/span><\/p>\n\t\t<\/div>\n\t\t\t\t\t<\/div>\n\n\t\n\n\t<div id=\"col-2098115723\" class=\"col medium-6 small-12 large-6 small-col-first\"  >\n\t\t\t\t<div class=\"col-inner\"  >\n\t\t\t\n\t\t\t\n\t<div id=\"gap-68201400\" class=\"gap-element clearfix\" style=\"display:block; height:auto;\">\n\t\t\n<style>\n#gap-68201400 {\n  padding-top: 30px;\n}\n<\/style>\n\t<\/div>\n\t\n\t<div class=\"img has-hover x md-x lg-x y md-y lg-y\" id=\"image_1636781366\">\n\t\t\t\t\t\t\t\t<div class=\"img-inner dark\" >\n\t\t\t<img loading=\"lazy\" decoding=\"async\" width=\"1020\" height=\"1020\" src=\"https:\/\/serahelsinki.com\/wp-content\/uploads\/2021\/03\/10_WEB_mv-1024x1024.png\" class=\"attachment-large size-large\" alt=\"\" srcset=\"https:\/\/serahelsinki.com\/wp-content\/uploads\/2021\/03\/10_WEB_mv-1024x1024.png 1024w, https:\/\/serahelsinki.com\/wp-content\/uploads\/2021\/03\/10_WEB_mv-300x300.png 300w, https:\/\/serahelsinki.com\/wp-content\/uploads\/2021\/03\/10_WEB_mv-768x768.png 768w, https:\/\/serahelsinki.com\/wp-content\/uploads\/2021\/03\/10_WEB_mv-1000x1000.png 1000w, https:\/\/serahelsinki.com\/wp-content\/uploads\/2021\/03\/10_WEB_mv-100x100.png 100w, https:\/\/serahelsinki.com\/wp-content\/uploads\/2021\/03\/10_WEB_mv.png 1500w\" sizes=\"auto, (max-width: 1020px) 100vw, 1020px\" \/>\t\t\t\t\t\t\n\t\t\t\t\t<\/div>\n\t\t\t\t\t\t\t\t\n<style>\n#image_1636781366 {\n  width: 100%;\n}\n<\/style>\n\t<\/div>\n\t\n\t\t<\/div>\n\t\t\t\t\t<\/div>\n\n\t\n<\/div>\n<div class=\"row row-large row-full-width align-equal\"  id=\"row-1811191510\">\n\n\t<div id=\"col-134008930\" class=\"col medium-6 small-12 large-6 small-col-first\"  >\n\t\t\t\t<div class=\"col-inner\"  >\n\t\t\t\n\t\t\t\n\t<div class=\"img has-hover x md-x lg-x y md-y lg-y\" id=\"image_1026476745\">\n\t\t<a class=\"image-lightbox lightbox-gallery\" title=\"\" href=\"https:\/\/serahelsinki.com\/wp-content\/uploads\/2020\/05\/sera-wool-5.jpg\">\t\t\t\t\t\t<div class=\"img-inner dark\" >\n\t\t\t<img loading=\"lazy\" decoding=\"async\" width=\"671\" height=\"600\" src=\"https:\/\/serahelsinki.com\/wp-content\/uploads\/2020\/05\/sera-wool-5.jpg\" class=\"attachment-original size-original\" alt=\"\" srcset=\"https:\/\/serahelsinki.com\/wp-content\/uploads\/2020\/05\/sera-wool-5.jpg 671w, https:\/\/serahelsinki.com\/wp-content\/uploads\/2020\/05\/sera-wool-5-100x89.jpg 100w, https:\/\/serahelsinki.com\/wp-content\/uploads\/2020\/05\/sera-wool-5-300x268.jpg 300w\" sizes=\"auto, (max-width: 671px) 100vw, 671px\" \/>\t\t\t\t\t\t\n\t\t\t\t\t<\/div>\n\t\t\t\t\t\t<\/a>\t\t\n<style>\n#image_1026476745 {\n  width: 100%;\n}\n<\/style>\n\t<\/div>\n\t\n\t\t<\/div>\n\t\t\t\t\t<\/div>\n\n\t\n\n\t<div id=\"col-1558933103\" class=\"col medium-6 small-12 large-6 small-col-first\"  >\n\t\t\t\t<div class=\"col-inner\"  >\n\t\t\t\n\t\t\t\n<div class=\"is-divider divider clearfix\" style=\"margin-top:0em;margin-bottom:0em;max-width:100%;height:1px;background-color:rgb(0, 0, 0);\"><\/div>\n\t<div id=\"gap-82615215\" class=\"gap-element clearfix\" style=\"display:block; height:auto;\">\n\t\t\n<style>\n#gap-82615215 {\n  padding-top: 20px;\n}\n<\/style>\n\t<\/div>\n\t\n<h3><span style=\"font-size: 150%;\">Uusia mahdollisuuksia<\/span><\/h3>\n\t<div id=\"gap-1623229117\" class=\"gap-element clearfix\" style=\"display:block; height:auto;\">\n\t\t\n<style>\n#gap-1623229117 {\n  padding-top: 20px;\n}\n<\/style>\n\t<\/div>\n\t\n<p><span style=\"font-weight: 400;\">Aloitimme vuonna 2016 kahdeksalla kutojalla, ja nykyisin ty\u00f6llist\u00e4mme jo yli 500 k\u00e4sity\u00f6l\u00e4ist\u00e4 ja paimenta, joista suurin osa on vammaisia. Viiden vuoden tavoitteenamme on ty\u00f6llist\u00e4\u00e4 200 uutta vammaista Etiopiassa. Tulevaisuudessa haluamme laajentaa parempaa el\u00e4m\u00e4\u00e4 mahdollistavaa liiketoimintamalliamme my\u00f6s muihin maihin ja levitt\u00e4\u00e4 sen positiivisia vaikutuksia. <\/span><\/p>\n\t\t<\/div>\n\t\t\t\t\t<\/div>\n\n\t\n<\/div>\n\t<div id=\"gap-1434846088\" class=\"gap-element clearfix\" style=\"display:block; height:auto;\">\n\t\t\n<style>\n#gap-1434846088 {\n  padding-top: 30px;\n}\n<\/style>\n\t<\/div>\n\t\n\t<div id=\"gap-1221923640\" class=\"gap-element clearfix\" style=\"display:block; height:auto;\">\n\t\t\n<style>\n#gap-1221923640 {\n  padding-top: 60px;\n}\n<\/style>\n\t<\/div>\n\t\n","protected":false},"excerpt":{"rendered":"","protected":false},"author":3,"featured_media":0,"parent":0,"menu_order":0,"comment_status":"closed","ping_status":"closed","template":"page-blank.php","meta":{"footnotes":""},"class_list":["post-3337","page","type-page","status-publish","hentry"],"_links":{"self":[{"href":"https:\/\/serahelsinki.com\/fi\/wp-json\/wp\/v2\/pages\/3337","targetHints":{"allow":["GET"]}}],"collection":[{"href":"https:\/\/serahelsinki.com\/fi\/wp-json\/wp\/v2\/pages"}],"about":[{"href":"https:\/\/serahelsinki.com\/fi\/wp-json\/wp\/v2\/types\/page"}],"author":[{"embeddable":true,"href":"https:\/\/serahelsinki.com\/fi\/wp-json\/wp\/v2\/users\/3"}],"replies":[{"embeddable":true,"href":"https:\/\/serahelsinki.com\/fi\/wp-json\/wp\/v2\/comments?post=3337"}],"version-history":[{"count":3,"href":"https:\/\/serahelsinki.com\/fi\/wp-json\/wp\/v2\/pages\/3337\/revisions"}],"predecessor-version":[{"id":3340,"href":"https:\/\/serahelsinki.com\/fi\/wp-json\/wp\/v2\/pages\/3337\/revisions\/3340"}],"wp:attachment":[{"href":"https:\/\/serahelsinki.com\/fi\/wp-json\/wp\/v2\/media?parent=3337"}],"curies":[{"name":"wp","href":"https:\/\/api.w.org\/{rel}","templated":true}]}}