{"id":3358,"date":"2022-06-04T20:34:30","date_gmt":"2022-06-04T17:34:30","guid":{"rendered":"https:\/\/serahelsinki.com\/?page_id=3358"},"modified":"2023-01-24T13:13:57","modified_gmt":"2023-01-24T11:13:57","slug":"kumppanuudet","status":"publish","type":"page","link":"https:\/\/serahelsinki.com\/fi\/kumppanuudet\/","title":{"rendered":"Kumppanuudet"},"content":{"rendered":"\t<div id=\"gap-2143535755\" class=\"gap-element clearfix\" style=\"display:block; height:auto;\">\n\t\t\n<style>\n#gap-2143535755 {\n  padding-top: 60px;\n}\n<\/style>\n\t<\/div>\n\t\n<div class=\"row row-large row-full-width align-equal\"  id=\"row-122068751\">\n\n\t<div id=\"col-935366516\" class=\"col small-12 large-12\"  >\n\t\t\t\t<div class=\"col-inner text-center\"  >\n\t\t\t\n\t\t\t\n\t<div id=\"gap-1906890553\" class=\"gap-element clearfix\" style=\"display:block; height:auto;\">\n\t\t\n<style>\n#gap-1906890553 {\n  padding-top: 20px;\n}\n<\/style>\n\t<\/div>\n\t\n<h2 style=\"text-align: center;\"><span style=\"font-size: 150%;\">Kumppaniverkoston voima<\/span><\/h2>\n\t<div id=\"gap-1018953586\" class=\"gap-element clearfix\" style=\"display:block; height:auto;\">\n\t\t\n<style>\n#gap-1018953586 {\n  padding-top: 60px;\n}\n<\/style>\n\t<\/div>\n\t\n<h2><span style=\"font-weight: 400;\">Vammaisten osallisuus yhteiskunnassa on haaste, varsinkin kun kyseess\u00e4 kaikista hauraimmat v\u00e4hemmist\u00f6t. Usein uskotaan, ett\u00e4 yrityksill\u00e4 ja j\u00e4rjest\u00f6ill\u00e4 ovat vastakkaiset prioriteetit. Alusta asti oli selv\u00e4\u00e4, ett\u00e4 mik\u00e4\u00e4n yritys ei pysty vastaamaan ep\u00e4kohtiin yksin. T\u00e4st\u00e4 syyst\u00e4 SERA HELSINKI ty\u00f6skentelee rinnan j\u00e4rjest\u00f6jen ja asiantuntijoiden kanssa. Yhteisty\u00f6n my\u00f6t\u00e4 olemme huomanneet, ett\u00e4 yhdess\u00e4 saavutamme suurempia kehitysvaikutuksia. <\/span><\/h2>\n\t\t<\/div>\n\t\t\t\t\t<\/div>\n\n\t\n\n\t<div id=\"col-664501854\" class=\"col small-12 large-12\"  >\n\t\t\t\t<div class=\"col-inner\"  >\n\t\t\t\n\t\t\t\n\t<div id=\"gap-798528505\" class=\"gap-element clearfix\" style=\"display:block; height:auto;\">\n\t\t\n<style>\n#gap-798528505 {\n  padding-top: 40px;\n}\n<\/style>\n\t<\/div>\n\t\n\t<div class=\"img has-hover x md-x lg-x y md-y lg-y\" id=\"image_101314031\">\n\t\t\t\t\t\t\t\t<div class=\"img-inner dark\" >\n\t\t\t<img loading=\"lazy\" decoding=\"async\" width=\"1020\" height=\"620\" src=\"https:\/\/serahelsinki.com\/wp-content\/uploads\/2021\/01\/Screenshot-2021-01-19-at-7.47.54-1024x622.png\" class=\"attachment-large size-large\" alt=\"\" srcset=\"https:\/\/serahelsinki.com\/wp-content\/uploads\/2021\/01\/Screenshot-2021-01-19-at-7.47.54-1024x622.png 1024w, https:\/\/serahelsinki.com\/wp-content\/uploads\/2021\/01\/Screenshot-2021-01-19-at-7.47.54-300x182.png 300w, https:\/\/serahelsinki.com\/wp-content\/uploads\/2021\/01\/Screenshot-2021-01-19-at-7.47.54-768x467.png 768w, https:\/\/serahelsinki.com\/wp-content\/uploads\/2021\/01\/Screenshot-2021-01-19-at-7.47.54-1000x608.png 1000w, https:\/\/serahelsinki.com\/wp-content\/uploads\/2021\/01\/Screenshot-2021-01-19-at-7.47.54-100x61.png 100w, https:\/\/serahelsinki.com\/wp-content\/uploads\/2021\/01\/Screenshot-2021-01-19-at-7.47.54.png 1152w\" sizes=\"auto, (max-width: 1020px) 100vw, 1020px\" \/>\t\t\t\t\t\t\n\t\t\t\t\t<\/div>\n\t\t\t\t\t\t\t\t\n<style>\n#image_101314031 {\n  width: 100%;\n}\n<\/style>\n\t<\/div>\n\t\n\t\t<\/div>\n\t\t\t\t\t<\/div>\n\n\t\n<\/div>\n\t<div id=\"gap-1078387958\" class=\"gap-element clearfix\" style=\"display:block; height:auto;\">\n\t\t\n<style>\n#gap-1078387958 {\n  padding-top: 60px;\n}\n<\/style>\n\t<\/div>\n\t\n<div class=\"row row-large row-full-width align-equal\"  id=\"row-1403344101\">\n\n\t<div id=\"col-35026263\" class=\"col medium-6 small-12 large-6\"  >\n\t\t\t\t<div class=\"col-inner\"  >\n\t\t\t\n\t\t\t\n\t<div id=\"gap-1374749913\" class=\"gap-element clearfix\" style=\"display:block; height:auto;\">\n\t\t\n<style>\n#gap-1374749913 {\n  padding-top: 30px;\n}\n<\/style>\n\t<\/div>\n\t\n\t<div class=\"img has-hover x md-x lg-x y md-y lg-y\" id=\"image_819951772\">\n\t\t\t\t\t\t\t\t<div class=\"img-inner dark\" style=\"margin:0px 0px 0px 0px;\">\n\t\t\t<img loading=\"lazy\" decoding=\"async\" width=\"1020\" height=\"848\" src=\"https:\/\/serahelsinki.com\/wp-content\/uploads\/2021\/03\/Screenshot-2021-03-05-at-11.06.26-1024x851.png\" class=\"attachment-large size-large\" alt=\"\" srcset=\"https:\/\/serahelsinki.com\/wp-content\/uploads\/2021\/03\/Screenshot-2021-03-05-at-11.06.26-1024x851.png 1024w, https:\/\/serahelsinki.com\/wp-content\/uploads\/2021\/03\/Screenshot-2021-03-05-at-11.06.26-300x249.png 300w, https:\/\/serahelsinki.com\/wp-content\/uploads\/2021\/03\/Screenshot-2021-03-05-at-11.06.26-768x638.png 768w, https:\/\/serahelsinki.com\/wp-content\/uploads\/2021\/03\/Screenshot-2021-03-05-at-11.06.26-1000x831.png 1000w, https:\/\/serahelsinki.com\/wp-content\/uploads\/2021\/03\/Screenshot-2021-03-05-at-11.06.26-100x83.png 100w, https:\/\/serahelsinki.com\/wp-content\/uploads\/2021\/03\/Screenshot-2021-03-05-at-11.06.26.png 1160w\" sizes=\"auto, (max-width: 1020px) 100vw, 1020px\" \/>\t\t\t\t\t\t\n\t\t\t\t\t<\/div>\n\t\t\t\t\t\t\t\t\n<style>\n#image_819951772 {\n  width: 100%;\n}\n<\/style>\n\t<\/div>\n\t\n\t\t<\/div>\n\t\t\t\t\t<\/div>\n\n\t\n\n\t<div id=\"col-1002083549\" class=\"col medium-6 small-12 large-6 small-col-first\"  >\n\t\t\t\t<div class=\"col-inner\"  >\n\t\t\t\n\t\t\t\n<div class=\"is-divider divider clearfix\" style=\"margin-top:0em;margin-bottom:0em;max-width:100%;height:1px;background-color:rgb(0, 0, 0);\"><\/div>\n\t<div id=\"gap-381145743\" class=\"gap-element clearfix\" style=\"display:block; height:auto;\">\n\t\t\n<style>\n#gap-381145743 {\n  padding-top: 20px;\n}\n<\/style>\n\t<\/div>\n\t\n<h2>Abilis-s\u00e4\u00e4ti\u00f6<\/h2>\n\t<div id=\"gap-910276676\" class=\"gap-element clearfix\" style=\"display:block; height:auto;\">\n\t\t\n<style>\n#gap-910276676 {\n  padding-top: 20px;\n}\n<\/style>\n\t<\/div>\n\t\n<p><a href=\"https:\/\/www.abilis.fi\/\" target=\"_blank\" rel=\"noopener\"><span style=\"font-weight: 400;\">Abilis-s\u00e4\u00e4ti\u00f6<\/span><\/a><span style=\"font-weight: 400;\"> on suomalainen kansalaisj\u00e4rjest\u00f6, joka edist\u00e4\u00e4 kehitysmaiden vammaisten ihmisten oikeuksia, osallistumista, itsen\u00e4ist\u00e4 el\u00e4m\u00e4\u00e4, koulutusta ja ty\u00f6llistymist\u00e4. Erityist\u00e4 huomiota kiinnitet\u00e4\u00e4n vammaisten tytt\u00f6jen ja naisten asemaan. SERA HELSINKI ja Abilis aloittivat yhteisty\u00f6n vuonna 2016, ja yhdess\u00e4 Abiliksen kanssa olemme luoneet Etiopiaan kansalaisj\u00e4rjest\u00f6jen verkoston, joka on t\u00e4rke\u00e4 osa toimintaamme.<\/span><\/p>\n\t<div id=\"gap-572632694\" class=\"gap-element clearfix\" style=\"display:block; height:auto;\">\n\t\t\n<style>\n#gap-572632694 {\n  padding-top: 20px;\n}\n<\/style>\n\t<\/div>\n\t\n<a href=\"https:\/\/serahelsinki.com\/fi\/missiomme\/\" class=\"button primary is-link is-small\">\n\t\t<span>lue lis\u00e4\u00e4 missiostamme<\/span>\n\t<i class=\"icon-angle-right\" aria-hidden=\"true\"><\/i><\/a>\n\n\t\t<\/div>\n\t\t\t\t\t<\/div>\n\n\t\n<\/div>\n\t<div id=\"gap-520633811\" class=\"gap-element clearfix\" style=\"display:block; height:auto;\">\n\t\t\n<style>\n#gap-520633811 {\n  padding-top: 20px;\n}\n<\/style>\n\t<\/div>\n\t\n<div class=\"row row-large row-full-width align-equal\"  id=\"row-1973600517\">\n\n\t<div id=\"col-713226069\" class=\"col medium-6 small-12 large-6 small-col-first\"  >\n\t\t\t\t<div class=\"col-inner\"  >\n\t\t\t\n\t\t\t\n<div class=\"is-divider divider clearfix\" style=\"margin-top:0em;margin-bottom:0em;max-width:100%;height:1px;background-color:rgb(0, 0, 0);\"><\/div>\n\t<div id=\"gap-719489249\" class=\"gap-element clearfix\" style=\"display:block; height:auto;\">\n\t\t\n<style>\n#gap-719489249 {\n  padding-top: 20px;\n}\n<\/style>\n\t<\/div>\n\t\n<h2>Etiopialaiset kansalaisj\u00e4rjest\u00f6t<\/h2>\n\t<div id=\"gap-973010472\" class=\"gap-element clearfix\" style=\"display:block; height:auto;\">\n\t\t\n<style>\n#gap-973010472 {\n  padding-top: 20px;\n}\n<\/style>\n\t<\/div>\n\t\n<p><span style=\"font-weight: 400;\">Ty\u00f6skentelemme rinnan etiopialaisten kansalaisj\u00e4rjest\u00f6jen kanssa luodaksemme toimeentulon mahdollisuuksia vammaisille ja v\u00e4hemmist\u00f6ille, erityisesti naisille. Esimerkiksi Hope For The Blind And Handicapped  -j\u00e4rjest\u00f6 osallistaa n\u00e4k\u00f6vammaisia matonkudontaan. <\/span><\/p>\n<a href=\"https:\/\/serahelsinki.com\/fi\/prosessimme\/\" class=\"button primary is-link is-small\">\n\t\t<span>lue lis\u00e4\u00e4 prosessistamme<\/span>\n\t<i class=\"icon-angle-right\" aria-hidden=\"true\"><\/i><\/a>\n\n\t\t<\/div>\n\t\t\t\t\t<\/div>\n\n\t\n\n\t<div id=\"col-1345687671\" class=\"col medium-6 small-12 large-6\"  >\n\t\t\t\t<div class=\"col-inner\"  >\n\t\t\t\n\t\t\t\n\t<div class=\"img has-hover x md-x lg-x y md-y lg-y\" id=\"image_539265555\">\n\t\t<a class=\"image-lightbox lightbox-gallery\" title=\"\" href=\"https:\/\/serahelsinki.com\/wp-content\/uploads\/2021\/01\/ab098cc0-10bf-4b70-a5b7-add417baad1e.jpg\">\t\t\t\t\t\t<div class=\"img-inner dark\" >\n\t\t\t<img loading=\"lazy\" decoding=\"async\" width=\"1024\" height=\"768\" src=\"https:\/\/serahelsinki.com\/wp-content\/uploads\/2021\/01\/ab098cc0-10bf-4b70-a5b7-add417baad1e.jpg\" class=\"attachment-original size-original\" alt=\"\" srcset=\"https:\/\/serahelsinki.com\/wp-content\/uploads\/2021\/01\/ab098cc0-10bf-4b70-a5b7-add417baad1e.jpg 1024w, https:\/\/serahelsinki.com\/wp-content\/uploads\/2021\/01\/ab098cc0-10bf-4b70-a5b7-add417baad1e-300x225.jpg 300w, https:\/\/serahelsinki.com\/wp-content\/uploads\/2021\/01\/ab098cc0-10bf-4b70-a5b7-add417baad1e-768x576.jpg 768w, https:\/\/serahelsinki.com\/wp-content\/uploads\/2021\/01\/ab098cc0-10bf-4b70-a5b7-add417baad1e-1000x750.jpg 1000w, https:\/\/serahelsinki.com\/wp-content\/uploads\/2021\/01\/ab098cc0-10bf-4b70-a5b7-add417baad1e-100x75.jpg 100w\" sizes=\"auto, (max-width: 1024px) 100vw, 1024px\" \/>\t\t\t\t\t\t\n\t\t\t\t\t<\/div>\n\t\t\t\t\t\t<\/a>\t\t\n<style>\n#image_539265555 {\n  width: 100%;\n}\n<\/style>\n\t<\/div>\n\t\n\t\t<\/div>\n\t\t\t\t\t<\/div>\n\n\t\n<\/div>\n\t<div id=\"gap-181928299\" class=\"gap-element clearfix\" style=\"display:block; height:auto;\">\n\t\t\n<style>\n#gap-181928299 {\n  padding-top: 30px;\n}\n<\/style>\n\t<\/div>\n\t\n<div class=\"row row-large row-full-width align-equal\"  id=\"row-671406385\">\n\n\t<div id=\"col-587101381\" class=\"col medium-6 small-12 large-6\"  >\n\t\t\t\t<div class=\"col-inner\"  >\n\t\t\t\n\t\t\t\n\t<div class=\"img has-hover x md-x lg-x y md-y lg-y\" id=\"image_80085854\">\n\t\t\t\t\t\t\t\t<div class=\"img-inner dark\" style=\"margin:0px 0px 0px 0px;\">\n\t\t\t<img loading=\"lazy\" decoding=\"async\" width=\"1020\" height=\"1020\" src=\"https:\/\/serahelsinki.com\/wp-content\/uploads\/2021\/03\/Making_Ethiopian_Cotton-1024x1024.jpg\" class=\"attachment-large size-large\" alt=\"\" srcset=\"https:\/\/serahelsinki.com\/wp-content\/uploads\/2021\/03\/Making_Ethiopian_Cotton-1024x1024.jpg 1024w, https:\/\/serahelsinki.com\/wp-content\/uploads\/2021\/03\/Making_Ethiopian_Cotton-300x300.jpg 300w, https:\/\/serahelsinki.com\/wp-content\/uploads\/2021\/03\/Making_Ethiopian_Cotton-768x768.jpg 768w, https:\/\/serahelsinki.com\/wp-content\/uploads\/2021\/03\/Making_Ethiopian_Cotton-1000x1000.jpg 1000w, https:\/\/serahelsinki.com\/wp-content\/uploads\/2021\/03\/Making_Ethiopian_Cotton-100x100.jpg 100w, https:\/\/serahelsinki.com\/wp-content\/uploads\/2021\/03\/Making_Ethiopian_Cotton.jpg 1197w\" sizes=\"auto, (max-width: 1020px) 100vw, 1020px\" \/>\t\t\t\t\t\t\n\t\t\t\t\t<\/div>\n\t\t\t\t\t\t\t\t\n<style>\n#image_80085854 {\n  width: 100%;\n}\n<\/style>\n\t<\/div>\n\t\n\t\t<\/div>\n\t\t\t\t\t<\/div>\n\n\t\n\n\t<div id=\"col-2029496184\" class=\"col medium-6 small-12 large-6 small-col-first\"  >\n\t\t\t\t<div class=\"col-inner\"  >\n\t\t\t\n\t\t\t\n<div class=\"is-divider divider clearfix\" style=\"margin-top:0em;margin-bottom:0em;max-width:100%;height:1px;background-color:rgb(0, 0, 0);\"><\/div>\n\t<div id=\"gap-429048908\" class=\"gap-element clearfix\" style=\"display:block; height:auto;\">\n\t\t\n<style>\n#gap-429048908 {\n  padding-top: 20px;\n}\n<\/style>\n\t<\/div>\n\t\n<h2>Ulkoministeri\u00f6<\/h2>\n\t<div id=\"gap-1416328384\" class=\"gap-element clearfix\" style=\"display:block; height:auto;\">\n\t\t\n<style>\n#gap-1416328384 {\n  padding-top: 20px;\n}\n<\/style>\n\t<\/div>\n\t\n<p><span style=\"font-weight: 400;\">SERA HELSINKI on saanut rahoitusta ulkoministeri\u00f6lt\u00e4. Ulkoministeri\u00f6 on usein maininnut SERA HELSINGIN esimerkkin\u00e4 innovatiivisesta yrityksest\u00e4, joka toimii kehitysmaassa yhdess\u00e4 kansalaisj\u00e4rjest\u00f6jen rinnalla paremman el\u00e4m\u00e4nlaadun edist\u00e4miseksi. Lue lis\u00e4\u00e4 <\/span><a href=\"https:\/\/finnpartnership.fi\/en\/stories\/cooperation-between-disability-organisation-and-company-bears-fruit-in-ethiopia\/\" target=\"_blank\" rel=\"noopener\"><span style=\"font-weight: 400;\">yhteisty\u00f6n vaikutuksista. <\/span><\/a><\/p>\n<a href=\"https:\/\/serahelsinki.com\/fi\/prosessimme\/\" class=\"button primary is-link is-small\">\n\t\t<span>lue lis\u00e4\u00e4 prosessistamme<\/span>\n\t<i class=\"icon-angle-right\" aria-hidden=\"true\"><\/i><\/a>\n\n\t\t<\/div>\n\t\t\t\t\t<\/div>\n\n\t\n<\/div>\n\t<div id=\"gap-952679302\" class=\"gap-element clearfix\" style=\"display:block; height:auto;\">\n\t\t\n<style>\n#gap-952679302 {\n  padding-top: 30px;\n}\n<\/style>\n\t<\/div>\n\t\n\t<div id=\"gap-1033607191\" class=\"gap-element clearfix\" style=\"display:block; height:auto;\">\n\t\t\n<style>\n#gap-1033607191 {\n  padding-top: 50px;\n}\n<\/style>\n\t<\/div>\n\t\n\t<div id=\"gap-754750058\" class=\"gap-element clearfix\" style=\"display:block; height:auto;\">\n\t\t\n<style>\n#gap-754750058 {\n  padding-top: 30px;\n}\n<\/style>\n\t<\/div>\n\t\n\t<div id=\"gap-479685560\" class=\"gap-element clearfix\" style=\"display:block; height:auto;\">\n\t\t\n<style>\n#gap-479685560 {\n  padding-top: 60px;\n}\n<\/style>\n\t<\/div>\n\t\n","protected":false},"excerpt":{"rendered":"","protected":false},"author":3,"featured_media":0,"parent":0,"menu_order":0,"comment_status":"closed","ping_status":"closed","template":"page-blank.php","meta":{"footnotes":""},"class_list":["post-3358","page","type-page","status-publish","hentry"],"_links":{"self":[{"href":"https:\/\/serahelsinki.com\/fi\/wp-json\/wp\/v2\/pages\/3358","targetHints":{"allow":["GET"]}}],"collection":[{"href":"https:\/\/serahelsinki.com\/fi\/wp-json\/wp\/v2\/pages"}],"about":[{"href":"https:\/\/serahelsinki.com\/fi\/wp-json\/wp\/v2\/types\/page"}],"author":[{"embeddable":true,"href":"https:\/\/serahelsinki.com\/fi\/wp-json\/wp\/v2\/users\/3"}],"replies":[{"embeddable":true,"href":"https:\/\/serahelsinki.com\/fi\/wp-json\/wp\/v2\/comments?post=3358"}],"version-history":[{"count":4,"href":"https:\/\/serahelsinki.com\/fi\/wp-json\/wp\/v2\/pages\/3358\/revisions"}],"predecessor-version":[{"id":3648,"href":"https:\/\/serahelsinki.com\/fi\/wp-json\/wp\/v2\/pages\/3358\/revisions\/3648"}],"wp:attachment":[{"href":"https:\/\/serahelsinki.com\/fi\/wp-json\/wp\/v2\/media?parent=3358"}],"curies":[{"name":"wp","href":"https:\/\/api.w.org\/{rel}","templated":true}]}}