{"id":3368,"date":"2022-06-04T20:54:27","date_gmt":"2022-06-04T17:54:27","guid":{"rendered":"https:\/\/serahelsinki.com\/?page_id=3368"},"modified":"2023-01-24T13:11:46","modified_gmt":"2023-01-24T11:11:46","slug":"tarinamme","status":"publish","type":"page","link":"https:\/\/serahelsinki.com\/fi\/tarinamme\/","title":{"rendered":"Tarinamme"},"content":{"rendered":"\t<div id=\"gap-848599802\" class=\"gap-element clearfix\" style=\"display:block; height:auto;\">\n\t\t\n<style>\n#gap-848599802 {\n  padding-top: 60px;\n}\n<\/style>\n\t<\/div>\n\t\n<div class=\"row row-large row-full-width align-equal\"  id=\"row-1481860899\">\n\n\t<div id=\"col-772234047\" class=\"col small-12 large-12\"  >\n\t\t\t\t<div class=\"col-inner text-center\"  >\n\t\t\t\n\t\t\t\n\t<div id=\"gap-25098797\" class=\"gap-element clearfix\" style=\"display:block; height:auto;\">\n\t\t\n<style>\n#gap-25098797 {\n  padding-top: 20px;\n}\n<\/style>\n\t<\/div>\n\t\n<h2><span style=\"font-size: 150%;\">Tarinamme voimaantumisesta<\/span><\/h2>\n\t<div id=\"gap-2114037104\" class=\"gap-element clearfix\" style=\"display:block; height:auto;\">\n\t\t\n<style>\n#gap-2114037104 {\n  padding-top: 60px;\n}\n<\/style>\n\t<\/div>\n\t\n<h2>SERA HELSINKI syntyi rakkaudesta k\u00e4sity\u00f6h\u00f6n ja designiin. Yrityksemme tarina juontaa kuitenkin juurensa Etiopiaan.\u00a0<\/h2>\n\t\t<\/div>\n\t\t\t\t\t<\/div>\n\n\t\n<\/div>\n\t<div id=\"gap-1435269144\" class=\"gap-element clearfix\" style=\"display:block; height:auto;\">\n\t\t\n<style>\n#gap-1435269144 {\n  padding-top: 60px;\n}\n<\/style>\n\t<\/div>\n\t\n<div class=\"row row-large row-full-width align-equal\"  id=\"row-83264184\">\n\n\t<div id=\"col-1517890996\" class=\"col medium-6 small-12 large-6\"  >\n\t\t\t\t<div class=\"col-inner\"  >\n\t\t\t\n\t\t\t\n  <div class=\"banner-grid-wrapper\">\n  <div id=\"banner-grid-1176773307\" class=\"banner-grid row row-grid row-full-width\" data-packery-options=\"\">\n                      \n<div class=\"col grid-col large-12 grid-col-1-2\" ><div class=\"col-inner\">\n\t<div class=\"img has-hover x md-x lg-x y md-y lg-y\" id=\"image_1455538802\">\n\t\t<a class=\"image-lightbox lightbox-gallery\" title=\"\" href=\"https:\/\/serahelsinki.com\/wp-content\/uploads\/2020\/04\/sera-weavers-top-1024x462.jpg\">\t\t\t\t\t\t<div class=\"img-inner dark\" >\n\t\t\t<img loading=\"lazy\" decoding=\"async\" width=\"1440\" height=\"650\" src=\"https:\/\/serahelsinki.com\/wp-content\/uploads\/2020\/04\/sera-weavers-top.jpg\" class=\"attachment-original size-original\" alt=\"\" srcset=\"https:\/\/serahelsinki.com\/wp-content\/uploads\/2020\/04\/sera-weavers-top.jpg 1440w, https:\/\/serahelsinki.com\/wp-content\/uploads\/2020\/04\/sera-weavers-top-100x45.jpg 100w, https:\/\/serahelsinki.com\/wp-content\/uploads\/2020\/04\/sera-weavers-top-1000x451.jpg 1000w, https:\/\/serahelsinki.com\/wp-content\/uploads\/2020\/04\/sera-weavers-top-300x135.jpg 300w, https:\/\/serahelsinki.com\/wp-content\/uploads\/2020\/04\/sera-weavers-top-1024x462.jpg 1024w, https:\/\/serahelsinki.com\/wp-content\/uploads\/2020\/04\/sera-weavers-top-768x347.jpg 768w\" sizes=\"auto, (max-width: 1440px) 100vw, 1440px\" \/>\t\t\t\t\t\t\n\t\t\t\t\t<\/div>\n\t\t\t\t\t\t<\/a>\t\t\n<style>\n#image_1455538802 {\n  width: 100%;\n}\n<\/style>\n\t<\/div>\n\t\n<\/div><\/div>\n<div class=\"col grid-col small-6 large-6 grid-col-1-2\" ><div class=\"col-inner\">\n\t<div class=\"img has-hover x md-x lg-x y md-y lg-y\" id=\"image_184978471\">\n\t\t<a class=\"image-lightbox lightbox-gallery\" title=\"\" href=\"https:\/\/serahelsinki.com\/wp-content\/uploads\/2020\/05\/sera-wool-2.jpg\">\t\t\t\t\t\t<div class=\"img-inner dark\" >\n\t\t\t<img loading=\"lazy\" decoding=\"async\" width=\"600\" height=\"600\" src=\"https:\/\/serahelsinki.com\/wp-content\/uploads\/2020\/05\/sera-wool-2.jpg\" class=\"attachment-original size-original\" alt=\"\" srcset=\"https:\/\/serahelsinki.com\/wp-content\/uploads\/2020\/05\/sera-wool-2.jpg 600w, https:\/\/serahelsinki.com\/wp-content\/uploads\/2020\/05\/sera-wool-2-100x100.jpg 100w, https:\/\/serahelsinki.com\/wp-content\/uploads\/2020\/05\/sera-wool-2-300x300.jpg 300w, https:\/\/serahelsinki.com\/wp-content\/uploads\/2020\/05\/sera-wool-2-150x150.jpg 150w\" sizes=\"auto, (max-width: 600px) 100vw, 600px\" \/>\t\t\t\t\t\t\n\t\t\t\t\t<\/div>\n\t\t\t\t\t\t<\/a>\t\t\n<style>\n#image_184978471 {\n  width: 100%;\n}\n<\/style>\n\t<\/div>\n\t\n<\/div><\/div>\n<div class=\"col grid-col small-6 large-6 grid-col-1-2\" ><div class=\"col-inner\">\n\t<div class=\"img has-hover x md-x lg-x y md-y lg-y\" id=\"image_1754889156\">\n\t\t<a class=\"image-lightbox lightbox-gallery\" title=\"\" href=\"https:\/\/serahelsinki.com\/wp-content\/uploads\/2020\/04\/sera-carpet-top-1024x858.jpg\">\t\t\t\t\t\t<div class=\"img-inner dark\" >\n\t\t\t<img loading=\"lazy\" decoding=\"async\" width=\"1854\" height=\"1554\" src=\"https:\/\/serahelsinki.com\/wp-content\/uploads\/2020\/04\/sera-carpet-top.jpg\" class=\"attachment-original size-original\" alt=\"\" srcset=\"https:\/\/serahelsinki.com\/wp-content\/uploads\/2020\/04\/sera-carpet-top.jpg 1854w, https:\/\/serahelsinki.com\/wp-content\/uploads\/2020\/04\/sera-carpet-top-100x84.jpg 100w, https:\/\/serahelsinki.com\/wp-content\/uploads\/2020\/04\/sera-carpet-top-1000x838.jpg 1000w, https:\/\/serahelsinki.com\/wp-content\/uploads\/2020\/04\/sera-carpet-top-300x251.jpg 300w, https:\/\/serahelsinki.com\/wp-content\/uploads\/2020\/04\/sera-carpet-top-1024x858.jpg 1024w, https:\/\/serahelsinki.com\/wp-content\/uploads\/2020\/04\/sera-carpet-top-768x644.jpg 768w, https:\/\/serahelsinki.com\/wp-content\/uploads\/2020\/04\/sera-carpet-top-1536x1287.jpg 1536w\" sizes=\"auto, (max-width: 1854px) 100vw, 1854px\" \/>\t\t\t\t\t\t\n\t\t\t\t\t<\/div>\n\t\t\t\t\t\t<\/a>\t\t\n<style>\n#image_1754889156 {\n  width: 100%;\n}\n<\/style>\n\t<\/div>\n\t\n<\/div><\/div>\n            <\/div>\n    <style>\n    #banner-grid-1176773307 .grid-col-1{height: 600px}\n    #banner-grid-1176773307 .grid-col-1-2{height: 300px}\n    #banner-grid-1176773307 .grid-col-1-3{height:200px}\n    #banner-grid-1176773307 .grid-col-2-3{height: 400px}\n    #banner-grid-1176773307 .grid-col-1-4{height: 150px}\n    #banner-grid-1176773307 .grid-col-3-4{height: 450px}\n\n\n    \n    \n\n  <\/style>\n    <\/div>\n  \n\t\t<\/div>\n\t\t\t\t\t<\/div>\n\n\t\n\n\t<div id=\"col-2034905225\" class=\"col medium-6 small-12 large-6\"  >\n\t\t\t\t<div class=\"col-inner\"  >\n\t\t\t\n\t\t\t\n<div class=\"is-divider divider clearfix\" style=\"margin-top:0em;margin-bottom:0em;max-width:100%;height:1px;background-color:rgb(0, 0, 0);\"><\/div>\n\t<div id=\"gap-1131558317\" class=\"gap-element clearfix\" style=\"display:block; height:auto;\">\n\t\t\n<style>\n#gap-1131558317 {\n  padding-top: 20px;\n}\n<\/style>\n\t<\/div>\n\t\n<h2>Rakkaudesta k\u00e4sity\u00f6h\u00f6n<\/h2>\n\t<div id=\"gap-2064160547\" class=\"gap-element clearfix\" style=\"display:block; height:auto;\">\n\t\t\n<style>\n#gap-2064160547 {\n  padding-top: 30px;\n}\n<\/style>\n\t<\/div>\n\t\n<p><span style=\"font-weight: 400;\">SERA HELSINGIN toimitusjohtaja ja perustaja Anna Suoheimo asui viisi vuotta Etiopiassa. Addis Abeban y\u00f6t ovat kylmi\u00e4, joten Anna p\u00e4\u00e4tti teett\u00e4\u00e4 paikallisilla k\u00e4sity\u00f6l\u00e4isill\u00e4 villamattoja kotiinsa. Anna h\u00e4mm\u00e4styi siit\u00e4, kuinka helppoa villamaton puhtaanapito oli taaperoperheess\u00e4 &#8211; jopa ruokap\u00f6yd\u00e4n alla ollut valkoinen matto s\u00e4ilyi tahrattomana. Mattojen ly\u00f6m\u00e4tt\u00f6m\u00e4t ominaisuudet ja k\u00e4sity\u00f6n laatu innoittivat Annan suunnittelemaan SERA HELSINGIN ensimm\u00e4isen malliston.<\/span><\/p>\n<a href=\"https:\/\/serahelsinki.com\/fi\/shop-2\/\" class=\"button primary is-link is-small\" >\n\t\t<span>tutustu mattoihimme<\/span>\n\t<i class=\"icon-angle-right\" aria-hidden=\"true\"><\/i><\/a>\n\n\t\t<\/div>\n\t\t\t\t\t<\/div>\n\n\t\n<\/div>\n<div class=\"row row-large row-full-width align-equal\"  id=\"row-876524481\">\n\n\t<div id=\"col-1694161787\" class=\"col medium-6 small-12 large-6\"  >\n\t\t\t\t<div class=\"col-inner\"  >\n\t\t\t\n\t\t\t\n<div class=\"is-divider divider clearfix\" style=\"margin-top:0em;margin-bottom:0em;max-width:100%;height:1px;background-color:rgb(0, 0, 0);\"><\/div>\n\t<div id=\"gap-761775043\" class=\"gap-element clearfix\" style=\"display:block; height:auto;\">\n\t\t\n<style>\n#gap-761775043 {\n  padding-top: 20px;\n}\n<\/style>\n\t<\/div>\n\t\n<h2>Annamme takaisin<\/h2>\n\t<div id=\"gap-275590998\" class=\"gap-element clearfix\" style=\"display:block; height:auto;\">\n\t\t\n<style>\n#gap-275590998 {\n  padding-top: 30px;\n}\n<\/style>\n\t<\/div>\n\t\n<p><span style=\"font-weight: 400;\">Pohjoismainen muotoiluperinne yhdistyy etiopialaiseen k\u00e4sity\u00f6h\u00f6n ja v\u00e4hemmist\u00f6jen voimaannuttamiseen ainutlaatuisella tavalla SERA HELSINGIN tuotteissa<\/span><i><span style=\"font-weight: 400;\">. <\/span><\/i><span style=\"font-weight: 400;\">Anna halusi luoda malliston, joka antaa takaisin h\u00e4nen rakastamalleen maalle. H\u00e4n aloitti ty\u00f6skentelyn kahdeksan kutojan kanssa, jotka olivat solmineet mattoja koko el\u00e4m\u00e4ns\u00e4. Alku oli vaikea, koska artesaaneilla ei ollut tarvittavia taitoja designmattojen valmistamiseen. Koska edes simppeleit\u00e4 ty\u00f6kaluja, kuten mittanauhaa, ei osattu k\u00e4ytt\u00e4\u00e4, SERA HELSINGIN alkuvaiheisiin sis\u00e4ltyi paljon kokeiluja ja erehdyksi\u00e4, mutta my\u00f6s onnistumisia. Lopulta Anna, tiimi ja kutojat onnistuivat luomaan toimivan mattojen valmistusprosessin.\u00a0 <\/span><\/p>\n<a href=\"https:\/\/serahelsinki.com\/fi\/ydintiimi\/\" class=\"button primary is-link is-small\" >\n\t\t<span>tutustu tiimiimme<\/span>\n\t<i class=\"icon-angle-right\" aria-hidden=\"true\"><\/i><\/a>\n\n\t\t<\/div>\n\t\t\t\t\t<\/div>\n\n\t\n\n\t<div id=\"col-1023358527\" class=\"col medium-6 small-12 large-6 small-col-first\"  >\n\t\t\t\t<div class=\"col-inner\"  >\n\t\t\t\n\t\t\t\n\t<div id=\"gap-1695012522\" class=\"gap-element clearfix\" style=\"display:block; height:auto;\">\n\t\t\n<style>\n#gap-1695012522 {\n  padding-top: 30px;\n}\n<\/style>\n\t<\/div>\n\t\n\t<div class=\"img has-hover x md-x lg-x y md-y lg-y\" id=\"image_502724713\">\n\t\t\t\t\t\t\t\t<div class=\"img-inner dark\" >\n\t\t\t<img loading=\"lazy\" decoding=\"async\" width=\"1020\" height=\"620\" src=\"https:\/\/serahelsinki.com\/wp-content\/uploads\/2021\/01\/Screenshot-2021-01-19-at-7.47.54-1024x622.png\" class=\"attachment-large size-large\" alt=\"\" srcset=\"https:\/\/serahelsinki.com\/wp-content\/uploads\/2021\/01\/Screenshot-2021-01-19-at-7.47.54-1024x622.png 1024w, https:\/\/serahelsinki.com\/wp-content\/uploads\/2021\/01\/Screenshot-2021-01-19-at-7.47.54-300x182.png 300w, https:\/\/serahelsinki.com\/wp-content\/uploads\/2021\/01\/Screenshot-2021-01-19-at-7.47.54-768x467.png 768w, https:\/\/serahelsinki.com\/wp-content\/uploads\/2021\/01\/Screenshot-2021-01-19-at-7.47.54-1000x608.png 1000w, https:\/\/serahelsinki.com\/wp-content\/uploads\/2021\/01\/Screenshot-2021-01-19-at-7.47.54-100x61.png 100w, https:\/\/serahelsinki.com\/wp-content\/uploads\/2021\/01\/Screenshot-2021-01-19-at-7.47.54.png 1152w\" sizes=\"auto, (max-width: 1020px) 100vw, 1020px\" \/>\t\t\t\t\t\t\n\t\t\t\t\t<\/div>\n\t\t\t\t\t\t\t\t\n<style>\n#image_502724713 {\n  width: 100%;\n}\n<\/style>\n\t<\/div>\n\t\n\t\t<\/div>\n\t\t\t\t\t<\/div>\n\n\t\n<\/div>\n\t<div id=\"gap-100688625\" class=\"gap-element clearfix\" style=\"display:block; height:auto;\">\n\t\t\n<style>\n#gap-100688625 {\n  padding-top: 60px;\n}\n<\/style>\n\t<\/div>\n\t\n<div class=\"row row-large row-full-width align-equal\"  id=\"row-139480900\">\n\n\t<div id=\"col-696774973\" class=\"col medium-6 small-12 large-6 small-col-first\"  >\n\t\t\t\t<div class=\"col-inner\"  >\n\t\t\t\n\t\t\t\n\t<div class=\"img has-hover x md-x lg-x y md-y lg-y\" id=\"image_1802084569\">\n\t\t<a class=\"image-lightbox lightbox-gallery\" title=\"\" href=\"https:\/\/serahelsinki.com\/wp-content\/uploads\/2020\/05\/sera-wool-5.jpg\">\t\t\t\t\t\t<div class=\"img-inner dark\" >\n\t\t\t<img loading=\"lazy\" decoding=\"async\" width=\"671\" height=\"600\" src=\"https:\/\/serahelsinki.com\/wp-content\/uploads\/2020\/05\/sera-wool-5.jpg\" class=\"attachment-original size-original\" alt=\"\" srcset=\"https:\/\/serahelsinki.com\/wp-content\/uploads\/2020\/05\/sera-wool-5.jpg 671w, https:\/\/serahelsinki.com\/wp-content\/uploads\/2020\/05\/sera-wool-5-100x89.jpg 100w, https:\/\/serahelsinki.com\/wp-content\/uploads\/2020\/05\/sera-wool-5-300x268.jpg 300w\" sizes=\"auto, (max-width: 671px) 100vw, 671px\" \/>\t\t\t\t\t\t\n\t\t\t\t\t<\/div>\n\t\t\t\t\t\t<\/a>\t\t\n<style>\n#image_1802084569 {\n  width: 100%;\n}\n<\/style>\n\t<\/div>\n\t\n\t\t<\/div>\n\t\t\t\t\t<\/div>\n\n\t\n\n\t<div id=\"col-245196595\" class=\"col medium-6 small-12 large-6 small-col-first\"  >\n\t\t\t\t<div class=\"col-inner\"  >\n\t\t\t\n\t\t\t\n<div class=\"is-divider divider clearfix\" style=\"margin-top:0em;margin-bottom:0em;max-width:100%;height:1px;background-color:rgb(0, 0, 0);\"><\/div>\n\t<div id=\"gap-1945589675\" class=\"gap-element clearfix\" style=\"display:block; height:auto;\">\n\t\t\n<style>\n#gap-1945589675 {\n  padding-top: 20px;\n}\n<\/style>\n\t<\/div>\n\t\n<h2>L\u00e4ht\u00f6kohtana voimaannuttaminen<\/h2>\n<\/p>\n\t<div id=\"gap-614777052\" class=\"gap-element clearfix\" style=\"display:block; height:auto;\">\n\t\t\n<style>\n#gap-614777052 {\n  padding-top: 60px;\n}\n<\/style>\n\t<\/div>\n\t\n<p><span style=\"font-weight: 400;\">Joka viides \u00e4\u00e4rimm\u00e4isess\u00e4 k\u00f6yhyydess\u00e4 el\u00e4v\u00e4 henkil\u00f6 on vammainen, ja monissa afrikkalaisissa kulttuureissa vammaisuus on suuri stigma. SERA HELSINKI on perustettu vuonna 2016 Etiopiassa, ja alusta alkaen tiesimme, ett\u00e4 haluamme ty\u00f6skennell\u00e4 Etiopian kaikista haavoittuvimpien v\u00e4hemmist\u00f6jen kanssa. Haluamme my\u00f6s osoittaa, ett\u00e4 artesaanit ovat lahjakkaita yhteis\u00f6ns\u00e4 j\u00e4seni\u00e4, jotka voivat ansaita oman elantonsa. Ty\u00f6paikan ansiosta v\u00e4hemmist\u00f6ill\u00e4 on paremmat vaikutusmahdollisuudet. Vakaamman toimeentulon my\u00f6t\u00e4 sek\u00e4 lapset, perheet ett\u00e4 yhteis\u00f6t voivat paremmin.<\/span><\/p>\n<a href=\"https:\/\/serahelsinki.com\/fi\/vaikutuksemme\/\" class=\"button primary is-link is-smaller\" >\n\t\t<span>lue lis\u00e4\u00e4 vaikutuksistamme<\/span>\n\t<i class=\"icon-angle-right\" aria-hidden=\"true\"><\/i><\/a>\n\n\t\t<\/div>\n\t\t\t\t\t<\/div>\n\n\t\n<\/div>\n<div class=\"row row-large row-full-width align-equal\"  id=\"row-678120846\">\n\n\t<div id=\"col-1866567476\" class=\"col medium-6 small-12 large-6\"  >\n\t\t\t\t<div class=\"col-inner\"  >\n\t\t\t\n\t\t\t\n<div class=\"is-divider divider clearfix\" style=\"margin-top:0em;margin-bottom:0em;max-width:100%;height:1px;background-color:rgb(0, 0, 0);\"><\/div>\n\t<div id=\"gap-137321883\" class=\"gap-element clearfix\" style=\"display:block; height:auto;\">\n\t\t\n<style>\n#gap-137321883 {\n  padding-top: 20px;\n}\n<\/style>\n\t<\/div>\n\t\n<h2>Yhdess\u00e4 enemm\u00e4n<\/h2>\n\t<div id=\"gap-1338656229\" class=\"gap-element clearfix\" style=\"display:block; height:auto;\">\n\t\t\n<style>\n#gap-1338656229 {\n  padding-top: 30px;\n}\n<\/style>\n\t<\/div>\n\t\n<p><span style=\"font-weight: 400;\">Jokainen SERA HELSINGIN matto on viikkojen tai kuukausien tiimity\u00f6n tulosta. Kun aloimme kouluttaa vammaisia mattojen kudontaan, huomasimme, ettei vammoista ole haittaa mattojen valmistuksessa. Artesaanimme ty\u00f6skentelev\u00e4t aina tiimeiss\u00e4, jolloin riitt\u00e4\u00e4, ett\u00e4 yksi n\u00e4kev\u00e4 artesaani voi auttaa tiimiin n\u00e4k\u00f6vammaisia onnistumaan. T\u00e4ll\u00e4 hetkell\u00e4 ty\u00f6llist\u00e4mme satoja vammaisia ja tiimimme kasvaa jatkuvasti.<\/span><\/p>\n<a href=\"https:\/\/serahelsinki.com\/fi\/prosessimme\/\" class=\"button primary is-link is-small\" >\n\t\t<span>lue lis\u00e4\u00e4 prosessistamme<\/span>\n\t<i class=\"icon-angle-right\" aria-hidden=\"true\"><\/i><\/a>\n\n\t\t<\/div>\n\t\t\t\t\t<\/div>\n\n\t\n\n\t<div id=\"col-1698140721\" class=\"col medium-6 small-12 large-6 small-col-first\"  >\n\t\t\t\t<div class=\"col-inner\"  >\n\t\t\t\n\t\t\t\n  <div class=\"banner-grid-wrapper\">\n  <div id=\"banner-grid-1463193917\" class=\"banner-grid row row-grid row-full-width\" data-packery-options=\"\">\n                      \n<div class=\"col grid-col large-6 grid-col-1-2\" ><div class=\"col-inner\">\n\t<div class=\"img has-hover x md-x lg-x y md-y lg-y\" id=\"image_981449238\">\n\t\t<a class=\"image-lightbox lightbox-gallery\" title=\"\" href=\"https:\/\/serahelsinki.com\/wp-content\/uploads\/2021\/01\/e962f3e7-04f7-4840-bd3a-adeb569521a8-768x1024.jpg\">\t\t\t\t\t\t<div class=\"img-inner dark\" >\n\t\t\t<img loading=\"lazy\" decoding=\"async\" width=\"1200\" height=\"1600\" src=\"https:\/\/serahelsinki.com\/wp-content\/uploads\/2021\/01\/e962f3e7-04f7-4840-bd3a-adeb569521a8.jpg\" class=\"attachment-original size-original\" alt=\"\" srcset=\"https:\/\/serahelsinki.com\/wp-content\/uploads\/2021\/01\/e962f3e7-04f7-4840-bd3a-adeb569521a8.jpg 1200w, https:\/\/serahelsinki.com\/wp-content\/uploads\/2021\/01\/e962f3e7-04f7-4840-bd3a-adeb569521a8-225x300.jpg 225w, https:\/\/serahelsinki.com\/wp-content\/uploads\/2021\/01\/e962f3e7-04f7-4840-bd3a-adeb569521a8-768x1024.jpg 768w, https:\/\/serahelsinki.com\/wp-content\/uploads\/2021\/01\/e962f3e7-04f7-4840-bd3a-adeb569521a8-1152x1536.jpg 1152w, https:\/\/serahelsinki.com\/wp-content\/uploads\/2021\/01\/e962f3e7-04f7-4840-bd3a-adeb569521a8-500x667.jpg 500w, https:\/\/serahelsinki.com\/wp-content\/uploads\/2021\/01\/e962f3e7-04f7-4840-bd3a-adeb569521a8-1000x1333.jpg 1000w, https:\/\/serahelsinki.com\/wp-content\/uploads\/2021\/01\/e962f3e7-04f7-4840-bd3a-adeb569521a8-100x133.jpg 100w\" sizes=\"auto, (max-width: 1200px) 100vw, 1200px\" \/>\t\t\t\t\t\t\n\t\t\t\t\t<\/div>\n\t\t\t\t\t\t<\/a>\t\t\n<style>\n#image_981449238 {\n  width: 100%;\n}\n<\/style>\n\t<\/div>\n\t\n<\/div><\/div>\n<div class=\"col grid-col large-6 grid-col-1-2\" ><div class=\"col-inner\">\n\n  <div class=\"banner has-hover\" id=\"banner-1970633504\">\n          <div class=\"banner-inner fill\">\n        <div class=\"banner-bg fill\" >\n            <img loading=\"lazy\" decoding=\"async\" width=\"800\" height=\"800\" src=\"https:\/\/serahelsinki.com\/wp-content\/uploads\/2020\/05\/thread-maker-1.jpg\" class=\"bg attachment-large size-large\" alt=\"\" \/>                                    \n                    <\/div>\n\t\t\n        <div class=\"banner-layers container\">\n            <div class=\"fill banner-link\"><\/div>            \n        <\/div>\n      <\/div>\n\n            \n<style>\n#banner-1970633504 {\n  padding-top: 400px;\n  background-color: rgb(243, 240, 236);\n}\n<\/style>\n  <\/div>\n\n\n<\/div><\/div>\n<div class=\"col grid-col large-6 grid-col-1-2\" ><div class=\"col-inner\">\n\n  <div class=\"banner has-hover\" id=\"banner-5269604\">\n          <div class=\"banner-inner fill\">\n        <div class=\"banner-bg fill\" >\n            <img loading=\"lazy\" decoding=\"async\" width=\"1020\" height=\"765\" src=\"https:\/\/serahelsinki.com\/wp-content\/uploads\/2021\/01\/ab098cc0-10bf-4b70-a5b7-add417baad1e.jpg\" class=\"bg attachment-large size-large\" alt=\"\" \/>                                    \n                    <\/div>\n\t\t\n        <div class=\"banner-layers container\">\n            <div class=\"fill banner-link\"><\/div>            \n        <\/div>\n      <\/div>\n\n            \n<style>\n#banner-5269604 {\n  padding-top: 400px;\n  background-color: rgb(243, 240, 236);\n}\n<\/style>\n  <\/div>\n\n\n<\/div><\/div>\n<div class=\"col grid-col large-6 grid-col-1-2\" ><div class=\"col-inner\">\n\n  <div class=\"banner has-hover\" id=\"banner-1865173031\">\n          <div class=\"banner-inner fill\">\n        <div class=\"banner-bg fill\" >\n            <img loading=\"lazy\" decoding=\"async\" width=\"768\" height=\"1024\" src=\"https:\/\/serahelsinki.com\/wp-content\/uploads\/2020\/09\/IMG_5253-768x1024.jpg\" class=\"bg attachment-large size-large\" alt=\"\" \/>                                    \n                    <\/div>\n\t\t\n        <div class=\"banner-layers container\">\n            <div class=\"fill banner-link\"><\/div>            \n        <\/div>\n      <\/div>\n\n            \n<style>\n#banner-1865173031 {\n  padding-top: 400px;\n  background-color: rgb(243, 240, 236);\n}\n<\/style>\n  <\/div>\n\n\n<\/div><\/div>\n            <\/div>\n    <style>\n    #banner-grid-1463193917 .grid-col-1{height: 600px}\n    #banner-grid-1463193917 .grid-col-1-2{height: 300px}\n    #banner-grid-1463193917 .grid-col-1-3{height:200px}\n    #banner-grid-1463193917 .grid-col-2-3{height: 400px}\n    #banner-grid-1463193917 .grid-col-1-4{height: 150px}\n    #banner-grid-1463193917 .grid-col-3-4{height: 450px}\n\n\n    \n    \n\n  <\/style>\n    <\/div>\n  \n\t\t<\/div>\n\t\t\t\t\t<\/div>\n\n\t\n<\/div>\n\t<div id=\"gap-1968981620\" class=\"gap-element clearfix\" style=\"display:block; height:auto;\">\n\t\t\n<style>\n#gap-1968981620 {\n  padding-top: 30px;\n}\n<\/style>\n\t<\/div>\n\t\n\t<div id=\"gap-1002392738\" class=\"gap-element clearfix\" style=\"display:block; height:auto;\">\n\t\t\n<style>\n#gap-1002392738 {\n  padding-top: 60px;\n}\n<\/style>\n\t<\/div>\n\t\n","protected":false},"excerpt":{"rendered":"","protected":false},"author":3,"featured_media":0,"parent":0,"menu_order":0,"comment_status":"closed","ping_status":"closed","template":"page-blank.php","meta":{"footnotes":""},"class_list":["post-3368","page","type-page","status-publish","hentry"],"_links":{"self":[{"href":"https:\/\/serahelsinki.com\/fi\/wp-json\/wp\/v2\/pages\/3368","targetHints":{"allow":["GET"]}}],"collection":[{"href":"https:\/\/serahelsinki.com\/fi\/wp-json\/wp\/v2\/pages"}],"about":[{"href":"https:\/\/serahelsinki.com\/fi\/wp-json\/wp\/v2\/types\/page"}],"author":[{"embeddable":true,"href":"https:\/\/serahelsinki.com\/fi\/wp-json\/wp\/v2\/users\/3"}],"replies":[{"embeddable":true,"href":"https:\/\/serahelsinki.com\/fi\/wp-json\/wp\/v2\/comments?post=3368"}],"version-history":[{"count":7,"href":"https:\/\/serahelsinki.com\/fi\/wp-json\/wp\/v2\/pages\/3368\/revisions"}],"predecessor-version":[{"id":3644,"href":"https:\/\/serahelsinki.com\/fi\/wp-json\/wp\/v2\/pages\/3368\/revisions\/3644"}],"wp:attachment":[{"href":"https:\/\/serahelsinki.com\/fi\/wp-json\/wp\/v2\/media?parent=3368"}],"curies":[{"name":"wp","href":"https:\/\/api.w.org\/{rel}","templated":true}]}}