{"id":3475,"date":"2020-08-17T07:27:37","date_gmt":"2020-08-17T04:27:37","guid":{"rendered":"https:\/\/serahelsinki.com\/product\/hanki-matto\/"},"modified":"2023-01-24T12:41:24","modified_gmt":"2023-01-24T10:41:24","slug":"hanki-matto","status":"publish","type":"product","link":"https:\/\/serahelsinki.com\/fi\/tuote\/hanki-matto\/","title":{"rendered":"Hanki matto"},"content":{"rendered":"<span class=\"scroll-to\" data-label=\"Scroll to: #read-more\" data-bullet=\"false\" data-link=\"#read-more\" data-title=\"read-more\"><a name=\"read-more\"><\/a><\/span>\n<div class=\"row row-large row-full-width\"  id=\"row-1119053012\">\n<\/div>\n<div class=\"row row-large row-full-width align-equal\"  id=\"row-178369553\">\n\n\t<div id=\"col-1452846229\" class=\"col medium-6 small-12 large-6\"  >\n\t\t\t\t<div class=\"col-inner\"  >\n\t\t\t\n\t\t\t\n<div class=\"is-divider divider clearfix\" style=\"margin-top:0em;margin-bottom:0em;max-width:100%;height:1px;background-color:rgb(0, 0, 0);\"><\/div>\n\t<div id=\"gap-966642764\" class=\"gap-element clearfix\" style=\"display:block; height:auto;\">\n\t\t\n<style>\n#gap-966642764 {\n  padding-top: 20px;\n}\n<\/style>\n\t<\/div>\n\t\n<h2><span style=\"font-size: 150%;\">Hanki<\/span><\/h2>\n\t<div id=\"gap-1097511257\" class=\"gap-element clearfix\" style=\"display:block; height:auto;\">\n\t\t\n<style>\n#gap-1097511257 {\n  padding-top: 60px;\n}\n<\/style>\n\t<\/div>\n\t\n<p><span style=\"font-size: 21.600000381469727px;\">Hanki on klassinen luonnonvalkoinen villamatto. Saatavilla sek\u00e4 solmittuna ett\u00e4 kudottuna useassa koossa.\u00a0<\/span><\/p>\n<p><span style=\"font-size: 21.600000381469727px;\">Toimitusaika is 2-3 kuukautta.\u00a0<\/span><\/p>\n\t\t<\/div>\n\t\t\t\t\t<\/div>\n\n\t\n\n\t<div id=\"col-965140708\" class=\"col medium-6 small-12 large-6\"  >\n\t\t\t\t<div class=\"col-inner\"  >\n\t\t\t\n\t\t\t\n  <div class=\"banner-grid-wrapper\">\n  <div id=\"banner-grid-822037693\" class=\"banner-grid row row-grid\" data-packery-options=\"\">\n                      \n<div class=\"col grid-col small-6 large-12 grid-col-1\" ><div class=\"col-inner\">\n\t<div class=\"img has-hover x md-x lg-x y md-y lg-y\" id=\"image_465539244\">\n\t\t<a class=\"image-lightbox lightbox-gallery\" title=\"\" href=\"https:\/\/serahelsinki.com\/wp-content\/uploads\/2020\/08\/DFA_PLC_AIDA_MULUNEH_SERA_HELSINKI_OCTOBER_2017-0775-683x1024.jpg\">\t\t\t\t\t\t<div class=\"img-inner dark\" >\n\t\t\t<img loading=\"lazy\" decoding=\"async\" width=\"1707\" height=\"2560\" src=\"https:\/\/serahelsinki.com\/wp-content\/uploads\/2020\/08\/DFA_PLC_AIDA_MULUNEH_SERA_HELSINKI_OCTOBER_2017-0775-scaled.jpg\" class=\"attachment-original size-original\" alt=\"\" srcset=\"https:\/\/serahelsinki.com\/wp-content\/uploads\/2020\/08\/DFA_PLC_AIDA_MULUNEH_SERA_HELSINKI_OCTOBER_2017-0775-scaled.jpg 1707w, https:\/\/serahelsinki.com\/wp-content\/uploads\/2020\/08\/DFA_PLC_AIDA_MULUNEH_SERA_HELSINKI_OCTOBER_2017-0775-scaled-100x150.jpg 100w, https:\/\/serahelsinki.com\/wp-content\/uploads\/2020\/08\/DFA_PLC_AIDA_MULUNEH_SERA_HELSINKI_OCTOBER_2017-0775-scaled-1000x1500.jpg 1000w, https:\/\/serahelsinki.com\/wp-content\/uploads\/2020\/08\/DFA_PLC_AIDA_MULUNEH_SERA_HELSINKI_OCTOBER_2017-0775-200x300.jpg 200w, https:\/\/serahelsinki.com\/wp-content\/uploads\/2020\/08\/DFA_PLC_AIDA_MULUNEH_SERA_HELSINKI_OCTOBER_2017-0775-683x1024.jpg 683w, https:\/\/serahelsinki.com\/wp-content\/uploads\/2020\/08\/DFA_PLC_AIDA_MULUNEH_SERA_HELSINKI_OCTOBER_2017-0775-300x450.jpg 300w, https:\/\/serahelsinki.com\/wp-content\/uploads\/2020\/08\/DFA_PLC_AIDA_MULUNEH_SERA_HELSINKI_OCTOBER_2017-0775-768x1152.jpg 768w, https:\/\/serahelsinki.com\/wp-content\/uploads\/2020\/08\/DFA_PLC_AIDA_MULUNEH_SERA_HELSINKI_OCTOBER_2017-0775-1024x1536.jpg 1024w, https:\/\/serahelsinki.com\/wp-content\/uploads\/2020\/08\/DFA_PLC_AIDA_MULUNEH_SERA_HELSINKI_OCTOBER_2017-0775-1365x2048.jpg 1365w\" sizes=\"auto, (max-width: 1707px) 100vw, 1707px\" \/>\t\t\t\t\t\t\n\t\t\t\t\t<\/div>\n\t\t\t\t\t\t<\/a>\t\t\n<style>\n#image_465539244 {\n  width: 100%;\n}\n<\/style>\n\t<\/div>\n\t\n<\/div><\/div>\n            <\/div>\n    <style>\n    #banner-grid-822037693 .grid-col-1{height: 600px}\n    #banner-grid-822037693 .grid-col-1-2{height: 300px}\n    #banner-grid-822037693 .grid-col-1-3{height:200px}\n    #banner-grid-822037693 .grid-col-2-3{height: 400px}\n    #banner-grid-822037693 .grid-col-1-4{height: 150px}\n    #banner-grid-822037693 .grid-col-3-4{height: 450px}\n\n\n    \n    \n\n  <\/style>\n    <\/div>\n  \n\t\t<\/div>\n\t\t\t\t\t<\/div>\n\n\t\n<\/div>\n<div class=\"row row-large row-full-width align-equal\"  id=\"row-1751863889\">\n\n\t<div id=\"col-2090963743\" class=\"col hide-for-small medium-6 small-12 large-6\"  >\n\t\t\t\t<div class=\"col-inner\"  >\n\t\t\t\n\t\t\t\n\t\t<\/div>\n\t\t\t\t\t<\/div>\n\n\t\n\n\t<div id=\"col-1963993635\" class=\"col medium-6 small-12 large-6\"  >\n\t\t\t\t<div class=\"col-inner\"  >\n\t\t\t\n\t\t\t\n<div class=\"is-divider divider clearfix\" style=\"margin-top:0em;margin-bottom:0em;max-width:100%;height:1px;background-color:rgb(0, 0, 0);\"><\/div>\n\t<div id=\"gap-606400266\" class=\"gap-element clearfix\" style=\"display:block; height:auto;\">\n\t\t\n<style>\n#gap-606400266 {\n  padding-top: 20px;\n}\n<\/style>\n\t<\/div>\n\t\n<h2><span style=\"font-size: 150%;\">Tuotannosta<\/span><\/h2>\n<p>\u00a0<\/p>\n\t<div id=\"gap-1944383646\" class=\"gap-element clearfix\" style=\"display:block; height:auto;\">\n\t\t\n<style>\n#gap-1944383646 {\n  padding-top: 60px;\n}\n<\/style>\n\t<\/div>\n\t\n<p><span style=\"font-weight: 400;\">Mattomme tehd\u00e4\u00e4n k\u00e4sity\u00f6n\u00e4 tilauksesta. Ostaessasi maton verkkokaupastamme, aloitamme tuotannon Etiopiassa. L\u00e4het\u00e4mme sinulle kuvia ja v\u00e4liaikatietoja maton tekoprosessin aikana. Toimitusaika on 2-3 kk.\u00a0<\/span><\/p>\n<p><span style=\"font-weight: 400;\">Jokainen matto on k\u00e4sin valmistettu ja ainutlaatuinen. Valmistuksessa k\u00e4ytetty lanka ei ole kemikaalisesti k\u00e4sitelty (valkaistu tai v\u00e4rj\u00e4tty) ja t\u00e4st\u00e4 syyst\u00e4 maton v\u00e4ritys on luonnonmukainen. My\u00f6s mattojen koot saattavat vaihdella muutamilla senttimetreill\u00e4. Matoista on my\u00f6s saatavilla kustomoituja kokoja. Voit tiedustella eri kokovaihtoehdoista s\u00e4hk\u00f6postitse tai puhelimitse. Pyyd\u00e4mme huomioimaan, ett\u00e4 mattojen s\u00e4vyt saattavat hieman vaihdella. T\u00e4m\u00e4 ei kuitenkaan ole virhe vaan luontaista k\u00e4sity\u00f6n\u00e4 tehdyille tuotteille. <\/span><\/p>\n<a href=\"https:\/\/serahelsinki.com\/?page_id=586\" class=\"button primary is-link is-small\" >\n\t\t<span>Lue lis\u00e4\u00e4<\/span>\n\t<i class=\"icon-angle-right\" aria-hidden=\"true\"><\/i><\/a>\n\n\t\t<\/div>\n\t\t\t\t\t<\/div>\n\n\t\n<\/div>\n","protected":false},"excerpt":{"rendered":"<hr \/>\n<p>Saatavilla kolmessa eri koossa. Toimitusaika 2-3 kuukautta.<\/p>\n<p>&nbsp;<\/p>\n","protected":false},"featured_media":2634,"comment_status":"open","ping_status":"closed","template":"","meta":[],"product_brand":[],"product_cat":[75],"product_tag":[],"class_list":{"0":"post-3475","1":"product","2":"type-product","3":"status-publish","4":"has-post-thumbnail","6":"product_cat-matot-fi","8":"first","9":"instock","10":"taxable","11":"shipping-taxable","12":"purchasable","13":"product-type-variable"},"_links":{"self":[{"href":"https:\/\/serahelsinki.com\/fi\/wp-json\/wp\/v2\/product\/3475","targetHints":{"allow":["GET"]}}],"collection":[{"href":"https:\/\/serahelsinki.com\/fi\/wp-json\/wp\/v2\/product"}],"about":[{"href":"https:\/\/serahelsinki.com\/fi\/wp-json\/wp\/v2\/types\/product"}],"replies":[{"embeddable":true,"href":"https:\/\/serahelsinki.com\/fi\/wp-json\/wp\/v2\/comments?post=3475"}],"wp:featuredmedia":[{"embeddable":true,"href":"https:\/\/serahelsinki.com\/fi\/wp-json\/wp\/v2\/media\/2634"}],"wp:attachment":[{"href":"https:\/\/serahelsinki.com\/fi\/wp-json\/wp\/v2\/media?parent=3475"}],"wp:term":[{"taxonomy":"product_brand","embeddable":true,"href":"https:\/\/serahelsinki.com\/fi\/wp-json\/wp\/v2\/product_brand?post=3475"},{"taxonomy":"product_cat","embeddable":true,"href":"https:\/\/serahelsinki.com\/fi\/wp-json\/wp\/v2\/product_cat?post=3475"},{"taxonomy":"product_tag","embeddable":true,"href":"https:\/\/serahelsinki.com\/fi\/wp-json\/wp\/v2\/product_tag?post=3475"}],"curies":[{"name":"wp","href":"https:\/\/api.w.org\/{rel}","templated":true}]}}