{"id":3508,"date":"2020-08-17T04:47:33","date_gmt":"2020-08-17T01:47:33","guid":{"rendered":"https:\/\/serahelsinki.com\/product\/laine-matto-solmittu\/"},"modified":"2023-01-24T12:48:07","modified_gmt":"2023-01-24T10:48:07","slug":"laine-matto-solmittu","status":"publish","type":"product","link":"https:\/\/serahelsinki.com\/fi\/tuote\/laine-matto-solmittu\/","title":{"rendered":"Laine matto &#8211; solmittu"},"content":{"rendered":"<span class=\"scroll-to\" data-label=\"Scroll to: #read-more\" data-bullet=\"false\" data-link=\"#read-more\" data-title=\"read-more\"><a name=\"read-more\"><\/a><\/span>\n<div class=\"row row-large row-full-width\"  id=\"row-44632564\">\n\n\t<div id=\"col-1522731768\" class=\"col small-12 large-12\"  >\n\t\t\t\t<div class=\"col-inner\"  >\n\t\t\t\n\t\t\t\n\t<div class=\"img has-hover x md-x lg-x y md-y lg-y\" id=\"image_1912006017\">\n\t\t\t\t\t\t\t\t<div class=\"img-inner dark\" >\n\t\t\t<img loading=\"lazy\" decoding=\"async\" width=\"1894\" height=\"2560\" src=\"https:\/\/serahelsinki.com\/wp-content\/uploads\/2020\/08\/Laine_low_white_knotted-scaled.jpg\" class=\"attachment-original size-original\" alt=\"\" srcset=\"https:\/\/serahelsinki.com\/wp-content\/uploads\/2020\/08\/Laine_low_white_knotted-scaled.jpg 1894w, https:\/\/serahelsinki.com\/wp-content\/uploads\/2020\/08\/Laine_low_white_knotted-scaled-100x135.jpg 100w, https:\/\/serahelsinki.com\/wp-content\/uploads\/2020\/08\/Laine_low_white_knotted-scaled-1000x1352.jpg 1000w, https:\/\/serahelsinki.com\/wp-content\/uploads\/2020\/08\/Laine_low_white_knotted-222x300.jpg 222w, https:\/\/serahelsinki.com\/wp-content\/uploads\/2020\/08\/Laine_low_white_knotted-758x1024.jpg 758w, https:\/\/serahelsinki.com\/wp-content\/uploads\/2020\/08\/Laine_low_white_knotted-768x1038.jpg 768w, https:\/\/serahelsinki.com\/wp-content\/uploads\/2020\/08\/Laine_low_white_knotted-1137x1536.jpg 1137w, https:\/\/serahelsinki.com\/wp-content\/uploads\/2020\/08\/Laine_low_white_knotted-1516x2048.jpg 1516w\" sizes=\"auto, (max-width: 1894px) 100vw, 1894px\" \/>\t\t\t\t\t\t\n\t\t\t\t\t<\/div>\n\t\t\t\t\t\t\t\t\n<style>\n#image_1912006017 {\n  width: 100%;\n}\n<\/style>\n\t<\/div>\n\t\n\t\t<\/div>\n\t\t\t\t\t<\/div>\n\n\t\n<\/div>\n<div class=\"row row-large row-full-width align-equal\"  id=\"row-1647593577\">\n\n\t<div id=\"col-441193889\" class=\"col medium-6 small-12 large-6\"  >\n\t\t\t\t<div class=\"col-inner\"  >\n\t\t\t\n\t\t\t\n<div class=\"is-divider divider clearfix\" style=\"margin-top:0em;margin-bottom:0em;max-width:100%;height:1px;background-color:rgb(0, 0, 0);\"><\/div>\n\t<div id=\"gap-23040858\" class=\"gap-element clearfix\" style=\"display:block; height:auto;\">\n\t\t\n<style>\n#gap-23040858 {\n  padding-top: 20px;\n}\n<\/style>\n\t<\/div>\n\t\n<h2><span style=\"font-size: 150%;\">Laine\u00a0<\/span><\/h2>\n\t<div id=\"gap-912807016\" class=\"gap-element clearfix\" style=\"display:block; height:auto;\">\n\t\t\n<style>\n#gap-912807016 {\n  padding-top: 60px;\n}\n<\/style>\n\t<\/div>\n\t\n<p><span style=\"font-size: 150%;\">Laine on Anna Pirkolan suunnittelema, Saaristo-malliston matto. T\u00e4m\u00e4 persoonallinen matto on solmittu, miss\u00e4 on solmittuja kohokuvioita. Kuvio on korkeudeltaan noin 2,5 cm ja maton pohja noin 0,5 cm. Saatavilla kolmessa eri v\u00e4riss\u00e4. Matto identtinen kudotun mallin kanssa, mutta solmittuna valmistettu pohja on erilainen.\u00a0<\/span><\/p>\n<p><span style=\"font-size: 150%;\">Toimitusaika on 2-3 kuukautta. \u00a0<\/span><\/p>\n\t\t<\/div>\n\t\t\t\t\t<\/div>\n\n\t\n\n\t<div id=\"col-841780984\" class=\"col medium-6 small-12 large-6\"  >\n\t\t\t\t<div class=\"col-inner\"  >\n\t\t\t\n\t\t\t\n\t<div class=\"img has-hover x md-x lg-x y md-y lg-y\" id=\"image_1289977689\">\n\t\t<a class=\"image-lightbox lightbox-gallery\" title=\"\" href=\"https:\/\/serahelsinki.com\/wp-content\/uploads\/2020\/08\/Laine_low_brown_knotted-741x1024.jpeg\">\t\t\t\t\t\t<div class=\"img-inner dark\" >\n\t\t\t<img loading=\"lazy\" decoding=\"async\" width=\"1853\" height=\"2560\" src=\"https:\/\/serahelsinki.com\/wp-content\/uploads\/2020\/08\/Laine_low_brown_knotted-scaled.jpeg\" class=\"attachment-original size-original\" alt=\"\" srcset=\"https:\/\/serahelsinki.com\/wp-content\/uploads\/2020\/08\/Laine_low_brown_knotted-scaled.jpeg 1853w, https:\/\/serahelsinki.com\/wp-content\/uploads\/2020\/08\/Laine_low_brown_knotted-scaled-100x138.jpeg 100w, https:\/\/serahelsinki.com\/wp-content\/uploads\/2020\/08\/Laine_low_brown_knotted-scaled-1000x1382.jpeg 1000w, https:\/\/serahelsinki.com\/wp-content\/uploads\/2020\/08\/Laine_low_brown_knotted-217x300.jpeg 217w, https:\/\/serahelsinki.com\/wp-content\/uploads\/2020\/08\/Laine_low_brown_knotted-741x1024.jpeg 741w, https:\/\/serahelsinki.com\/wp-content\/uploads\/2020\/08\/Laine_low_brown_knotted-768x1061.jpeg 768w, https:\/\/serahelsinki.com\/wp-content\/uploads\/2020\/08\/Laine_low_brown_knotted-1112x1536.jpeg 1112w, https:\/\/serahelsinki.com\/wp-content\/uploads\/2020\/08\/Laine_low_brown_knotted-1483x2048.jpeg 1483w\" sizes=\"auto, (max-width: 1853px) 100vw, 1853px\" \/>\t\t\t\t\t\t\n\t\t\t\t\t<\/div>\n\t\t\t\t\t\t<\/a>\t\t\n<style>\n#image_1289977689 {\n  width: 100%;\n}\n<\/style>\n\t<\/div>\n\t\n\t\t<\/div>\n\t\t\t\t\t<\/div>\n\n\t\n<\/div>\n<div class=\"row row-large row-full-width align-equal\"  id=\"row-763671232\">\n\n\t<div id=\"col-925583870\" class=\"col hide-for-small medium-6 small-12 large-6\"  >\n\t\t\t\t<div class=\"col-inner\"  >\n\t\t\t\n\t\t\t\n\t\t<\/div>\n\t\t\t\t\t<\/div>\n\n\t\n\n\t<div id=\"col-1086823017\" class=\"col medium-6 small-12 large-6\"  >\n\t\t\t\t<div class=\"col-inner\"  >\n\t\t\t\n\t\t\t\n<div class=\"is-divider divider clearfix\" style=\"margin-top:0em;margin-bottom:0em;max-width:100%;height:1px;background-color:rgb(0, 0, 0);\"><\/div>\n\t<div id=\"gap-1152950577\" class=\"gap-element clearfix\" style=\"display:block; height:auto;\">\n\t\t\n<style>\n#gap-1152950577 {\n  padding-top: 20px;\n}\n<\/style>\n\t<\/div>\n\t\n<h2><span style=\"font-size: 150%;\">Tuotannosta<\/span><\/h2>\n<p>\u00a0<\/p>\n\t<div id=\"gap-1052106825\" class=\"gap-element clearfix\" style=\"display:block; height:auto;\">\n\t\t\n<style>\n#gap-1052106825 {\n  padding-top: 60px;\n}\n<\/style>\n\t<\/div>\n\t\n<p><span style=\"font-weight: 400;\">Mattomme tehd\u00e4\u00e4n k\u00e4sity\u00f6n\u00e4 tilauksesta. Ostaessasi maton verkkokaupastamme, aloitamme tuotannon Etiopiassa. L\u00e4het\u00e4mme sinulle kuvia ja v\u00e4liaikatietoja maton tekoprosessin aikana. Toimitusaika on 2-3 kk.\u00a0<\/span><\/p>\n<p><span style=\"font-weight: 400;\">Jokainen matto on k\u00e4sin valmistettu ja ainutlaatuinen. Valmistuksessa k\u00e4ytetty lanka ei ole kemikaalisesti k\u00e4sitelty (valkaistu tai v\u00e4rj\u00e4tty) ja t\u00e4st\u00e4 syyst\u00e4 maton v\u00e4ritys on luonnonmukainen. My\u00f6s mattojen koot saattavat vaihdella muutamilla senttimetreill\u00e4. Matoista on my\u00f6s saatavilla kustomoituja kokoja. Voit tiedustella eri kokovaihtoehdoista s\u00e4hk\u00f6postitse tai puhelimitse. Pyyd\u00e4mme huomioimaan, ett\u00e4 mattojen s\u00e4vyt saattavat hieman vaihdella. T\u00e4m\u00e4 ei kuitenkaan ole virhe vaan luontaista k\u00e4sity\u00f6n\u00e4 tehdyille tuotteille. <\/span><\/p>\n<a href=\"https:\/\/serahelsinki.com\/?page_id=586\" class=\"button primary is-link is-small\" >\n\t\t<span>Lue lis\u00e4\u00e4<\/span>\n\t<i class=\"icon-angle-right\" aria-hidden=\"true\"><\/i><\/a>\n\n\t\t<\/div>\n\t\t\t\t\t<\/div>\n\n\t\n<\/div>\n","protected":false},"excerpt":{"rendered":"<hr \/>\n<p>Saatavilla kahdessa eri koossa. Toimitusaika 2-3 kuukautta.<\/p>\n<a href=\"#read-more\" class=\"button primary is-link is-xxsmall\" >\n\t\t<span>Additional Information<\/span>\n\t<i class=\"icon-angle-down\" aria-hidden=\"true\"><\/i><\/a>\n\n","protected":false},"featured_media":2607,"comment_status":"open","ping_status":"closed","template":"","meta":[],"product_brand":[],"product_cat":[75],"product_tag":[],"class_list":{"0":"post-3508","1":"product","2":"type-product","3":"status-publish","4":"has-post-thumbnail","6":"product_cat-matot-fi","8":"first","9":"instock","10":"taxable","11":"shipping-taxable","12":"purchasable","13":"product-type-variable"},"_links":{"self":[{"href":"https:\/\/serahelsinki.com\/fi\/wp-json\/wp\/v2\/product\/3508","targetHints":{"allow":["GET"]}}],"collection":[{"href":"https:\/\/serahelsinki.com\/fi\/wp-json\/wp\/v2\/product"}],"about":[{"href":"https:\/\/serahelsinki.com\/fi\/wp-json\/wp\/v2\/types\/product"}],"replies":[{"embeddable":true,"href":"https:\/\/serahelsinki.com\/fi\/wp-json\/wp\/v2\/comments?post=3508"}],"wp:featuredmedia":[{"embeddable":true,"href":"https:\/\/serahelsinki.com\/fi\/wp-json\/wp\/v2\/media\/2607"}],"wp:attachment":[{"href":"https:\/\/serahelsinki.com\/fi\/wp-json\/wp\/v2\/media?parent=3508"}],"wp:term":[{"taxonomy":"product_brand","embeddable":true,"href":"https:\/\/serahelsinki.com\/fi\/wp-json\/wp\/v2\/product_brand?post=3508"},{"taxonomy":"product_cat","embeddable":true,"href":"https:\/\/serahelsinki.com\/fi\/wp-json\/wp\/v2\/product_cat?post=3508"},{"taxonomy":"product_tag","embeddable":true,"href":"https:\/\/serahelsinki.com\/fi\/wp-json\/wp\/v2\/product_tag?post=3508"}],"curies":[{"name":"wp","href":"https:\/\/api.w.org\/{rel}","templated":true}]}}