{"id":3515,"date":"2020-07-22T12:31:09","date_gmt":"2020-07-22T09:31:09","guid":{"rendered":"https:\/\/serahelsinki.com\/product\/e-1027-matto-solmittu\/"},"modified":"2023-01-24T12:47:21","modified_gmt":"2023-01-24T10:47:21","slug":"e-1027-matto-solmittu","status":"publish","type":"product","link":"https:\/\/serahelsinki.com\/fi\/tuote\/e-1027-matto-solmittu\/","title":{"rendered":"E-1027 matto &#8211; solmittu"},"content":{"rendered":"<span class=\"scroll-to\" data-label=\"Scroll to: #read-more\" data-bullet=\"false\" data-link=\"#read-more\" data-title=\"read-more\"><a name=\"read-more\"><\/a><\/span>\n<div class=\"row row-large row-full-width\"  id=\"row-1015622107\">\n\n\t<div id=\"col-701441032\" class=\"col small-12 large-12\"  >\n\t\t\t\t<div class=\"col-inner\"  >\n\t\t\t\n\t\t\t\n\t<div class=\"img has-hover x md-x lg-x y md-y lg-y\" id=\"image_1494312911\">\n\t\t\t\t\t\t\t\t<div class=\"img-inner dark\" >\n\t\t\t<img loading=\"lazy\" decoding=\"async\" width=\"2512\" height=\"2560\" src=\"https:\/\/serahelsinki.com\/wp-content\/uploads\/2020\/07\/E1027_BlackKnotted_Copyrights_SeraHelsinki_k01-kopioi-copy-scaled.jpg\" class=\"attachment-original size-original\" alt=\"\" srcset=\"https:\/\/serahelsinki.com\/wp-content\/uploads\/2020\/07\/E1027_BlackKnotted_Copyrights_SeraHelsinki_k01-kopioi-copy-scaled.jpg 2512w, https:\/\/serahelsinki.com\/wp-content\/uploads\/2020\/07\/E1027_BlackKnotted_Copyrights_SeraHelsinki_k01-kopioi-copy-scaled-100x102.jpg 100w, https:\/\/serahelsinki.com\/wp-content\/uploads\/2020\/07\/E1027_BlackKnotted_Copyrights_SeraHelsinki_k01-kopioi-copy-scaled-1000x1019.jpg 1000w, https:\/\/serahelsinki.com\/wp-content\/uploads\/2020\/07\/E1027_BlackKnotted_Copyrights_SeraHelsinki_k01-kopioi-copy-294x300.jpg 294w, https:\/\/serahelsinki.com\/wp-content\/uploads\/2020\/07\/E1027_BlackKnotted_Copyrights_SeraHelsinki_k01-kopioi-copy-1005x1024.jpg 1005w, https:\/\/serahelsinki.com\/wp-content\/uploads\/2020\/07\/E1027_BlackKnotted_Copyrights_SeraHelsinki_k01-kopioi-copy-768x783.jpg 768w, https:\/\/serahelsinki.com\/wp-content\/uploads\/2020\/07\/E1027_BlackKnotted_Copyrights_SeraHelsinki_k01-kopioi-copy-1507x1536.jpg 1507w, https:\/\/serahelsinki.com\/wp-content\/uploads\/2020\/07\/E1027_BlackKnotted_Copyrights_SeraHelsinki_k01-kopioi-copy-2010x2048.jpg 2010w\" sizes=\"auto, (max-width: 2512px) 100vw, 2512px\" \/>\t\t\t\t\t\t\n\t\t\t\t\t<\/div>\n\t\t\t\t\t\t\t\t\n<style>\n#image_1494312911 {\n  width: 100%;\n}\n<\/style>\n\t<\/div>\n\t\n\t\t<\/div>\n\t\t\t\t\t<\/div>\n\n\t\n<\/div>\n<div class=\"row row-large row-full-width align-equal\"  id=\"row-2005167427\">\n\n\t<div id=\"col-1856563449\" class=\"col medium-6 small-12 large-6\"  >\n\t\t\t\t<div class=\"col-inner\"  >\n\t\t\t\n\t\t\t\n<div class=\"is-divider divider clearfix\" style=\"margin-top:0em;margin-bottom:0em;max-width:100%;height:1px;background-color:rgb(0, 0, 0);\"><\/div>\n\t<div id=\"gap-496825777\" class=\"gap-element clearfix\" style=\"display:block; height:auto;\">\n\t\t\n<style>\n#gap-496825777 {\n  padding-top: 20px;\n}\n<\/style>\n\t<\/div>\n\t\n<h2><span style=\"font-size: 150%;\">E-1027<\/span><\/h2>\n\t<div id=\"gap-1816147285\" class=\"gap-element clearfix\" style=\"display:block; height:auto;\">\n\t\t\n<style>\n#gap-1816147285 {\n  padding-top: 60px;\n}\n<\/style>\n\t<\/div>\n\t\n<p><span style=\"font-size: 150%;\">E-1027 on Samu-Jussi Kosken suunnittelema uniikki matto kahdessa eri korkeudessa. Maton kuvio on 2,5 cm korkea ja maton pohja noin 1 cm korkea. <\/span><\/p>\n\t\t<\/div>\n\t\t\t\t\t<\/div>\n\n\t\n\n\t<div id=\"col-1079112860\" class=\"col medium-6 small-12 large-6\"  >\n\t\t\t\t<div class=\"col-inner\"  >\n\t\t\t\n\t\t\t\n<div class=\"row\"  id=\"row-624712780\">\n\n\t<div id=\"col-1490782327\" class=\"col medium-6 small-12 large-6\"  >\n\t\t\t\t<div class=\"col-inner\"  >\n\t\t\t\n\t\t\t\n\t<div class=\"img has-hover x md-x lg-x y md-y lg-y\" id=\"image_1801912609\">\n\t\t\t\t\t\t\t\t<div class=\"img-inner dark\" >\n\t\t\t<img loading=\"lazy\" decoding=\"async\" width=\"683\" height=\"1024\" src=\"https:\/\/serahelsinki.com\/wp-content\/uploads\/2020\/07\/E1027_BlackKnoteed_closeup_Copyrights_SeraHelsinki_k02-1-683x1024.jpg\" class=\"attachment-large size-large\" alt=\"\" srcset=\"https:\/\/serahelsinki.com\/wp-content\/uploads\/2020\/07\/E1027_BlackKnoteed_closeup_Copyrights_SeraHelsinki_k02-1-683x1024.jpg 683w, https:\/\/serahelsinki.com\/wp-content\/uploads\/2020\/07\/E1027_BlackKnoteed_closeup_Copyrights_SeraHelsinki_k02-1-scaled-100x150.jpg 100w, https:\/\/serahelsinki.com\/wp-content\/uploads\/2020\/07\/E1027_BlackKnoteed_closeup_Copyrights_SeraHelsinki_k02-1-scaled-1000x1500.jpg 1000w, https:\/\/serahelsinki.com\/wp-content\/uploads\/2020\/07\/E1027_BlackKnoteed_closeup_Copyrights_SeraHelsinki_k02-1-200x300.jpg 200w, https:\/\/serahelsinki.com\/wp-content\/uploads\/2020\/07\/E1027_BlackKnoteed_closeup_Copyrights_SeraHelsinki_k02-1-300x450.jpg 300w, https:\/\/serahelsinki.com\/wp-content\/uploads\/2020\/07\/E1027_BlackKnoteed_closeup_Copyrights_SeraHelsinki_k02-1-768x1152.jpg 768w, https:\/\/serahelsinki.com\/wp-content\/uploads\/2020\/07\/E1027_BlackKnoteed_closeup_Copyrights_SeraHelsinki_k02-1-1024x1536.jpg 1024w, https:\/\/serahelsinki.com\/wp-content\/uploads\/2020\/07\/E1027_BlackKnoteed_closeup_Copyrights_SeraHelsinki_k02-1-1365x2048.jpg 1365w, https:\/\/serahelsinki.com\/wp-content\/uploads\/2020\/07\/E1027_BlackKnoteed_closeup_Copyrights_SeraHelsinki_k02-1-scaled.jpg 1707w\" sizes=\"auto, (max-width: 683px) 100vw, 683px\" \/>\t\t\t\t\t\t\n\t\t\t\t\t<\/div>\n\t\t\t\t\t\t\t\t\n<style>\n#image_1801912609 {\n  width: 100%;\n}\n<\/style>\n\t<\/div>\n\t\n\t\t<\/div>\n\t\t\t\t\t<\/div>\n\n\t\n\n\t<div id=\"col-297096528\" class=\"col medium-6 small-12 large-6\"  >\n\t\t\t\t<div class=\"col-inner\"  >\n\t\t\t\n\t\t\t\n\t<div class=\"img has-hover x md-x lg-x y md-y lg-y\" id=\"image_1145095253\">\n\t\t\t\t\t\t\t\t<div class=\"img-inner dark\" >\n\t\t\t<img loading=\"lazy\" decoding=\"async\" width=\"683\" height=\"1024\" src=\"https:\/\/serahelsinki.com\/wp-content\/uploads\/2020\/07\/E1027_Brownknotted_Copyrights_SeraHelsinki_k02-683x1024.jpg\" class=\"attachment-large size-large\" alt=\"\" srcset=\"https:\/\/serahelsinki.com\/wp-content\/uploads\/2020\/07\/E1027_Brownknotted_Copyrights_SeraHelsinki_k02-683x1024.jpg 683w, https:\/\/serahelsinki.com\/wp-content\/uploads\/2020\/07\/E1027_Brownknotted_Copyrights_SeraHelsinki_k02-scaled-100x150.jpg 100w, https:\/\/serahelsinki.com\/wp-content\/uploads\/2020\/07\/E1027_Brownknotted_Copyrights_SeraHelsinki_k02-scaled-1000x1500.jpg 1000w, https:\/\/serahelsinki.com\/wp-content\/uploads\/2020\/07\/E1027_Brownknotted_Copyrights_SeraHelsinki_k02-200x300.jpg 200w, https:\/\/serahelsinki.com\/wp-content\/uploads\/2020\/07\/E1027_Brownknotted_Copyrights_SeraHelsinki_k02-300x450.jpg 300w, https:\/\/serahelsinki.com\/wp-content\/uploads\/2020\/07\/E1027_Brownknotted_Copyrights_SeraHelsinki_k02-768x1152.jpg 768w, https:\/\/serahelsinki.com\/wp-content\/uploads\/2020\/07\/E1027_Brownknotted_Copyrights_SeraHelsinki_k02-1024x1536.jpg 1024w, https:\/\/serahelsinki.com\/wp-content\/uploads\/2020\/07\/E1027_Brownknotted_Copyrights_SeraHelsinki_k02-1365x2048.jpg 1365w, https:\/\/serahelsinki.com\/wp-content\/uploads\/2020\/07\/E1027_Brownknotted_Copyrights_SeraHelsinki_k02-scaled.jpg 1707w\" sizes=\"auto, (max-width: 683px) 100vw, 683px\" \/>\t\t\t\t\t\t\n\t\t\t\t\t<\/div>\n\t\t\t\t\t\t\t\t\n<style>\n#image_1145095253 {\n  width: 100%;\n}\n<\/style>\n\t<\/div>\n\t\n\t\t<\/div>\n\t\t\t\t\t<\/div>\n\n\t\n<\/div>\n\t\t<\/div>\n\t\t\t\t\t<\/div>\n\n\t\n<\/div>\n<div class=\"row row-large row-full-width align-equal\"  id=\"row-1145359833\">\n\n\t<div id=\"col-1635046579\" class=\"col hide-for-small medium-6 small-12 large-6\"  >\n\t\t\t\t<div class=\"col-inner\"  >\n\t\t\t\n\t\t\t\n\t\t<\/div>\n\t\t\t\t\t<\/div>\n\n\t\n\n\t<div id=\"col-1039341495\" class=\"col medium-6 small-12 large-6\"  >\n\t\t\t\t<div class=\"col-inner\"  >\n\t\t\t\n\t\t\t\n<div class=\"is-divider divider clearfix\" style=\"margin-top:0em;margin-bottom:0em;max-width:100%;height:1px;background-color:rgb(0, 0, 0);\"><\/div>\n\t<div id=\"gap-1022861200\" class=\"gap-element clearfix\" style=\"display:block; height:auto;\">\n\t\t\n<style>\n#gap-1022861200 {\n  padding-top: 20px;\n}\n<\/style>\n\t<\/div>\n\t\n<h2><span style=\"font-size: 150%;\">Tuotannosta<\/span><\/h2>\n<p>\u00a0<\/p>\n\t<div id=\"gap-937938399\" class=\"gap-element clearfix\" style=\"display:block; height:auto;\">\n\t\t\n<style>\n#gap-937938399 {\n  padding-top: 60px;\n}\n<\/style>\n\t<\/div>\n\t\n<p><span style=\"font-weight: 400;\">Mattomme tehd\u00e4\u00e4n k\u00e4sity\u00f6n\u00e4 tilauksesta. Ostaessasi maton verkkokaupastamme, aloitamme tuotannon Etiopiassa. L\u00e4het\u00e4mme sinulle kuvia ja v\u00e4liaikatietoja maton tekoprosessin aikana. Toimitusaika on 2-3 kk.\u00a0<\/span><\/p>\n<p><span style=\"font-weight: 400;\">Jokainen matto on k\u00e4sin valmistettu ja ainutlaatuinen. Valmistuksessa k\u00e4ytetty lanka ei ole kemikaalisesti k\u00e4sitelty (valkaistu tai v\u00e4rj\u00e4tty) ja t\u00e4st\u00e4 syyst\u00e4 maton v\u00e4ritys on luonnonmukainen. My\u00f6s mattojen koot saattavat vaihdella muutamilla senttimetreill\u00e4. Matoista on my\u00f6s saatavilla kustomoituja kokoja. Voit tiedustella eri kokovaihtoehdoista s\u00e4hk\u00f6postitse tai puhelimitse. Pyyd\u00e4mme huomioimaan, ett\u00e4 mattojen s\u00e4vyt saattavat hieman vaihdella. T\u00e4m\u00e4 ei kuitenkaan ole virhe vaan luontaista k\u00e4sity\u00f6n\u00e4 tehdyille tuotteille. <\/span><\/p>\n<a href=\"https:\/\/serahelsinki.com\/?page_id=586\" class=\"button primary is-link is-small\" >\n\t\t<span>Read more here<\/span>\n\t<i class=\"icon-angle-right\" aria-hidden=\"true\"><\/i><\/a>\n\n\t\t<\/div>\n\t\t\t\t\t<\/div>\n\n\t\n<\/div>\n<div class=\"row row-large row-full-width align-equal\"  id=\"row-1553601919\">\n\n\t<div id=\"col-1501677155\" class=\"col medium-6 small-12 large-6\"  >\n\t\t\t\t<div class=\"col-inner\"  >\n\t\t\t\n\t\t\t\n<div class=\"is-divider divider clearfix\" style=\"margin-top:0em;margin-bottom:0em;max-width:100%;height:1px;background-color:rgb(0, 0, 0);\"><\/div>\n\t<div id=\"gap-344601305\" class=\"gap-element clearfix\" style=\"display:block; height:auto;\">\n\t\t\n<style>\n#gap-344601305 {\n  padding-top: 20px;\n}\n<\/style>\n\t<\/div>\n\t\n<h2><span style=\"font-size: 150%;\">Other Items<\/span><\/h2>\n\t\t<\/div>\n\t\t\t\t\t<\/div>\n\n\t\n\n\t<div id=\"col-1775342516\" class=\"col medium-6 small-12 large-6\"  >\n\t\t\t\t<div class=\"col-inner\"  >\n\t\t\t\n\t\t\t\n\t\n  \n    <div class=\"row large-columns-2 medium-columns- small-columns- row-small\" >\n  \n\t     <div class=\"product-small col has-hover product type-product post-3497 status-publish first instock product_cat-matot-fi has-post-thumbnail taxable shipping-taxable purchasable product-type-variable\">\n\t<div class=\"col-inner\">\n\t\n<div class=\"badge-container absolute left top z-1\">\n\n<\/div>\n\t<div class=\"product-small box \">\n\t\t<div class=\"box-image\">\n\t\t\t<div class=\"image-fade_in_back\">\n\t\t\t\t<a href=\"https:\/\/serahelsinki.com\/fi\/tuote\/polku-matto\/\">\n\t\t\t\t\t<img loading=\"lazy\" decoding=\"async\" width=\"500\" height=\"667\" src=\"https:\/\/serahelsinki.com\/wp-content\/uploads\/2020\/08\/Sera_Kuura_Polku_Hanki_Woven-1024x806-3-500x667.jpg\" class=\"attachment-woocommerce_thumbnail size-woocommerce_thumbnail\" alt=\"Polku matto\" \/><img loading=\"lazy\" decoding=\"async\" width=\"500\" height=\"667\" src=\"https:\/\/serahelsinki.com\/wp-content\/uploads\/2020\/08\/Polku-big-knotted-scaled-500x667.jpg\" class=\"show-on-hover absolute fill hide-for-small back-image\" alt=\"Alternative view of Polku matto\" aria-hidden=\"true\" \/>\t\t\t\t<\/a>\n\t\t\t<\/div>\n\t\t\t<div class=\"image-tools is-small top right show-on-hover\">\n\t\t\t\t\t\t\t<\/div>\n\t\t\t<div class=\"image-tools is-small hide-for-small bottom left show-on-hover\">\n\t\t\t\t\t\t\t<\/div>\n\t\t\t<div class=\"image-tools grid-tools text-center hide-for-small bottom hover-slide-in show-on-hover\">\n\t\t\t\t\t\t\t<\/div>\n\t\t\t\t\t<\/div>\n\n\t\t<div class=\"box-text box-text-products text-center grid-style-2\">\n\t\t\t<div class=\"title-wrapper\"><p class=\"name product-title woocommerce-loop-product__title\"><a href=\"https:\/\/serahelsinki.com\/fi\/tuote\/polku-matto\/\" class=\"woocommerce-LoopProduct-link woocommerce-loop-product__link\">Polku matto<\/a><\/p><\/div><div class=\"price-wrapper\">\n\t<span class=\"price\"><span class=\"woocommerce-Price-amount amount\" aria-hidden=\"true\"><bdi><span class=\"woocommerce-Price-currencySymbol\">&euro;<\/span>333,00<\/bdi><\/span> <span aria-hidden=\"true\">&ndash;<\/span> <span class=\"woocommerce-Price-amount amount\" aria-hidden=\"true\"><bdi><span class=\"woocommerce-Price-currencySymbol\">&euro;<\/span>1.711,00<\/bdi><\/span><span class=\"screen-reader-text\">Hintaluokka: &euro;333,00 - &euro;1.711,00<\/span> <small class=\"woocommerce-price-suffix\">Inc. Vat<\/small><\/span>\n<\/div>\t\t<\/div>\n\t<\/div>\n\t\t<\/div>\n<\/div><div class=\"product-small col has-hover product type-product post-3504 status-publish instock product_cat-matot-fi has-post-thumbnail taxable shipping-taxable purchasable product-type-variable\">\n\t<div class=\"col-inner\">\n\t\n<div class=\"badge-container absolute left top z-1\">\n\n<\/div>\n\t<div class=\"product-small box \">\n\t\t<div class=\"box-image\">\n\t\t\t<div class=\"image-fade_in_back\">\n\t\t\t\t<a href=\"https:\/\/serahelsinki.com\/fi\/tuote\/kuura-matto\/\">\n\t\t\t\t\t<img loading=\"lazy\" decoding=\"async\" width=\"500\" height=\"667\" src=\"https:\/\/serahelsinki.com\/wp-content\/uploads\/2020\/08\/Sera_Kuura_Woven-848x1024-1-500x667.jpg\" class=\"attachment-woocommerce_thumbnail size-woocommerce_thumbnail\" alt=\"Kuura matto\" \/>\t\t\t\t<\/a>\n\t\t\t<\/div>\n\t\t\t<div class=\"image-tools is-small top right show-on-hover\">\n\t\t\t\t\t\t\t<\/div>\n\t\t\t<div class=\"image-tools is-small hide-for-small bottom left show-on-hover\">\n\t\t\t\t\t\t\t<\/div>\n\t\t\t<div class=\"image-tools grid-tools text-center hide-for-small bottom hover-slide-in show-on-hover\">\n\t\t\t\t\t\t\t<\/div>\n\t\t\t\t\t<\/div>\n\n\t\t<div class=\"box-text box-text-products text-center grid-style-2\">\n\t\t\t<div class=\"title-wrapper\"><p class=\"name product-title woocommerce-loop-product__title\"><a href=\"https:\/\/serahelsinki.com\/fi\/tuote\/kuura-matto\/\" class=\"woocommerce-LoopProduct-link woocommerce-loop-product__link\">Kuura matto<\/a><\/p><\/div><div class=\"price-wrapper\">\n\t<span class=\"price\"><span class=\"woocommerce-Price-amount amount\" aria-hidden=\"true\"><bdi><span class=\"woocommerce-Price-currencySymbol\">&euro;<\/span>333,00<\/bdi><\/span> <span aria-hidden=\"true\">&ndash;<\/span> <span class=\"woocommerce-Price-amount amount\" aria-hidden=\"true\"><bdi><span class=\"woocommerce-Price-currencySymbol\">&euro;<\/span>980,00<\/bdi><\/span><span class=\"screen-reader-text\">Hintaluokka: &euro;333,00 - &euro;980,00<\/span> <small class=\"woocommerce-price-suffix\">Inc. Vat<\/small><\/span>\n<\/div>\t\t<\/div>\n\t<\/div>\n\t\t<\/div>\n<\/div><\/div>\n\t\t<\/div>\n\t\t\t\t\t<\/div>\n\n\t\n<\/div>\n","protected":false},"excerpt":{"rendered":"<hr \/>\n<p>Saatavilla kahdessa eri koossa. Toimitusaika 2-3 kuukautta.<\/p>\n<a href=\"#read-more\" class=\"button primary is-link is-xxsmall\" >\n\t\t<span>Additional Information<\/span>\n\t<i class=\"icon-angle-down\" aria-hidden=\"true\"><\/i><\/a>\n\n","protected":false},"featured_media":2590,"comment_status":"open","ping_status":"closed","template":"","meta":[],"product_brand":[],"product_cat":[75],"product_tag":[],"class_list":{"0":"post-3515","1":"product","2":"type-product","3":"status-publish","4":"has-post-thumbnail","6":"product_cat-matot-fi","8":"","9":"instock","10":"taxable","11":"shipping-taxable","12":"purchasable","13":"product-type-variable"},"_links":{"self":[{"href":"https:\/\/serahelsinki.com\/fi\/wp-json\/wp\/v2\/product\/3515","targetHints":{"allow":["GET"]}}],"collection":[{"href":"https:\/\/serahelsinki.com\/fi\/wp-json\/wp\/v2\/product"}],"about":[{"href":"https:\/\/serahelsinki.com\/fi\/wp-json\/wp\/v2\/types\/product"}],"replies":[{"embeddable":true,"href":"https:\/\/serahelsinki.com\/fi\/wp-json\/wp\/v2\/comments?post=3515"}],"wp:featuredmedia":[{"embeddable":true,"href":"https:\/\/serahelsinki.com\/fi\/wp-json\/wp\/v2\/media\/2590"}],"wp:attachment":[{"href":"https:\/\/serahelsinki.com\/fi\/wp-json\/wp\/v2\/media?parent=3515"}],"wp:term":[{"taxonomy":"product_brand","embeddable":true,"href":"https:\/\/serahelsinki.com\/fi\/wp-json\/wp\/v2\/product_brand?post=3515"},{"taxonomy":"product_cat","embeddable":true,"href":"https:\/\/serahelsinki.com\/fi\/wp-json\/wp\/v2\/product_cat?post=3515"},{"taxonomy":"product_tag","embeddable":true,"href":"https:\/\/serahelsinki.com\/fi\/wp-json\/wp\/v2\/product_tag?post=3515"}],"curies":[{"name":"wp","href":"https:\/\/api.w.org\/{rel}","templated":true}]}}