{"id":3529,"date":"2020-08-17T06:08:03","date_gmt":"2020-08-17T03:08:03","guid":{"rendered":"https:\/\/serahelsinki.com\/product\/kaarna-matto\/"},"modified":"2023-01-24T12:44:09","modified_gmt":"2023-01-24T10:44:09","slug":"kaarna-matto","status":"publish","type":"product","link":"https:\/\/serahelsinki.com\/fi\/tuote\/kaarna-matto\/","title":{"rendered":"Kaarna matto"},"content":{"rendered":"<span class=\"scroll-to\" data-label=\"Scroll to: #read-more\" data-bullet=\"false\" data-link=\"#read-more\" data-title=\"read-more\"><a name=\"read-more\"><\/a><\/span>\n<div class=\"row row-large row-full-width\"  id=\"row-1111543648\">\n<\/div>\n<div class=\"row row-large row-full-width align-equal\"  id=\"row-2113821439\">\n\n\t<div id=\"col-1363287878\" class=\"col medium-6 small-12 large-6\"  >\n\t\t\t\t<div class=\"col-inner\"  >\n\t\t\t\n\t\t\t\n<div class=\"is-divider divider clearfix\" style=\"margin-top:0em;margin-bottom:0em;max-width:100%;height:1px;background-color:rgb(0, 0, 0);\"><\/div>\n\t<div id=\"gap-1942321788\" class=\"gap-element clearfix\" style=\"display:block; height:auto;\">\n\t\t\n<style>\n#gap-1942321788 {\n  padding-top: 20px;\n}\n<\/style>\n\t<\/div>\n\t\n<h2><span style=\"font-size: 150%;\">Kaarna<\/span><\/h2>\n\t<div id=\"gap-1976813284\" class=\"gap-element clearfix\" style=\"display:block; height:auto;\">\n\t\t\n<style>\n#gap-1976813284 {\n  padding-top: 60px;\n}\n<\/style>\n\t<\/div>\n\t\n<p><span style=\"font-size: 21.600000381469727px;\">Kaarna on Juuret-malliston klassinen matto. Saatavilla sek\u00e4 solmittuna ett\u00e4 kudottuna useassa eri koossa.\u00a0<\/span><\/p>\n<p><span style=\"font-size: 21.600000381469727px;\">Toimitusaika on 2-3 kuukautta.\u00a0<\/span><\/p>\n\t\t<\/div>\n\t\t\t\t\t<\/div>\n\n\t\n\n\t<div id=\"col-712677229\" class=\"col medium-6 small-12 large-6\"  >\n\t\t\t\t<div class=\"col-inner\"  >\n\t\t\t\n\t\t\t\n  <div class=\"banner-grid-wrapper\">\n  <div id=\"banner-grid-442108643\" class=\"banner-grid row row-grid\" data-packery-options=\"\">\n                      \n<div class=\"col grid-col small-6 large-12 grid-col-1\" ><div class=\"col-inner\">\n\t<div class=\"img has-hover x md-x lg-x y md-y lg-y\" id=\"image_1893239812\">\n\t\t<a class=\"image-lightbox lightbox-gallery\" title=\"\" href=\"https:\/\/serahelsinki.com\/wp-content\/uploads\/2020\/08\/DFA_PLC_AIDA_MULUNEH_SERA_HELSINKI_OCTOBER_2017-0631-1024x683.jpg\">\t\t\t\t\t\t<div class=\"img-inner dark\" >\n\t\t\t<img loading=\"lazy\" decoding=\"async\" width=\"2560\" height=\"1707\" src=\"https:\/\/serahelsinki.com\/wp-content\/uploads\/2020\/08\/DFA_PLC_AIDA_MULUNEH_SERA_HELSINKI_OCTOBER_2017-0631-scaled.jpg\" class=\"attachment-original size-original\" alt=\"\" srcset=\"https:\/\/serahelsinki.com\/wp-content\/uploads\/2020\/08\/DFA_PLC_AIDA_MULUNEH_SERA_HELSINKI_OCTOBER_2017-0631-scaled.jpg 2560w, https:\/\/serahelsinki.com\/wp-content\/uploads\/2020\/08\/DFA_PLC_AIDA_MULUNEH_SERA_HELSINKI_OCTOBER_2017-0631-scaled-100x67.jpg 100w, https:\/\/serahelsinki.com\/wp-content\/uploads\/2020\/08\/DFA_PLC_AIDA_MULUNEH_SERA_HELSINKI_OCTOBER_2017-0631-scaled-1000x667.jpg 1000w, https:\/\/serahelsinki.com\/wp-content\/uploads\/2020\/08\/DFA_PLC_AIDA_MULUNEH_SERA_HELSINKI_OCTOBER_2017-0631-300x200.jpg 300w, https:\/\/serahelsinki.com\/wp-content\/uploads\/2020\/08\/DFA_PLC_AIDA_MULUNEH_SERA_HELSINKI_OCTOBER_2017-0631-1024x683.jpg 1024w, https:\/\/serahelsinki.com\/wp-content\/uploads\/2020\/08\/DFA_PLC_AIDA_MULUNEH_SERA_HELSINKI_OCTOBER_2017-0631-768x512.jpg 768w, https:\/\/serahelsinki.com\/wp-content\/uploads\/2020\/08\/DFA_PLC_AIDA_MULUNEH_SERA_HELSINKI_OCTOBER_2017-0631-1536x1024.jpg 1536w, https:\/\/serahelsinki.com\/wp-content\/uploads\/2020\/08\/DFA_PLC_AIDA_MULUNEH_SERA_HELSINKI_OCTOBER_2017-0631-2048x1365.jpg 2048w\" sizes=\"auto, (max-width: 2560px) 100vw, 2560px\" \/>\t\t\t\t\t\t\n\t\t\t\t\t<\/div>\n\t\t\t\t\t\t<\/a>\t\t\n<style>\n#image_1893239812 {\n  width: 100%;\n}\n<\/style>\n\t<\/div>\n\t\n<\/div><\/div>\n            <\/div>\n    <style>\n    #banner-grid-442108643 .grid-col-1{height: 600px}\n    #banner-grid-442108643 .grid-col-1-2{height: 300px}\n    #banner-grid-442108643 .grid-col-1-3{height:200px}\n    #banner-grid-442108643 .grid-col-2-3{height: 400px}\n    #banner-grid-442108643 .grid-col-1-4{height: 150px}\n    #banner-grid-442108643 .grid-col-3-4{height: 450px}\n\n\n    \n    \n\n  <\/style>\n    <\/div>\n  \n\t\t<\/div>\n\t\t\t\t\t<\/div>\n\n\t\n<\/div>\n<div class=\"row row-large row-full-width align-equal\"  id=\"row-367097349\">\n\n\t<div id=\"col-1960765311\" class=\"col hide-for-small medium-6 small-12 large-6\"  >\n\t\t\t\t<div class=\"col-inner\"  >\n\t\t\t\n\t\t\t\n\t\t<\/div>\n\t\t\t\t\t<\/div>\n\n\t\n\n\t<div id=\"col-993470071\" class=\"col medium-6 small-12 large-6\"  >\n\t\t\t\t<div class=\"col-inner\"  >\n\t\t\t\n\t\t\t\n<div class=\"is-divider divider clearfix\" style=\"margin-top:0em;margin-bottom:0em;max-width:100%;height:1px;background-color:rgb(0, 0, 0);\"><\/div>\n\t<div id=\"gap-1609282147\" class=\"gap-element clearfix\" style=\"display:block; height:auto;\">\n\t\t\n<style>\n#gap-1609282147 {\n  padding-top: 20px;\n}\n<\/style>\n\t<\/div>\n\t\n<h2><span style=\"font-size: 150%;\">Tuotannosta<\/span><\/h2>\n<p>\u00a0<\/p>\n\t<div id=\"gap-597150007\" class=\"gap-element clearfix\" style=\"display:block; height:auto;\">\n\t\t\n<style>\n#gap-597150007 {\n  padding-top: 60px;\n}\n<\/style>\n\t<\/div>\n\t\n<p><span style=\"font-weight: 400;\">Mattomme tehd\u00e4\u00e4n k\u00e4sity\u00f6n\u00e4 tilauksesta. Ostaessasi maton verkkokaupastamme, aloitamme tuotannon Etiopiassa. L\u00e4het\u00e4mme sinulle kuvia ja v\u00e4liaikatietoja maton tekoprosessin aikana. Toimitusaika on 2-3 kk.\u00a0<\/span><\/p>\n<p><span style=\"font-weight: 400;\">Jokainen matto on k\u00e4sin valmistettu ja ainutlaatuinen. Valmistuksessa k\u00e4ytetty lanka ei ole kemikaalisesti k\u00e4sitelty (valkaistu tai v\u00e4rj\u00e4tty) ja t\u00e4st\u00e4 syyst\u00e4 maton v\u00e4ritys on luonnonmukainen. My\u00f6s mattojen koot saattavat vaihdella muutamilla senttimetreill\u00e4. Matoista on my\u00f6s saatavilla kustomoituja kokoja. Voit tiedustella eri kokovaihtoehdoista s\u00e4hk\u00f6postitse tai puhelimitse. Pyyd\u00e4mme huomioimaan, ett\u00e4 mattojen s\u00e4vyt saattavat hieman vaihdella. T\u00e4m\u00e4 ei kuitenkaan ole virhe vaan luontaista k\u00e4sity\u00f6n\u00e4 tehdyille tuotteille. <\/span><\/p>\n<a href=\"https:\/\/serahelsinki.com\/?page_id=586\" class=\"button primary is-link is-small\" >\n\t\t<span>Read more here<\/span>\n\t<i class=\"icon-angle-right\" aria-hidden=\"true\"><\/i><\/a>\n\n\t\t<\/div>\n\t\t\t\t\t<\/div>\n\n\t\n<\/div>\n","protected":false},"excerpt":{"rendered":"<hr \/>\n<p>Saatavilla kolmessa eri koossa. Toimitusaika 2-3 kuukautta.<\/p>\n<p>&nbsp;<\/p>\n","protected":false},"featured_media":2620,"comment_status":"open","ping_status":"closed","template":"","meta":[],"product_brand":[],"product_cat":[75],"product_tag":[],"class_list":{"0":"post-3529","1":"product","2":"type-product","3":"status-publish","4":"has-post-thumbnail","6":"product_cat-matot-fi","8":"first","9":"instock","10":"taxable","11":"shipping-taxable","12":"purchasable","13":"product-type-variable"},"_links":{"self":[{"href":"https:\/\/serahelsinki.com\/fi\/wp-json\/wp\/v2\/product\/3529","targetHints":{"allow":["GET"]}}],"collection":[{"href":"https:\/\/serahelsinki.com\/fi\/wp-json\/wp\/v2\/product"}],"about":[{"href":"https:\/\/serahelsinki.com\/fi\/wp-json\/wp\/v2\/types\/product"}],"replies":[{"embeddable":true,"href":"https:\/\/serahelsinki.com\/fi\/wp-json\/wp\/v2\/comments?post=3529"}],"wp:featuredmedia":[{"embeddable":true,"href":"https:\/\/serahelsinki.com\/fi\/wp-json\/wp\/v2\/media\/2620"}],"wp:attachment":[{"href":"https:\/\/serahelsinki.com\/fi\/wp-json\/wp\/v2\/media?parent=3529"}],"wp:term":[{"taxonomy":"product_brand","embeddable":true,"href":"https:\/\/serahelsinki.com\/fi\/wp-json\/wp\/v2\/product_brand?post=3529"},{"taxonomy":"product_cat","embeddable":true,"href":"https:\/\/serahelsinki.com\/fi\/wp-json\/wp\/v2\/product_cat?post=3529"},{"taxonomy":"product_tag","embeddable":true,"href":"https:\/\/serahelsinki.com\/fi\/wp-json\/wp\/v2\/product_tag?post=3529"}],"curies":[{"name":"wp","href":"https:\/\/api.w.org\/{rel}","templated":true}]}}