{"id":3536,"date":"2020-07-22T08:33:56","date_gmt":"2020-07-22T05:33:56","guid":{"rendered":"https:\/\/serahelsinki.com\/product\/palsta-carpet-kudottu\/"},"modified":"2023-01-24T12:46:37","modified_gmt":"2023-01-24T10:46:37","slug":"palsta-carpet-kudottu","status":"publish","type":"product","link":"https:\/\/serahelsinki.com\/fi\/tuote\/palsta-carpet-kudottu\/","title":{"rendered":"Palsta matto &#8211; kudottu"},"content":{"rendered":"<span class=\"scroll-to\" data-label=\"Scroll to: #read-more\" data-bullet=\"false\" data-link=\"#read-more\" data-title=\"read-more\"><a name=\"read-more\"><\/a><\/span>\n<div class=\"row row-large row-full-width\"  id=\"row-1560192177\">\n\n\t<div id=\"col-477918385\" class=\"col small-12 large-12\"  >\n\t\t\t\t<div class=\"col-inner\"  >\n\t\t\t\n\t\t\t\n\t<div class=\"img has-hover x md-x lg-x y md-y lg-y\" id=\"image_1477607134\">\n\t\t\t\t\t\t\t\t<div class=\"img-inner dark\" >\n\t\t\t<img loading=\"lazy\" decoding=\"async\" width=\"1284\" height=\"1701\" src=\"https:\/\/serahelsinki.com\/wp-content\/uploads\/2020\/08\/Palsta_woven_black-2.jpg\" class=\"attachment-original size-original\" alt=\"\" srcset=\"https:\/\/serahelsinki.com\/wp-content\/uploads\/2020\/08\/Palsta_woven_black-2.jpg 1284w, https:\/\/serahelsinki.com\/wp-content\/uploads\/2020\/08\/Palsta_woven_black-2-100x132.jpg 100w, https:\/\/serahelsinki.com\/wp-content\/uploads\/2020\/08\/Palsta_woven_black-2-1000x1325.jpg 1000w, https:\/\/serahelsinki.com\/wp-content\/uploads\/2020\/08\/Palsta_woven_black-2-226x300.jpg 226w, https:\/\/serahelsinki.com\/wp-content\/uploads\/2020\/08\/Palsta_woven_black-2-773x1024.jpg 773w, https:\/\/serahelsinki.com\/wp-content\/uploads\/2020\/08\/Palsta_woven_black-2-768x1017.jpg 768w, https:\/\/serahelsinki.com\/wp-content\/uploads\/2020\/08\/Palsta_woven_black-2-1159x1536.jpg 1159w\" sizes=\"auto, (max-width: 1284px) 100vw, 1284px\" \/>\t\t\t\t\t\t\n\t\t\t\t\t<\/div>\n\t\t\t\t\t\t\t\t\n<style>\n#image_1477607134 {\n  width: 100%;\n}\n<\/style>\n\t<\/div>\n\t\n\t\t<\/div>\n\t\t\t\t\t<\/div>\n\n\t\n<\/div>\n<div class=\"row row-large row-full-width align-equal\"  id=\"row-747632013\">\n\n\t<div id=\"col-1880730483\" class=\"col medium-6 small-12 large-6\"  >\n\t\t\t\t<div class=\"col-inner\"  >\n\t\t\t\n\t\t\t\n<div class=\"is-divider divider clearfix\" style=\"margin-top:0em;margin-bottom:0em;max-width:100%;height:1px;background-color:rgb(0, 0, 0);\"><\/div>\n\t<div id=\"gap-2101450594\" class=\"gap-element clearfix\" style=\"display:block; height:auto;\">\n\t\t\n<style>\n#gap-2101450594 {\n  padding-top: 20px;\n}\n<\/style>\n\t<\/div>\n\t\n<h2><span style=\"font-size: 150%;\">Palsta<\/span><\/h2>\n\t<div id=\"gap-840207969\" class=\"gap-element clearfix\" style=\"display:block; height:auto;\">\n\t\t\n<style>\n#gap-840207969 {\n  padding-top: 60px;\n}\n<\/style>\n\t<\/div>\n\t\n<p><span style=\"font-size: 150%;\">Palsta on Saaristo-malliston matto, jonka on suunnitellut Anna Pirkola. T\u00e4m\u00e4 kudottu matto on saatavissa useassa eri koossa.<\/span><\/p>\n<p><span style=\"font-size: 150%;\">Toimitusaika 2-3 kuukautta.\u00a0<\/span><\/p>\n\t\t<\/div>\n\t\t\t\t\t<\/div>\n\n\t\n\n\t<div id=\"col-508757749\" class=\"col medium-6 small-12 large-6\"  >\n\t\t\t\t<div class=\"col-inner\"  >\n\t\t\t\n\t\t\t\n  <div class=\"banner-grid-wrapper\">\n  <div id=\"banner-grid-455011841\" class=\"banner-grid row row-grid\" data-packery-options=\"\">\n                      \n<div class=\"col grid-col small-6 large-12 grid-col-1\" ><div class=\"col-inner\">\n\t<div class=\"img has-hover x md-x lg-x y md-y lg-y\" id=\"image_22825569\">\n\t\t<a class=\"image-lightbox lightbox-gallery\" title=\"\" href=\"https:\/\/serahelsinki.com\/wp-content\/uploads\/2020\/08\/Palsta_woven_brown-2-777x1024.jpg\">\t\t\t\t\t\t<div class=\"img-inner dark\" >\n\t\t\t<img loading=\"lazy\" decoding=\"async\" width=\"1290\" height=\"1701\" src=\"https:\/\/serahelsinki.com\/wp-content\/uploads\/2020\/08\/Palsta_woven_brown-2.jpg\" class=\"attachment-original size-original\" alt=\"\" srcset=\"https:\/\/serahelsinki.com\/wp-content\/uploads\/2020\/08\/Palsta_woven_brown-2.jpg 1290w, https:\/\/serahelsinki.com\/wp-content\/uploads\/2020\/08\/Palsta_woven_brown-2-100x132.jpg 100w, https:\/\/serahelsinki.com\/wp-content\/uploads\/2020\/08\/Palsta_woven_brown-2-1000x1319.jpg 1000w, https:\/\/serahelsinki.com\/wp-content\/uploads\/2020\/08\/Palsta_woven_brown-2-228x300.jpg 228w, https:\/\/serahelsinki.com\/wp-content\/uploads\/2020\/08\/Palsta_woven_brown-2-777x1024.jpg 777w, https:\/\/serahelsinki.com\/wp-content\/uploads\/2020\/08\/Palsta_woven_brown-2-768x1013.jpg 768w, https:\/\/serahelsinki.com\/wp-content\/uploads\/2020\/08\/Palsta_woven_brown-2-1165x1536.jpg 1165w\" sizes=\"auto, (max-width: 1290px) 100vw, 1290px\" \/>\t\t\t\t\t\t\n\t\t\t\t\t<\/div>\n\t\t\t\t\t\t<\/a>\t\t\n<style>\n#image_22825569 {\n  width: 100%;\n}\n<\/style>\n\t<\/div>\n\t\n<\/div><\/div>\n            <\/div>\n    <style>\n    #banner-grid-455011841 .grid-col-1{height: 600px}\n    #banner-grid-455011841 .grid-col-1-2{height: 300px}\n    #banner-grid-455011841 .grid-col-1-3{height:200px}\n    #banner-grid-455011841 .grid-col-2-3{height: 400px}\n    #banner-grid-455011841 .grid-col-1-4{height: 150px}\n    #banner-grid-455011841 .grid-col-3-4{height: 450px}\n\n\n    \n    \n\n  <\/style>\n    <\/div>\n  \n\t\t<\/div>\n\t\t\t\t\t<\/div>\n\n\t\n<\/div>\n<div class=\"row row-large row-full-width align-equal\"  id=\"row-921836817\">\n\n\t<div id=\"col-1992603068\" class=\"col hide-for-small medium-6 small-12 large-6\"  >\n\t\t\t\t<div class=\"col-inner\"  >\n\t\t\t\n\t\t\t\n\t\t<\/div>\n\t\t\t\t\t<\/div>\n\n\t\n\n\t<div id=\"col-2118917726\" class=\"col medium-6 small-12 large-6\"  >\n\t\t\t\t<div class=\"col-inner\"  >\n\t\t\t\n\t\t\t\n<div class=\"is-divider divider clearfix\" style=\"margin-top:0em;margin-bottom:0em;max-width:100%;height:1px;background-color:rgb(0, 0, 0);\"><\/div>\n\t<div id=\"gap-810761627\" class=\"gap-element clearfix\" style=\"display:block; height:auto;\">\n\t\t\n<style>\n#gap-810761627 {\n  padding-top: 20px;\n}\n<\/style>\n\t<\/div>\n\t\n<h2><span style=\"font-size: 150%;\">Tuotannosta<\/span><\/h2>\n<p>\u00a0<\/p>\n\t<div id=\"gap-28496557\" class=\"gap-element clearfix\" style=\"display:block; height:auto;\">\n\t\t\n<style>\n#gap-28496557 {\n  padding-top: 60px;\n}\n<\/style>\n\t<\/div>\n\t\n<p><span style=\"font-weight: 400;\">Mattomme tehd\u00e4\u00e4n k\u00e4sity\u00f6n\u00e4 tilauksesta. Ostaessasi maton verkkokaupastamme, aloitamme tuotannon Etiopiassa. L\u00e4het\u00e4mme sinulle kuvia ja v\u00e4liaikatietoja maton tekoprosessin aikana. Toimitusaika on 2-3 kk.\u00a0<\/span><\/p>\n<p><span style=\"font-weight: 400;\">Jokainen matto on k\u00e4sin valmistettu ja ainutlaatuinen. Valmistuksessa k\u00e4ytetty lanka ei ole kemikaalisesti k\u00e4sitelty (valkaistu tai v\u00e4rj\u00e4tty) ja t\u00e4st\u00e4 syyst\u00e4 maton v\u00e4ritys on luonnonmukainen. My\u00f6s mattojen koot saattavat vaihdella muutamilla senttimetreill\u00e4. Matoista on my\u00f6s saatavilla kustomoituja kokoja. Voit tiedustella eri kokovaihtoehdoista s\u00e4hk\u00f6postitse tai puhelimitse. Pyyd\u00e4mme huomioimaan, ett\u00e4 mattojen s\u00e4vyt saattavat hieman vaihdella. T\u00e4m\u00e4 ei kuitenkaan ole virhe vaan luontaista k\u00e4sity\u00f6n\u00e4 tehdyille tuotteille. <\/span><\/p>\n<a href=\"https:\/\/serahelsinki.com\/?page_id=586\" class=\"button primary is-link is-small\" >\n\t\t<span>Read more here<\/span>\n\t<i class=\"icon-angle-right\" aria-hidden=\"true\"><\/i><\/a>\n\n\t\t<\/div>\n\t\t\t\t\t<\/div>\n\n\t\n<\/div>\n","protected":false},"excerpt":{"rendered":"<hr \/>\n<p>Saatavilla kahdessa eri koossa. Toimitusaika 2-3 kuukautta.<\/p>\n<p>&nbsp;<\/p>\n","protected":false},"featured_media":2617,"comment_status":"open","ping_status":"closed","template":"","meta":[],"product_brand":[],"product_cat":[75],"product_tag":[],"class_list":{"0":"post-3536","1":"product","2":"type-product","3":"status-publish","4":"has-post-thumbnail","6":"product_cat-matot-fi","8":"first","9":"instock","10":"taxable","11":"shipping-taxable","12":"purchasable","13":"product-type-variable"},"_links":{"self":[{"href":"https:\/\/serahelsinki.com\/fi\/wp-json\/wp\/v2\/product\/3536","targetHints":{"allow":["GET"]}}],"collection":[{"href":"https:\/\/serahelsinki.com\/fi\/wp-json\/wp\/v2\/product"}],"about":[{"href":"https:\/\/serahelsinki.com\/fi\/wp-json\/wp\/v2\/types\/product"}],"replies":[{"embeddable":true,"href":"https:\/\/serahelsinki.com\/fi\/wp-json\/wp\/v2\/comments?post=3536"}],"wp:featuredmedia":[{"embeddable":true,"href":"https:\/\/serahelsinki.com\/fi\/wp-json\/wp\/v2\/media\/2617"}],"wp:attachment":[{"href":"https:\/\/serahelsinki.com\/fi\/wp-json\/wp\/v2\/media?parent=3536"}],"wp:term":[{"taxonomy":"product_brand","embeddable":true,"href":"https:\/\/serahelsinki.com\/fi\/wp-json\/wp\/v2\/product_brand?post=3536"},{"taxonomy":"product_cat","embeddable":true,"href":"https:\/\/serahelsinki.com\/fi\/wp-json\/wp\/v2\/product_cat?post=3536"},{"taxonomy":"product_tag","embeddable":true,"href":"https:\/\/serahelsinki.com\/fi\/wp-json\/wp\/v2\/product_tag?post=3536"}],"curies":[{"name":"wp","href":"https:\/\/api.w.org\/{rel}","templated":true}]}}