{"id":3659,"date":"2023-02-12T20:13:00","date_gmt":"2023-02-12T18:13:01","guid":{"rendered":"https:\/\/serahelsinki.com\/?post_type=product&#038;p=3659"},"modified":"2023-05-11T15:39:28","modified_gmt":"2023-05-11T12:39:28","slug":"nurja-matto-kudottu","status":"publish","type":"product","link":"https:\/\/serahelsinki.com\/fi\/tuote\/nurja-matto-kudottu\/","title":{"rendered":"Nurja matto &#8211; kudottu"},"content":{"rendered":"<span class=\"scroll-to\" data-label=\"Scroll to: #read-more\" data-bullet=\"false\" data-link=\"#read-more\" data-title=\"read-more\"><a name=\"read-more\"><\/a><\/span>\n<div class=\"row row-large row-full-width\"  id=\"row-2028937133\">\n\n\t<div id=\"col-435338768\" class=\"col small-12 large-12\"  >\n\t\t\t\t<div class=\"col-inner\"  >\n\t\t\t\n\t\t\t\n\t<div class=\"img has-hover x md-x lg-x y md-y lg-y\" id=\"image_521022673\">\n\t\t\t\t\t\t\t\t<div class=\"img-inner dark\" >\n\t\t\t<img loading=\"lazy\" decoding=\"async\" width=\"1667\" height=\"2560\" src=\"https:\/\/serahelsinki.com\/wp-content\/uploads\/2023\/02\/Nurja_16-scaled.jpg\" class=\"attachment-original size-original\" alt=\"\" srcset=\"https:\/\/serahelsinki.com\/wp-content\/uploads\/2023\/02\/Nurja_16-scaled.jpg 1667w, https:\/\/serahelsinki.com\/wp-content\/uploads\/2023\/02\/Nurja_16-195x300.jpg 195w, https:\/\/serahelsinki.com\/wp-content\/uploads\/2023\/02\/Nurja_16-667x1024.jpg 667w, https:\/\/serahelsinki.com\/wp-content\/uploads\/2023\/02\/Nurja_16-768x1179.jpg 768w, https:\/\/serahelsinki.com\/wp-content\/uploads\/2023\/02\/Nurja_16-1000x1535.jpg 1000w, https:\/\/serahelsinki.com\/wp-content\/uploads\/2023\/02\/Nurja_16-1334x2048.jpg 1334w, https:\/\/serahelsinki.com\/wp-content\/uploads\/2023\/02\/Nurja_16-98x150.jpg 98w\" sizes=\"auto, (max-width: 1667px) 100vw, 1667px\" \/>\t\t\t\t\t\t\n\t\t\t\t\t<\/div>\n\t\t\t\t\t\t\t\t\n<style>\n#image_521022673 {\n  width: 100%;\n}\n<\/style>\n\t<\/div>\n\t\n\t\t<\/div>\n\t\t\t\t\t<\/div>\n\n\t\n<\/div>\n<div class=\"row row-large row-full-width align-equal\"  id=\"row-2116314279\">\n\n\t<div id=\"col-788075485\" class=\"col medium-6 small-12 large-6\"  >\n\t\t\t\t<div class=\"col-inner\"  >\n\t\t\t\n\t\t\t\n<div class=\"is-divider divider clearfix\" style=\"margin-top:0em;margin-bottom:0em;max-width:100%;height:1px;background-color:rgb(0, 0, 0);\"><\/div>\n\t<div id=\"gap-253256372\" class=\"gap-element clearfix\" style=\"display:block; height:auto;\">\n\t\t\n<style>\n#gap-253256372 {\n  padding-top: 20px;\n}\n<\/style>\n\t<\/div>\n\t\n<h2><span style=\"font-size: 150%;\">Nurja<\/span><\/h2>\n<p>\u00a0<\/p>\n\t<div id=\"gap-1907858221\" class=\"gap-element clearfix\" style=\"display:block; height:auto;\">\n\t\t\n<style>\n#gap-1907858221 {\n  padding-top: 60px;\n}\n<\/style>\n\t<\/div>\n\t\n<p><span style=\"font-size: 150%;\">Nurja on Laura Sepp\u00e4sen suunnittelema persoonallinen matto, jonka uniikki ulkon\u00e4k\u00f6 muotoutuu kahteen eri korkeuteen. Poikkeuksellisesti maton pitkille sivuille sijoitetut 16 cm pitk\u00e4t hapsut antavat matolle upeaa lis\u00e4volyymia. Maton kuvio on noin 2,5 cm korkeaa ja pohja noin 0,5 cm korkea. <\/span><\/p>\n\t\t<\/div>\n\t\t\t\t\t<\/div>\n\n\t\n\n\t<div id=\"col-1848536602\" class=\"col medium-6 small-12 large-6\"  >\n\t\t\t\t<div class=\"col-inner\"  >\n\t\t\t\n\t\t\t\n  <div class=\"banner-grid-wrapper\">\n  <div id=\"banner-grid-1425887480\" class=\"banner-grid row row-grid\" data-packery-options=\"\">\n                      \n<div class=\"col grid-col small-12 large-12 grid-col-1-2\" ><div class=\"col-inner\">\n\t<div class=\"img has-hover x md-x lg-x y md-y lg-y\" id=\"image_1591239864\">\n\t\t<a class=\"image-lightbox lightbox-gallery\" title=\"\" href=\"https:\/\/serahelsinki.com\/wp-content\/uploads\/2023\/02\/Nurja_13-731x1024.jpg\">\t\t\t\t\t\t<div class=\"img-inner dark\" >\n\t\t\t<img loading=\"lazy\" decoding=\"async\" width=\"1828\" height=\"2560\" src=\"https:\/\/serahelsinki.com\/wp-content\/uploads\/2023\/02\/Nurja_13-scaled.jpg\" class=\"attachment-original size-original\" alt=\"\" srcset=\"https:\/\/serahelsinki.com\/wp-content\/uploads\/2023\/02\/Nurja_13-scaled.jpg 1828w, https:\/\/serahelsinki.com\/wp-content\/uploads\/2023\/02\/Nurja_13-214x300.jpg 214w, https:\/\/serahelsinki.com\/wp-content\/uploads\/2023\/02\/Nurja_13-731x1024.jpg 731w, https:\/\/serahelsinki.com\/wp-content\/uploads\/2023\/02\/Nurja_13-768x1075.jpg 768w, https:\/\/serahelsinki.com\/wp-content\/uploads\/2023\/02\/Nurja_13-1097x1536.jpg 1097w, https:\/\/serahelsinki.com\/wp-content\/uploads\/2023\/02\/Nurja_13-1463x2048.jpg 1463w, https:\/\/serahelsinki.com\/wp-content\/uploads\/2023\/02\/Nurja_13-1000x1400.jpg 1000w, https:\/\/serahelsinki.com\/wp-content\/uploads\/2023\/02\/Nurja_13-100x140.jpg 100w\" sizes=\"auto, (max-width: 1828px) 100vw, 1828px\" \/>\t\t\t\t\t\t\n\t\t\t\t\t<\/div>\n\t\t\t\t\t\t<\/a>\t\t\n<style>\n#image_1591239864 {\n  width: 100%;\n}\n<\/style>\n\t<\/div>\n\t\n<\/div><\/div>\n<div class=\"col grid-col small-6 large-6 grid-col-1-2\" ><div class=\"col-inner\">\n\t<div class=\"img has-hover x md-x lg-x y md-y lg-y\" id=\"image_739671858\">\n\t\t<a class=\"image-lightbox lightbox-gallery\" title=\"\" href=\"https:\/\/serahelsinki.com\/wp-content\/uploads\/2023\/02\/Nurja_14-674x1024.jpg\">\t\t\t\t\t\t<div class=\"img-inner dark\" >\n\t\t\t<img loading=\"lazy\" decoding=\"async\" width=\"1685\" height=\"2560\" src=\"https:\/\/serahelsinki.com\/wp-content\/uploads\/2023\/02\/Nurja_14-scaled.jpg\" class=\"attachment-original size-original\" alt=\"\" srcset=\"https:\/\/serahelsinki.com\/wp-content\/uploads\/2023\/02\/Nurja_14-scaled.jpg 1685w, https:\/\/serahelsinki.com\/wp-content\/uploads\/2023\/02\/Nurja_14-197x300.jpg 197w, https:\/\/serahelsinki.com\/wp-content\/uploads\/2023\/02\/Nurja_14-674x1024.jpg 674w, https:\/\/serahelsinki.com\/wp-content\/uploads\/2023\/02\/Nurja_14-768x1167.jpg 768w, https:\/\/serahelsinki.com\/wp-content\/uploads\/2023\/02\/Nurja_14-1011x1536.jpg 1011w, https:\/\/serahelsinki.com\/wp-content\/uploads\/2023\/02\/Nurja_14-1348x2048.jpg 1348w, https:\/\/serahelsinki.com\/wp-content\/uploads\/2023\/02\/Nurja_14-1000x1519.jpg 1000w\" sizes=\"auto, (max-width: 1685px) 100vw, 1685px\" \/>\t\t\t\t\t\t\n\t\t\t\t\t<\/div>\n\t\t\t\t\t\t<\/a>\t\t\n<style>\n#image_739671858 {\n  width: 100%;\n}\n<\/style>\n\t<\/div>\n\t\n<\/div><\/div>\n<div class=\"col grid-col small-6 large-6 grid-col-1-2\" ><div class=\"col-inner\">\n\t<div class=\"img has-hover x md-x lg-x y md-y lg-y\" id=\"image_833686560\">\n\t\t<a class=\"image-lightbox lightbox-gallery\" title=\"\" href=\"https:\/\/serahelsinki.com\/wp-content\/uploads\/2023\/02\/Nurja_12-729x1024.jpg\">\t\t\t\t\t\t<div class=\"img-inner dark\" >\n\t\t\t<img loading=\"lazy\" decoding=\"async\" width=\"1822\" height=\"2560\" src=\"https:\/\/serahelsinki.com\/wp-content\/uploads\/2023\/02\/Nurja_12-scaled.jpg\" class=\"attachment-original size-original\" alt=\"\" srcset=\"https:\/\/serahelsinki.com\/wp-content\/uploads\/2023\/02\/Nurja_12-scaled.jpg 1822w, https:\/\/serahelsinki.com\/wp-content\/uploads\/2023\/02\/Nurja_12-213x300.jpg 213w, https:\/\/serahelsinki.com\/wp-content\/uploads\/2023\/02\/Nurja_12-729x1024.jpg 729w, https:\/\/serahelsinki.com\/wp-content\/uploads\/2023\/02\/Nurja_12-768x1079.jpg 768w, https:\/\/serahelsinki.com\/wp-content\/uploads\/2023\/02\/Nurja_12-1093x1536.jpg 1093w, https:\/\/serahelsinki.com\/wp-content\/uploads\/2023\/02\/Nurja_12-1457x2048.jpg 1457w, https:\/\/serahelsinki.com\/wp-content\/uploads\/2023\/02\/Nurja_12-1000x1405.jpg 1000w, https:\/\/serahelsinki.com\/wp-content\/uploads\/2023\/02\/Nurja_12-100x141.jpg 100w\" sizes=\"auto, (max-width: 1822px) 100vw, 1822px\" \/>\t\t\t\t\t\t\n\t\t\t\t\t<\/div>\n\t\t\t\t\t\t<\/a>\t\t\n<style>\n#image_833686560 {\n  width: 100%;\n}\n<\/style>\n\t<\/div>\n\t\n<\/div><\/div>\n            <\/div>\n    <style>\n    #banner-grid-1425887480 .grid-col-1{height: 600px}\n    #banner-grid-1425887480 .grid-col-1-2{height: 300px}\n    #banner-grid-1425887480 .grid-col-1-3{height:200px}\n    #banner-grid-1425887480 .grid-col-2-3{height: 400px}\n    #banner-grid-1425887480 .grid-col-1-4{height: 150px}\n    #banner-grid-1425887480 .grid-col-3-4{height: 450px}\n\n\n    \n    \n\n  <\/style>\n    <\/div>\n  \n\t\t<\/div>\n\t\t\t\t\t<\/div>\n\n\t\n<\/div>\n<div class=\"row row-large row-full-width align-equal\"  id=\"row-531816445\">\n\n\t<div id=\"col-507127719\" class=\"col hide-for-small medium-6 small-12 large-6\"  >\n\t\t\t\t<div class=\"col-inner\"  >\n\t\t\t\n\t\t\t\n\t\t<\/div>\n\t\t\t\t\t<\/div>\n\n\t\n\n\t<div id=\"col-291580296\" class=\"col medium-6 small-12 large-6\"  >\n\t\t\t\t<div class=\"col-inner\"  >\n\t\t\t\n\t\t\t\n<div class=\"is-divider divider clearfix\" style=\"margin-top:0em;margin-bottom:0em;max-width:100%;height:1px;background-color:rgb(0, 0, 0);\"><\/div>\n\t<div id=\"gap-1685833792\" class=\"gap-element clearfix\" style=\"display:block; height:auto;\">\n\t\t\n<style>\n#gap-1685833792 {\n  padding-top: 20px;\n}\n<\/style>\n\t<\/div>\n\t\n<h2><span style=\"font-size: 150%;\">Tuotannosta<\/span><\/h2>\n<p>\u00a0<\/p>\n\t<div id=\"gap-447643857\" class=\"gap-element clearfix\" style=\"display:block; height:auto;\">\n\t\t\n<style>\n#gap-447643857 {\n  padding-top: 60px;\n}\n<\/style>\n\t<\/div>\n\t\n<p><span style=\"font-weight: 400;\">Mattomme tehd\u00e4\u00e4n k\u00e4sity\u00f6n\u00e4 tilauksesta. Ostaessasi maton verkkokaupastamme, aloitamme tuotannon Etiopiassa. L\u00e4het\u00e4mme sinulle kuvia ja v\u00e4liaikatietoja maton tekoprosessin aikana. Toimitusaika on 2-3 kk.\u00a0<\/span><\/p>\n<p><span style=\"font-weight: 400;\">Jokainen matto on k\u00e4sin valmistettu ja ainutlaatuinen. Valmistuksessa k\u00e4ytetty lanka ei ole kemikaalisesti k\u00e4sitelty (valkaistu tai v\u00e4rj\u00e4tty) ja t\u00e4st\u00e4 syyst\u00e4 maton v\u00e4ritys on luonnonmukainen. My\u00f6s mattojen koot saattavat vaihdella muutamilla senttimetreill\u00e4. Matoista on my\u00f6s saatavilla kustomoituja kokoja. Voit tiedustella eri kokovaihtoehdoista s\u00e4hk\u00f6postitse tai puhelimitse. Pyyd\u00e4mme huomioimaan, ett\u00e4 mattojen s\u00e4vyt saattavat hieman vaihdella. T\u00e4m\u00e4 ei kuitenkaan ole virhe vaan luontaista k\u00e4sity\u00f6n\u00e4 tehdyille tuotteille. <\/span><\/p>\n<a href=\"https:\/\/serahelsinki.com\/?page_id=586\" class=\"button primary is-link is-small\" >\n\t\t<span>Lue lis\u00e4\u00e4<\/span>\n\t<i class=\"icon-angle-right\" aria-hidden=\"true\"><\/i><\/a>\n\n\t\t<\/div>\n\t\t\t\t\t<\/div>\n\n\t\n<\/div>\n","protected":false},"excerpt":{"rendered":"<hr \/>\n<p>Saatavilla kahdessa eri koossa. Toimitusaika 2-3 kuukautta.<\/p>\n<a href=\"#read-more\" class=\"button primary is-link is-xxsmall\" >\n\t\t<span>Additional Information<\/span>\n\t<i class=\"icon-angle-down\" aria-hidden=\"true\"><\/i><\/a>\n\n","protected":false},"featured_media":3679,"comment_status":"open","ping_status":"closed","template":"","meta":[],"product_brand":[],"product_cat":[75],"product_tag":[],"class_list":{"0":"post-3659","1":"product","2":"type-product","3":"status-publish","4":"has-post-thumbnail","6":"product_cat-matot-fi","8":"first","9":"instock","10":"taxable","11":"shipping-taxable","12":"purchasable","13":"product-type-variable"},"_links":{"self":[{"href":"https:\/\/serahelsinki.com\/fi\/wp-json\/wp\/v2\/product\/3659","targetHints":{"allow":["GET"]}}],"collection":[{"href":"https:\/\/serahelsinki.com\/fi\/wp-json\/wp\/v2\/product"}],"about":[{"href":"https:\/\/serahelsinki.com\/fi\/wp-json\/wp\/v2\/types\/product"}],"replies":[{"embeddable":true,"href":"https:\/\/serahelsinki.com\/fi\/wp-json\/wp\/v2\/comments?post=3659"}],"wp:featuredmedia":[{"embeddable":true,"href":"https:\/\/serahelsinki.com\/fi\/wp-json\/wp\/v2\/media\/3679"}],"wp:attachment":[{"href":"https:\/\/serahelsinki.com\/fi\/wp-json\/wp\/v2\/media?parent=3659"}],"wp:term":[{"taxonomy":"product_brand","embeddable":true,"href":"https:\/\/serahelsinki.com\/fi\/wp-json\/wp\/v2\/product_brand?post=3659"},{"taxonomy":"product_cat","embeddable":true,"href":"https:\/\/serahelsinki.com\/fi\/wp-json\/wp\/v2\/product_cat?post=3659"},{"taxonomy":"product_tag","embeddable":true,"href":"https:\/\/serahelsinki.com\/fi\/wp-json\/wp\/v2\/product_tag?post=3659"}],"curies":[{"name":"wp","href":"https:\/\/api.w.org\/{rel}","templated":true}]}}