{"id":3801,"date":"2023-02-12T22:37:42","date_gmt":"2023-02-12T20:37:42","guid":{"rendered":"https:\/\/serahelsinki.com\/?post_type=product&#038;p=3801"},"modified":"2023-02-17T11:45:55","modified_gmt":"2023-02-17T09:45:55","slug":"vuoristo-matto-kudottu","status":"publish","type":"product","link":"https:\/\/serahelsinki.com\/fi\/tuote\/vuoristo-matto-kudottu\/","title":{"rendered":"Vuoristo matto &#8211; kudottu"},"content":{"rendered":"<span class=\"scroll-to\" data-label=\"Scroll to: #read-more\" data-bullet=\"false\" data-link=\"#read-more\" data-title=\"read-more\"><a name=\"read-more\"><\/a><\/span>\n<div class=\"row row-large row-full-width\"  id=\"row-1926628946\">\n\n\t<div id=\"col-259754166\" class=\"col small-12 large-12\"  >\n\t\t\t\t<div class=\"col-inner\"  >\n\t\t\t\n\t\t\t\n\t<div class=\"img has-hover x md-x lg-x y md-y lg-y\" id=\"image_1095156989\">\n\t\t\t\t\t\t\t\t<div class=\"img-inner dark\" >\n\t\t\t<img loading=\"lazy\" decoding=\"async\" width=\"1698\" height=\"2560\" src=\"https:\/\/serahelsinki.com\/wp-content\/uploads\/2023\/02\/Vuoristo_06-scaled.jpg\" class=\"attachment-original size-original\" alt=\"\" srcset=\"https:\/\/serahelsinki.com\/wp-content\/uploads\/2023\/02\/Vuoristo_06-scaled.jpg 1698w, https:\/\/serahelsinki.com\/wp-content\/uploads\/2023\/02\/Vuoristo_06-199x300.jpg 199w, https:\/\/serahelsinki.com\/wp-content\/uploads\/2023\/02\/Vuoristo_06-679x1024.jpg 679w, https:\/\/serahelsinki.com\/wp-content\/uploads\/2023\/02\/Vuoristo_06-768x1158.jpg 768w, https:\/\/serahelsinki.com\/wp-content\/uploads\/2023\/02\/Vuoristo_06-1019x1536.jpg 1019w, https:\/\/serahelsinki.com\/wp-content\/uploads\/2023\/02\/Vuoristo_06-1358x2048.jpg 1358w, https:\/\/serahelsinki.com\/wp-content\/uploads\/2023\/02\/Vuoristo_06-1000x1508.jpg 1000w, https:\/\/serahelsinki.com\/wp-content\/uploads\/2023\/02\/Vuoristo_06-100x150.jpg 100w\" sizes=\"auto, (max-width: 1698px) 100vw, 1698px\" \/>\t\t\t\t\t\t\n\t\t\t\t\t<\/div>\n\t\t\t\t\t\t\t\t\n<style>\n#image_1095156989 {\n  width: 100%;\n}\n<\/style>\n\t<\/div>\n\t\n\t\t<\/div>\n\t\t\t\t\t<\/div>\n\n\t\n<\/div>\n<div class=\"row row-large row-full-width align-equal\"  id=\"row-1755842711\">\n\n\t<div id=\"col-934264483\" class=\"col medium-6 small-12 large-6\"  >\n\t\t\t\t<div class=\"col-inner\"  >\n\t\t\t\n\t\t\t\n<div class=\"is-divider divider clearfix\" style=\"margin-top:0em;margin-bottom:0em;max-width:100%;height:1px;background-color:rgb(0, 0, 0);\"><\/div>\n\t<div id=\"gap-1370793508\" class=\"gap-element clearfix\" style=\"display:block; height:auto;\">\n\t\t\n<style>\n#gap-1370793508 {\n  padding-top: 20px;\n}\n<\/style>\n\t<\/div>\n\t\n<h2><span style=\"font-size: 150%;\">Vuoristo<\/span><\/h2>\n<p>\u00a0<\/p>\n\t<div id=\"gap-1382340208\" class=\"gap-element clearfix\" style=\"display:block; height:auto;\">\n\t\t\n<style>\n#gap-1382340208 {\n  padding-top: 60px;\n}\n<\/style>\n\t<\/div>\n\t\n<p><span style=\"font-size: 150%;\">Vuoristo on Peeta Peltolan suunnittelema kudottu matto, jonka ep\u00e4symmetrinen solmittu kuvio muistuttaa jylh\u00e4\u00e4 vuoristomaisemaa. Maton solmittu kuvio on noin 2,5 cm korkeaa ja kudottu pohja noin 0,5 cm korkea.<\/span><\/p>\n\t\t<\/div>\n\t\t\t\t\t<\/div>\n\n\t\n\n\t<div id=\"col-1242689707\" class=\"col medium-6 small-12 large-6\"  >\n\t\t\t\t<div class=\"col-inner\"  >\n\t\t\t\n\t\t\t\n  <div class=\"banner-grid-wrapper\">\n  <div id=\"banner-grid-1111224058\" class=\"banner-grid row row-grid\" data-packery-options=\"\">\n                      \n<div class=\"col grid-col small-12 large-12 grid-col-1-2\" ><div class=\"col-inner\">\n\t<div class=\"img has-hover x md-x lg-x y md-y lg-y\" id=\"image_1239710291\">\n\t\t<a class=\"image-lightbox lightbox-gallery\" title=\"\" href=\"https:\/\/serahelsinki.com\/wp-content\/uploads\/2023\/02\/Vuoristo_06-679x1024.jpg\">\t\t\t\t\t\t<div class=\"img-inner dark\" >\n\t\t\t<img loading=\"lazy\" decoding=\"async\" width=\"1698\" height=\"2560\" src=\"https:\/\/serahelsinki.com\/wp-content\/uploads\/2023\/02\/Vuoristo_06-scaled.jpg\" class=\"attachment-original size-original\" alt=\"\" srcset=\"https:\/\/serahelsinki.com\/wp-content\/uploads\/2023\/02\/Vuoristo_06-scaled.jpg 1698w, https:\/\/serahelsinki.com\/wp-content\/uploads\/2023\/02\/Vuoristo_06-199x300.jpg 199w, https:\/\/serahelsinki.com\/wp-content\/uploads\/2023\/02\/Vuoristo_06-679x1024.jpg 679w, https:\/\/serahelsinki.com\/wp-content\/uploads\/2023\/02\/Vuoristo_06-768x1158.jpg 768w, https:\/\/serahelsinki.com\/wp-content\/uploads\/2023\/02\/Vuoristo_06-1019x1536.jpg 1019w, https:\/\/serahelsinki.com\/wp-content\/uploads\/2023\/02\/Vuoristo_06-1358x2048.jpg 1358w, https:\/\/serahelsinki.com\/wp-content\/uploads\/2023\/02\/Vuoristo_06-1000x1508.jpg 1000w, https:\/\/serahelsinki.com\/wp-content\/uploads\/2023\/02\/Vuoristo_06-100x150.jpg 100w\" sizes=\"auto, (max-width: 1698px) 100vw, 1698px\" \/>\t\t\t\t\t\t\n\t\t\t\t\t<\/div>\n\t\t\t\t\t\t<\/a>\t\t\n<style>\n#image_1239710291 {\n  width: 100%;\n}\n<\/style>\n\t<\/div>\n\t\n<\/div><\/div>\n<div class=\"col grid-col small-6 large-6 grid-col-1-2\" ><div class=\"col-inner\">\n\t<div class=\"img has-hover x md-x lg-x y md-y lg-y\" id=\"image_1947282258\">\n\t\t<a class=\"image-lightbox lightbox-gallery\" title=\"\" href=\"https:\/\/serahelsinki.com\/wp-content\/uploads\/2023\/02\/Vuoristo_08-731x1024.jpg\">\t\t\t\t\t\t<div class=\"img-inner dark\" >\n\t\t\t<img loading=\"lazy\" decoding=\"async\" width=\"1828\" height=\"2560\" src=\"https:\/\/serahelsinki.com\/wp-content\/uploads\/2023\/02\/Vuoristo_08-scaled.jpg\" class=\"attachment-original size-original\" alt=\"\" srcset=\"https:\/\/serahelsinki.com\/wp-content\/uploads\/2023\/02\/Vuoristo_08-scaled.jpg 1828w, https:\/\/serahelsinki.com\/wp-content\/uploads\/2023\/02\/Vuoristo_08-214x300.jpg 214w, https:\/\/serahelsinki.com\/wp-content\/uploads\/2023\/02\/Vuoristo_08-731x1024.jpg 731w, https:\/\/serahelsinki.com\/wp-content\/uploads\/2023\/02\/Vuoristo_08-768x1076.jpg 768w, https:\/\/serahelsinki.com\/wp-content\/uploads\/2023\/02\/Vuoristo_08-1097x1536.jpg 1097w, https:\/\/serahelsinki.com\/wp-content\/uploads\/2023\/02\/Vuoristo_08-1462x2048.jpg 1462w, https:\/\/serahelsinki.com\/wp-content\/uploads\/2023\/02\/Vuoristo_08-1000x1401.jpg 1000w, https:\/\/serahelsinki.com\/wp-content\/uploads\/2023\/02\/Vuoristo_08-100x140.jpg 100w\" sizes=\"auto, (max-width: 1828px) 100vw, 1828px\" \/>\t\t\t\t\t\t\n\t\t\t\t\t<\/div>\n\t\t\t\t\t\t<\/a>\t\t\n<style>\n#image_1947282258 {\n  width: 100%;\n}\n<\/style>\n\t<\/div>\n\t\n<\/div><\/div>\n<div class=\"col grid-col small-6 large-6 grid-col-1-2\" ><div class=\"col-inner\">\n\t<div class=\"img has-hover x md-x lg-x y md-y lg-y\" id=\"image_61442317\">\n\t\t<a class=\"image-lightbox lightbox-gallery\" title=\"\" href=\"https:\/\/serahelsinki.com\/wp-content\/uploads\/2023\/02\/Vuoristo_07-696x1024.jpg\">\t\t\t\t\t\t<div class=\"img-inner dark\" >\n\t\t\t<img loading=\"lazy\" decoding=\"async\" width=\"1740\" height=\"2560\" src=\"https:\/\/serahelsinki.com\/wp-content\/uploads\/2023\/02\/Vuoristo_07-scaled.jpg\" class=\"attachment-original size-original\" alt=\"\" srcset=\"https:\/\/serahelsinki.com\/wp-content\/uploads\/2023\/02\/Vuoristo_07-scaled.jpg 1740w, https:\/\/serahelsinki.com\/wp-content\/uploads\/2023\/02\/Vuoristo_07-204x300.jpg 204w, https:\/\/serahelsinki.com\/wp-content\/uploads\/2023\/02\/Vuoristo_07-696x1024.jpg 696w, https:\/\/serahelsinki.com\/wp-content\/uploads\/2023\/02\/Vuoristo_07-768x1130.jpg 768w, https:\/\/serahelsinki.com\/wp-content\/uploads\/2023\/02\/Vuoristo_07-1044x1536.jpg 1044w, https:\/\/serahelsinki.com\/wp-content\/uploads\/2023\/02\/Vuoristo_07-1392x2048.jpg 1392w, https:\/\/serahelsinki.com\/wp-content\/uploads\/2023\/02\/Vuoristo_07-1000x1471.jpg 1000w, https:\/\/serahelsinki.com\/wp-content\/uploads\/2023\/02\/Vuoristo_07-100x147.jpg 100w\" sizes=\"auto, (max-width: 1740px) 100vw, 1740px\" \/>\t\t\t\t\t\t\n\t\t\t\t\t<\/div>\n\t\t\t\t\t\t<\/a>\t\t\n<style>\n#image_61442317 {\n  width: 100%;\n}\n<\/style>\n\t<\/div>\n\t\n<\/div><\/div>\n            <\/div>\n    <style>\n    #banner-grid-1111224058 .grid-col-1{height: 600px}\n    #banner-grid-1111224058 .grid-col-1-2{height: 300px}\n    #banner-grid-1111224058 .grid-col-1-3{height:200px}\n    #banner-grid-1111224058 .grid-col-2-3{height: 400px}\n    #banner-grid-1111224058 .grid-col-1-4{height: 150px}\n    #banner-grid-1111224058 .grid-col-3-4{height: 450px}\n\n\n    \n    \n\n  <\/style>\n    <\/div>\n  \n\t\t<\/div>\n\t\t\t\t\t<\/div>\n\n\t\n<\/div>\n<div class=\"row row-large row-full-width align-equal\"  id=\"row-1131074234\">\n\n\t<div id=\"col-672875433\" class=\"col hide-for-small medium-6 small-12 large-6\"  >\n\t\t\t\t<div class=\"col-inner\"  >\n\t\t\t\n\t\t\t\n\t<div class=\"img has-hover x md-x lg-x y md-y lg-y\" id=\"image_633600287\">\n\t\t\t\t\t\t\t\t<div class=\"img-inner dark\" >\n\t\t\t<img loading=\"lazy\" decoding=\"async\" width=\"701\" height=\"1024\" src=\"https:\/\/serahelsinki.com\/wp-content\/uploads\/2023\/02\/Vuoristo_kudottu_Brown_1366-701x1024.jpg\" class=\"attachment-large size-large\" alt=\"\" srcset=\"https:\/\/serahelsinki.com\/wp-content\/uploads\/2023\/02\/Vuoristo_kudottu_Brown_1366-701x1024.jpg 701w, https:\/\/serahelsinki.com\/wp-content\/uploads\/2023\/02\/Vuoristo_kudottu_Brown_1366-205x300.jpg 205w, https:\/\/serahelsinki.com\/wp-content\/uploads\/2023\/02\/Vuoristo_kudottu_Brown_1366-768x1123.jpg 768w, https:\/\/serahelsinki.com\/wp-content\/uploads\/2023\/02\/Vuoristo_kudottu_Brown_1366-1051x1536.jpg 1051w, https:\/\/serahelsinki.com\/wp-content\/uploads\/2023\/02\/Vuoristo_kudottu_Brown_1366-1000x1462.jpg 1000w, https:\/\/serahelsinki.com\/wp-content\/uploads\/2023\/02\/Vuoristo_kudottu_Brown_1366-100x146.jpg 100w, https:\/\/serahelsinki.com\/wp-content\/uploads\/2023\/02\/Vuoristo_kudottu_Brown_1366.jpg 1293w\" sizes=\"auto, (max-width: 701px) 100vw, 701px\" \/>\t\t\t\t\t\t\n\t\t\t\t\t<\/div>\n\t\t\t\t\t\t\t\t\n<style>\n#image_633600287 {\n  width: 100%;\n}\n<\/style>\n\t<\/div>\n\t\n\t\t<\/div>\n\t\t\t\t\t<\/div>\n\n\t\n\n\t<div id=\"col-610708383\" class=\"col medium-6 small-12 large-6\"  >\n\t\t\t\t<div class=\"col-inner\"  >\n\t\t\t\n\t\t\t\n<div class=\"is-divider divider clearfix\" style=\"margin-top:0em;margin-bottom:0em;max-width:100%;height:1px;background-color:rgb(0, 0, 0);\"><\/div>\n\t<div id=\"gap-113135959\" class=\"gap-element clearfix\" style=\"display:block; height:auto;\">\n\t\t\n<style>\n#gap-113135959 {\n  padding-top: 20px;\n}\n<\/style>\n\t<\/div>\n\t\n<h2><span style=\"font-size: 150%;\">Tuotannosta<\/span><\/h2>\n<p>\u00a0<\/p>\n\t<div id=\"gap-802378676\" class=\"gap-element clearfix\" style=\"display:block; height:auto;\">\n\t\t\n<style>\n#gap-802378676 {\n  padding-top: 60px;\n}\n<\/style>\n\t<\/div>\n\t\n<p><span style=\"font-weight: 400;\">Mattomme tehd\u00e4\u00e4n k\u00e4sity\u00f6n\u00e4 tilauksesta. Ostaessasi maton verkkokaupastamme, aloitamme tuotannon Etiopiassa. L\u00e4het\u00e4mme sinulle kuvia ja v\u00e4liaikatietoja maton tekoprosessin aikana. Toimitusaika on 2-3 kk.\u00a0<\/span><\/p>\n<p><span style=\"font-weight: 400;\">Jokainen matto on k\u00e4sin valmistettu ja ainutlaatuinen. Valmistuksessa k\u00e4ytetty lanka ei ole kemikaalisesti k\u00e4sitelty (valkaistu tai v\u00e4rj\u00e4tty) ja t\u00e4st\u00e4 syyst\u00e4 maton v\u00e4ritys on luonnonmukainen. My\u00f6s mattojen koot saattavat vaihdella muutamilla senttimetreill\u00e4. Matoista on my\u00f6s saatavilla kustomoituja kokoja. Voit tiedustella eri kokovaihtoehdoista s\u00e4hk\u00f6postitse tai puhelimitse. Pyyd\u00e4mme huomioimaan, ett\u00e4 mattojen s\u00e4vyt saattavat hieman vaihdella. T\u00e4m\u00e4 ei kuitenkaan ole virhe vaan luontaista k\u00e4sity\u00f6n\u00e4 tehdyille tuotteille. <\/span><\/p>\n<a href=\"https:\/\/serahelsinki.com\/?page_id=586\" class=\"button primary is-link is-small\" >\n\t\t<span>Lue lis\u00e4\u00e4<\/span>\n\t<i class=\"icon-angle-right\" aria-hidden=\"true\"><\/i><\/a>\n\n\t\t<\/div>\n\t\t\t\t\t<\/div>\n\n\t\n<\/div>\n","protected":false},"excerpt":{"rendered":"<hr \/>\n<p>Saatavilla kahdessa eri koossa. Toimitusaika 2-3 kuukautta.<\/p>\n<a href=\"#read-more\" class=\"button primary is-link is-xxsmall\" >\n\t\t<span>Additional Information<\/span>\n\t<i class=\"icon-angle-down\" aria-hidden=\"true\"><\/i><\/a>\n\n","protected":false},"featured_media":3709,"comment_status":"open","ping_status":"closed","template":"","meta":[],"product_brand":[],"product_cat":[75],"product_tag":[],"class_list":{"0":"post-3801","1":"product","2":"type-product","3":"status-publish","4":"has-post-thumbnail","6":"product_cat-matot-fi","8":"first","9":"instock","10":"taxable","11":"shipping-taxable","12":"purchasable","13":"product-type-variable"},"_links":{"self":[{"href":"https:\/\/serahelsinki.com\/fi\/wp-json\/wp\/v2\/product\/3801","targetHints":{"allow":["GET"]}}],"collection":[{"href":"https:\/\/serahelsinki.com\/fi\/wp-json\/wp\/v2\/product"}],"about":[{"href":"https:\/\/serahelsinki.com\/fi\/wp-json\/wp\/v2\/types\/product"}],"replies":[{"embeddable":true,"href":"https:\/\/serahelsinki.com\/fi\/wp-json\/wp\/v2\/comments?post=3801"}],"wp:featuredmedia":[{"embeddable":true,"href":"https:\/\/serahelsinki.com\/fi\/wp-json\/wp\/v2\/media\/3709"}],"wp:attachment":[{"href":"https:\/\/serahelsinki.com\/fi\/wp-json\/wp\/v2\/media?parent=3801"}],"wp:term":[{"taxonomy":"product_brand","embeddable":true,"href":"https:\/\/serahelsinki.com\/fi\/wp-json\/wp\/v2\/product_brand?post=3801"},{"taxonomy":"product_cat","embeddable":true,"href":"https:\/\/serahelsinki.com\/fi\/wp-json\/wp\/v2\/product_cat?post=3801"},{"taxonomy":"product_tag","embeddable":true,"href":"https:\/\/serahelsinki.com\/fi\/wp-json\/wp\/v2\/product_tag?post=3801"}],"curies":[{"name":"wp","href":"https:\/\/api.w.org\/{rel}","templated":true}]}}