{"id":3821,"date":"2023-02-12T22:56:43","date_gmt":"2023-02-12T20:56:43","guid":{"rendered":"https:\/\/serahelsinki.com\/?post_type=product&#038;p=3821"},"modified":"2023-02-17T11:45:22","modified_gmt":"2023-02-17T09:45:22","slug":"vuoristo-matto-solmittu","status":"publish","type":"product","link":"https:\/\/serahelsinki.com\/fi\/tuote\/vuoristo-matto-solmittu\/","title":{"rendered":"Vuoristo matto &#8211; solmittu"},"content":{"rendered":"<span class=\"scroll-to\" data-label=\"Scroll to: #read-more\" data-bullet=\"false\" data-link=\"#read-more\" data-title=\"read-more\"><a name=\"read-more\"><\/a><\/span>\n<div class=\"row row-large row-full-width\"  id=\"row-1450810325\">\n\n\t<div id=\"col-1546383387\" class=\"col small-12 large-12\"  >\n\t\t\t\t<div class=\"col-inner\"  >\n\t\t\t\n\t\t\t\n\t<div class=\"img has-hover x md-x lg-x y md-y lg-y\" id=\"image_1793748628\">\n\t\t\t\t\t\t\t\t<div class=\"img-inner dark\" >\n\t\t\t<img loading=\"lazy\" decoding=\"async\" width=\"1828\" height=\"2560\" src=\"https:\/\/serahelsinki.com\/wp-content\/uploads\/2023\/02\/Vuoristo_04-scaled.jpg\" class=\"attachment-original size-original\" alt=\"\" srcset=\"https:\/\/serahelsinki.com\/wp-content\/uploads\/2023\/02\/Vuoristo_04-scaled.jpg 1828w, https:\/\/serahelsinki.com\/wp-content\/uploads\/2023\/02\/Vuoristo_04-214x300.jpg 214w, https:\/\/serahelsinki.com\/wp-content\/uploads\/2023\/02\/Vuoristo_04-731x1024.jpg 731w, https:\/\/serahelsinki.com\/wp-content\/uploads\/2023\/02\/Vuoristo_04-768x1075.jpg 768w, https:\/\/serahelsinki.com\/wp-content\/uploads\/2023\/02\/Vuoristo_04-1097x1536.jpg 1097w, https:\/\/serahelsinki.com\/wp-content\/uploads\/2023\/02\/Vuoristo_04-1463x2048.jpg 1463w, https:\/\/serahelsinki.com\/wp-content\/uploads\/2023\/02\/Vuoristo_04-1000x1400.jpg 1000w, https:\/\/serahelsinki.com\/wp-content\/uploads\/2023\/02\/Vuoristo_04-100x140.jpg 100w\" sizes=\"auto, (max-width: 1828px) 100vw, 1828px\" \/>\t\t\t\t\t\t\n\t\t\t\t\t<\/div>\n\t\t\t\t\t\t\t\t\n<style>\n#image_1793748628 {\n  width: 100%;\n}\n<\/style>\n\t<\/div>\n\t\n\t\t<\/div>\n\t\t\t\t\t<\/div>\n\n\t\n<\/div>\n<div class=\"row row-large row-full-width align-equal\"  id=\"row-1716779196\">\n\n\t<div id=\"col-717674329\" class=\"col medium-6 small-12 large-6\"  >\n\t\t\t\t<div class=\"col-inner\"  >\n\t\t\t\n\t\t\t\n<div class=\"is-divider divider clearfix\" style=\"margin-top:0em;margin-bottom:0em;max-width:100%;height:1px;background-color:rgb(0, 0, 0);\"><\/div>\n\t<div id=\"gap-378625715\" class=\"gap-element clearfix\" style=\"display:block; height:auto;\">\n\t\t\n<style>\n#gap-378625715 {\n  padding-top: 20px;\n}\n<\/style>\n\t<\/div>\n\t\n<h2><span style=\"font-size: 150%;\">Vuoristo<\/span><\/h2>\n<p>\u00a0<\/p>\n\t<div id=\"gap-3572756\" class=\"gap-element clearfix\" style=\"display:block; height:auto;\">\n\t\t\n<style>\n#gap-3572756 {\n  padding-top: 60px;\n}\n<\/style>\n\t<\/div>\n\t\n<p><span style=\"font-size: 150%;\">Vuoristo on Peeta Peltolan suunnittelema solmittu matto, jonka ep\u00e4symmetrinen kuvio muistuttaa jylh\u00e4\u00e4 vuoristomaisemaa. Maton kuvio on noin 2,5 cm korkeaa ja solmittu pohja noin 1 cm korkea. <\/span><\/p>\n\t\t<\/div>\n\t\t\t\t\t<\/div>\n\n\t\n\n\t<div id=\"col-1380068965\" class=\"col medium-6 small-12 large-6\"  >\n\t\t\t\t<div class=\"col-inner\"  >\n\t\t\t\n\t\t\t\n<div class=\"row\"  id=\"row-311031723\">\n\n\t<div id=\"col-944998929\" class=\"col medium-6 small-12 large-6\"  >\n\t\t\t\t<div class=\"col-inner\"  >\n\t\t\t\n\t\t\t\n\t<div class=\"img has-hover x md-x lg-x y md-y lg-y\" id=\"image_428611506\">\n\t\t\t\t\t\t\t\t<div class=\"img-inner dark\" >\n\t\t\t<img loading=\"lazy\" decoding=\"async\" width=\"725\" height=\"1024\" src=\"https:\/\/serahelsinki.com\/wp-content\/uploads\/2023\/02\/Vuoristo_01-725x1024.jpg\" class=\"attachment-large size-large\" alt=\"\" srcset=\"https:\/\/serahelsinki.com\/wp-content\/uploads\/2023\/02\/Vuoristo_01-725x1024.jpg 725w, https:\/\/serahelsinki.com\/wp-content\/uploads\/2023\/02\/Vuoristo_01-212x300.jpg 212w, https:\/\/serahelsinki.com\/wp-content\/uploads\/2023\/02\/Vuoristo_01-768x1085.jpg 768w, https:\/\/serahelsinki.com\/wp-content\/uploads\/2023\/02\/Vuoristo_01-1087x1536.jpg 1087w, https:\/\/serahelsinki.com\/wp-content\/uploads\/2023\/02\/Vuoristo_01-1449x2048.jpg 1449w, https:\/\/serahelsinki.com\/wp-content\/uploads\/2023\/02\/Vuoristo_01-1000x1413.jpg 1000w, https:\/\/serahelsinki.com\/wp-content\/uploads\/2023\/02\/Vuoristo_01-100x141.jpg 100w, https:\/\/serahelsinki.com\/wp-content\/uploads\/2023\/02\/Vuoristo_01-scaled.jpg 1812w\" sizes=\"auto, (max-width: 725px) 100vw, 725px\" \/>\t\t\t\t\t\t\n\t\t\t\t\t<\/div>\n\t\t\t\t\t\t\t\t\n<style>\n#image_428611506 {\n  width: 100%;\n}\n<\/style>\n\t<\/div>\n\t\n\t\t<\/div>\n\t\t\t\t\t<\/div>\n\n\t\n\n\t<div id=\"col-994624231\" class=\"col medium-6 small-12 large-6\"  >\n\t\t\t\t<div class=\"col-inner\"  >\n\t\t\t\n\t\t\t\n\t<div class=\"img has-hover x md-x lg-x y md-y lg-y\" id=\"image_1470773947\">\n\t\t\t\t\t\t\t\t<div class=\"img-inner dark\" >\n\t\t\t<img loading=\"lazy\" decoding=\"async\" width=\"783\" height=\"1024\" src=\"https:\/\/serahelsinki.com\/wp-content\/uploads\/2023\/02\/Vuoristo_05-783x1024.jpg\" class=\"attachment-large size-large\" alt=\"\" srcset=\"https:\/\/serahelsinki.com\/wp-content\/uploads\/2023\/02\/Vuoristo_05-783x1024.jpg 783w, https:\/\/serahelsinki.com\/wp-content\/uploads\/2023\/02\/Vuoristo_05-230x300.jpg 230w, https:\/\/serahelsinki.com\/wp-content\/uploads\/2023\/02\/Vuoristo_05-768x1004.jpg 768w, https:\/\/serahelsinki.com\/wp-content\/uploads\/2023\/02\/Vuoristo_05-1175x1536.jpg 1175w, https:\/\/serahelsinki.com\/wp-content\/uploads\/2023\/02\/Vuoristo_05-1567x2048.jpg 1567w, https:\/\/serahelsinki.com\/wp-content\/uploads\/2023\/02\/Vuoristo_05-1000x1307.jpg 1000w, https:\/\/serahelsinki.com\/wp-content\/uploads\/2023\/02\/Vuoristo_05-100x131.jpg 100w, https:\/\/serahelsinki.com\/wp-content\/uploads\/2023\/02\/Vuoristo_05-scaled.jpg 1959w\" sizes=\"auto, (max-width: 783px) 100vw, 783px\" \/>\t\t\t\t\t\t\n\t\t\t\t\t<\/div>\n\t\t\t\t\t\t\t\t\n<style>\n#image_1470773947 {\n  width: 100%;\n}\n<\/style>\n\t<\/div>\n\t\n\t\t<\/div>\n\t\t\t\t\t<\/div>\n\n\t\n<\/div>\n\t\t<\/div>\n\t\t\t\t\t<\/div>\n\n\t\n<\/div>\n<div class=\"row row-large row-full-width align-equal\"  id=\"row-1180495896\">\n\n\t<div id=\"col-1021556025\" class=\"col hide-for-small medium-6 small-12 large-6\"  >\n\t\t\t\t<div class=\"col-inner\"  >\n\t\t\t\n\t\t\t\n\t<div class=\"img has-hover x md-x lg-x y md-y lg-y\" id=\"image_320654796\">\n\t\t\t\t\t\t\t\t<div class=\"img-inner dark\" >\n\t\t\t<img loading=\"lazy\" decoding=\"async\" width=\"731\" height=\"1024\" src=\"https:\/\/serahelsinki.com\/wp-content\/uploads\/2023\/02\/Vuoristo_03-731x1024.jpg\" class=\"attachment-large size-large\" alt=\"\" srcset=\"https:\/\/serahelsinki.com\/wp-content\/uploads\/2023\/02\/Vuoristo_03-731x1024.jpg 731w, https:\/\/serahelsinki.com\/wp-content\/uploads\/2023\/02\/Vuoristo_03-214x300.jpg 214w, https:\/\/serahelsinki.com\/wp-content\/uploads\/2023\/02\/Vuoristo_03-768x1075.jpg 768w, https:\/\/serahelsinki.com\/wp-content\/uploads\/2023\/02\/Vuoristo_03-1097x1536.jpg 1097w, https:\/\/serahelsinki.com\/wp-content\/uploads\/2023\/02\/Vuoristo_03-1463x2048.jpg 1463w, https:\/\/serahelsinki.com\/wp-content\/uploads\/2023\/02\/Vuoristo_03-1000x1400.jpg 1000w, https:\/\/serahelsinki.com\/wp-content\/uploads\/2023\/02\/Vuoristo_03-100x140.jpg 100w, https:\/\/serahelsinki.com\/wp-content\/uploads\/2023\/02\/Vuoristo_03-scaled.jpg 1828w\" sizes=\"auto, (max-width: 731px) 100vw, 731px\" \/>\t\t\t\t\t\t\n\t\t\t\t\t<\/div>\n\t\t\t\t\t\t\t\t\n<style>\n#image_320654796 {\n  width: 100%;\n}\n<\/style>\n\t<\/div>\n\t\n\t\t<\/div>\n\t\t\t\t\t<\/div>\n\n\t\n\n\t<div id=\"col-83870640\" class=\"col medium-6 small-12 large-6\"  >\n\t\t\t\t<div class=\"col-inner\"  >\n\t\t\t\n\t\t\t\n<div class=\"is-divider divider clearfix\" style=\"margin-top:0em;margin-bottom:0em;max-width:100%;height:1px;background-color:rgb(0, 0, 0);\"><\/div>\n\t<div id=\"gap-404807828\" class=\"gap-element clearfix\" style=\"display:block; height:auto;\">\n\t\t\n<style>\n#gap-404807828 {\n  padding-top: 20px;\n}\n<\/style>\n\t<\/div>\n\t\n<h2><span style=\"font-size: 150%;\">Tuotannosta<\/span><\/h2>\n<p>\u00a0<\/p>\n\t<div id=\"gap-424953452\" class=\"gap-element clearfix\" style=\"display:block; height:auto;\">\n\t\t\n<style>\n#gap-424953452 {\n  padding-top: 60px;\n}\n<\/style>\n\t<\/div>\n\t\n<p><span style=\"font-weight: 400;\">Mattomme tehd\u00e4\u00e4n k\u00e4sity\u00f6n\u00e4 tilauksesta. Ostaessasi maton verkkokaupastamme, aloitamme tuotannon Etiopiassa. L\u00e4het\u00e4mme sinulle kuvia ja v\u00e4liaikatietoja maton tekoprosessin aikana. Toimitusaika on 2-3 kk.\u00a0<\/span><\/p>\n<p><span style=\"font-weight: 400;\">Jokainen matto on k\u00e4sin valmistettu ja ainutlaatuinen. Valmistuksessa k\u00e4ytetty lanka ei ole kemikaalisesti k\u00e4sitelty (valkaistu tai v\u00e4rj\u00e4tty) ja t\u00e4st\u00e4 syyst\u00e4 maton v\u00e4ritys on luonnonmukainen. My\u00f6s mattojen koot saattavat vaihdella muutamilla senttimetreill\u00e4. Matoista on my\u00f6s saatavilla kustomoituja kokoja. Voit tiedustella eri kokovaihtoehdoista s\u00e4hk\u00f6postitse tai puhelimitse. Pyyd\u00e4mme huomioimaan, ett\u00e4 mattojen s\u00e4vyt saattavat hieman vaihdella. T\u00e4m\u00e4 ei kuitenkaan ole virhe vaan luontaista k\u00e4sity\u00f6n\u00e4 tehdyille tuotteille. <\/span><\/p>\n<a href=\"https:\/\/serahelsinki.com\/?page_id=586\" class=\"button primary is-link is-small\" >\n\t\t<span>Read more here<\/span>\n\t<i class=\"icon-angle-right\" aria-hidden=\"true\"><\/i><\/a>\n\n\t\t<\/div>\n\t\t\t\t\t<\/div>\n\n\t\n<\/div>\n","protected":false},"excerpt":{"rendered":"<hr \/>\n<p>Saatavilla kahdessa eri koossa. Toimitusaika 2-3 kuukautta.<\/p>\n<a href=\"#read-more\" class=\"button primary is-link is-xxsmall\" >\n\t\t<span>Additional Information<\/span>\n\t<i class=\"icon-angle-down\" aria-hidden=\"true\"><\/i><\/a>\n\n","protected":false},"featured_media":3699,"comment_status":"open","ping_status":"closed","template":"","meta":[],"product_brand":[],"product_cat":[75],"product_tag":[],"class_list":{"0":"post-3821","1":"product","2":"type-product","3":"status-publish","4":"has-post-thumbnail","6":"product_cat-matot-fi","8":"first","9":"instock","10":"taxable","11":"shipping-taxable","12":"purchasable","13":"product-type-variable"},"_links":{"self":[{"href":"https:\/\/serahelsinki.com\/fi\/wp-json\/wp\/v2\/product\/3821","targetHints":{"allow":["GET"]}}],"collection":[{"href":"https:\/\/serahelsinki.com\/fi\/wp-json\/wp\/v2\/product"}],"about":[{"href":"https:\/\/serahelsinki.com\/fi\/wp-json\/wp\/v2\/types\/product"}],"replies":[{"embeddable":true,"href":"https:\/\/serahelsinki.com\/fi\/wp-json\/wp\/v2\/comments?post=3821"}],"wp:featuredmedia":[{"embeddable":true,"href":"https:\/\/serahelsinki.com\/fi\/wp-json\/wp\/v2\/media\/3699"}],"wp:attachment":[{"href":"https:\/\/serahelsinki.com\/fi\/wp-json\/wp\/v2\/media?parent=3821"}],"wp:term":[{"taxonomy":"product_brand","embeddable":true,"href":"https:\/\/serahelsinki.com\/fi\/wp-json\/wp\/v2\/product_brand?post=3821"},{"taxonomy":"product_cat","embeddable":true,"href":"https:\/\/serahelsinki.com\/fi\/wp-json\/wp\/v2\/product_cat?post=3821"},{"taxonomy":"product_tag","embeddable":true,"href":"https:\/\/serahelsinki.com\/fi\/wp-json\/wp\/v2\/product_tag?post=3821"}],"curies":[{"name":"wp","href":"https:\/\/api.w.org\/{rel}","templated":true}]}}