{"id":3838,"date":"2023-02-17T09:32:31","date_gmt":"2023-02-17T07:32:31","guid":{"rendered":"https:\/\/serahelsinki.com\/?post_type=product&#038;p=3838"},"modified":"2023-02-17T11:44:51","modified_gmt":"2023-02-17T09:44:51","slug":"virta-matto","status":"publish","type":"product","link":"https:\/\/serahelsinki.com\/fi\/tuote\/virta-matto\/","title":{"rendered":"Virta matto"},"content":{"rendered":"<span class=\"scroll-to\" data-label=\"Scroll to: #read-more\" data-bullet=\"false\" data-link=\"#read-more\" data-title=\"read-more\"><a name=\"read-more\"><\/a><\/span>\n<div class=\"row row-large row-full-width\"  id=\"row-262652983\">\n\n\t<div id=\"col-476563118\" class=\"col small-12 large-12\"  >\n\t\t\t\t<div class=\"col-inner\"  >\n\t\t\t\n\t\t\t\n\t<div class=\"img has-hover x md-x lg-x y md-y lg-y\" id=\"image_61572852\">\n\t\t\t\t\t\t\t\t<div class=\"img-inner dark\" >\n\t\t\t<img loading=\"lazy\" decoding=\"async\" width=\"1927\" height=\"2560\" src=\"https:\/\/serahelsinki.com\/wp-content\/uploads\/2020\/08\/Luoto_low_knotted-scaled.jpeg\" class=\"attachment-original size-original\" alt=\"\" srcset=\"https:\/\/serahelsinki.com\/wp-content\/uploads\/2020\/08\/Luoto_low_knotted-scaled.jpeg 1927w, https:\/\/serahelsinki.com\/wp-content\/uploads\/2020\/08\/Luoto_low_knotted-226x300.jpeg 226w, https:\/\/serahelsinki.com\/wp-content\/uploads\/2020\/08\/Luoto_low_knotted-771x1024.jpeg 771w, https:\/\/serahelsinki.com\/wp-content\/uploads\/2020\/08\/Luoto_low_knotted-768x1020.jpeg 768w, https:\/\/serahelsinki.com\/wp-content\/uploads\/2020\/08\/Luoto_low_knotted-1156x1536.jpeg 1156w, https:\/\/serahelsinki.com\/wp-content\/uploads\/2020\/08\/Luoto_low_knotted-1542x2048.jpeg 1542w, https:\/\/serahelsinki.com\/wp-content\/uploads\/2020\/08\/Luoto_low_knotted-1000x1328.jpeg 1000w, https:\/\/serahelsinki.com\/wp-content\/uploads\/2020\/08\/Luoto_low_knotted-100x133.jpeg 100w\" sizes=\"auto, (max-width: 1927px) 100vw, 1927px\" \/>\t\t\t\t\t\t\n\t\t\t\t\t<\/div>\n\t\t\t\t\t\t\t\t\n<style>\n#image_61572852 {\n  width: 100%;\n}\n<\/style>\n\t<\/div>\n\t\n\t\t<\/div>\n\t\t\t\t\t<\/div>\n\n\t\n<\/div>\n<div class=\"row row-large row-full-width align-equal\"  id=\"row-178139892\">\n\n\t<div id=\"col-1639381628\" class=\"col medium-6 small-12 large-6\"  >\n\t\t\t\t<div class=\"col-inner\"  >\n\t\t\t\n\t\t\t\n<div class=\"is-divider divider clearfix\" style=\"margin-top:0em;margin-bottom:0em;max-width:100%;height:1px;background-color:rgb(0, 0, 0);\"><\/div>\n\t<div id=\"gap-797806225\" class=\"gap-element clearfix\" style=\"display:block; height:auto;\">\n\t\t\n<style>\n#gap-797806225 {\n  padding-top: 20px;\n}\n<\/style>\n\t<\/div>\n\t\n<h2><span style=\"font-size: 150%;\">Virta<\/span><\/h2>\n\t<div id=\"gap-1084861695\" class=\"gap-element clearfix\" style=\"display:block; height:auto;\">\n\t\t\n<style>\n#gap-1084861695 {\n  padding-top: 60px;\n}\n<\/style>\n\t<\/div>\n\t\n<p><span style=\"font-size: 150%;\">Virta-matto on uusin Anna Pirkolan Sera Helsingille suunnittelemista matoista. T\u00e4m\u00e4 seesteinen, mutta katseen vangitseva matto on solmittu k\u00e4ytt\u00e4en kahta erikorkuista solmua. Maton paksuus on noin 1 cm ja osa siihen solmituista kuvioista nousee noin 2,5 cm korkuiseksi.\u00a0<\/span><\/p>\n<p><span style=\"font-size: 150%;\">Toimitusaika 2-3 kuukautta.\u00a0<\/span><\/p>\n\t\t<\/div>\n\t\t\t\t\t<\/div>\n\n\t\n\n\t<div id=\"col-1103975785\" class=\"col medium-6 small-12 large-6\"  >\n\t\t\t\t<div class=\"col-inner\"  >\n\t\t\t\n\t\t\t\n\t<div class=\"img has-hover x md-x lg-x y md-y lg-y\" id=\"image_817900686\">\n\t\t<a class=\"image-lightbox lightbox-gallery\" title=\"\" href=\"https:\/\/serahelsinki.com\/wp-content\/uploads\/2020\/08\/Sera-Luoto_low_knotted-768x1024.jpg\">\t\t\t\t\t\t<div class=\"img-inner dark\" >\n\t\t\t<img loading=\"lazy\" decoding=\"async\" width=\"1920\" height=\"2560\" src=\"https:\/\/serahelsinki.com\/wp-content\/uploads\/2020\/08\/Sera-Luoto_low_knotted-scaled.jpg\" class=\"attachment-original size-original\" alt=\"\" srcset=\"https:\/\/serahelsinki.com\/wp-content\/uploads\/2020\/08\/Sera-Luoto_low_knotted-scaled.jpg 1920w, https:\/\/serahelsinki.com\/wp-content\/uploads\/2020\/08\/Sera-Luoto_low_knotted-225x300.jpg 225w, https:\/\/serahelsinki.com\/wp-content\/uploads\/2020\/08\/Sera-Luoto_low_knotted-768x1024.jpg 768w, https:\/\/serahelsinki.com\/wp-content\/uploads\/2020\/08\/Sera-Luoto_low_knotted-1152x1536.jpg 1152w, https:\/\/serahelsinki.com\/wp-content\/uploads\/2020\/08\/Sera-Luoto_low_knotted-1536x2048.jpg 1536w, https:\/\/serahelsinki.com\/wp-content\/uploads\/2020\/08\/Sera-Luoto_low_knotted-500x667.jpg 500w, https:\/\/serahelsinki.com\/wp-content\/uploads\/2020\/08\/Sera-Luoto_low_knotted-1000x1333.jpg 1000w, https:\/\/serahelsinki.com\/wp-content\/uploads\/2020\/08\/Sera-Luoto_low_knotted-100x133.jpg 100w\" sizes=\"auto, (max-width: 1920px) 100vw, 1920px\" \/>\t\t\t\t\t\t\n\t\t\t\t\t<\/div>\n\t\t\t\t\t\t<\/a>\t\t\n<style>\n#image_817900686 {\n  width: 100%;\n}\n<\/style>\n\t<\/div>\n\t\n\t\t<\/div>\n\t\t\t\t\t<\/div>\n\n\t\n<\/div>\n<div class=\"row row-large row-full-width align-equal\"  id=\"row-1943310125\">\n\n\t<div id=\"col-1475995791\" class=\"col hide-for-small medium-6 small-12 large-6\"  >\n\t\t\t\t<div class=\"col-inner\"  >\n\t\t\t\n\t\t\t\n\t<div class=\"img has-hover x md-x lg-x y md-y lg-y\" id=\"image_584340350\">\n\t\t\t\t\t\t\t\t<div class=\"img-inner dark\" >\n\t\t\t<img loading=\"lazy\" decoding=\"async\" width=\"600\" height=\"600\" src=\"https:\/\/serahelsinki.com\/wp-content\/uploads\/2020\/05\/sera-wool-3.jpg\" class=\"attachment-large size-large\" alt=\"\" srcset=\"https:\/\/serahelsinki.com\/wp-content\/uploads\/2020\/05\/sera-wool-3.jpg 600w, https:\/\/serahelsinki.com\/wp-content\/uploads\/2020\/05\/sera-wool-3-100x100.jpg 100w, https:\/\/serahelsinki.com\/wp-content\/uploads\/2020\/05\/sera-wool-3-300x300.jpg 300w, https:\/\/serahelsinki.com\/wp-content\/uploads\/2020\/05\/sera-wool-3-150x150.jpg 150w\" sizes=\"auto, (max-width: 600px) 100vw, 600px\" \/>\t\t\t\t\t\t\n\t\t\t\t\t<\/div>\n\t\t\t\t\t\t\t\t\n<style>\n#image_584340350 {\n  width: 100%;\n}\n<\/style>\n\t<\/div>\n\t\n\t\t<\/div>\n\t\t\t\t\t<\/div>\n\n\t\n\n\t<div id=\"col-869480915\" class=\"col medium-6 small-12 large-6\"  >\n\t\t\t\t<div class=\"col-inner\"  >\n\t\t\t\n\t\t\t\n<div class=\"is-divider divider clearfix\" style=\"margin-top:0em;margin-bottom:0em;max-width:100%;height:1px;background-color:rgb(0, 0, 0);\"><\/div>\n\t<div id=\"gap-1514991269\" class=\"gap-element clearfix\" style=\"display:block; height:auto;\">\n\t\t\n<style>\n#gap-1514991269 {\n  padding-top: 20px;\n}\n<\/style>\n\t<\/div>\n\t\n<h2><span style=\"font-size: 150%;\">Tuotannosta<\/span><\/h2>\n\t<div id=\"gap-748034175\" class=\"gap-element clearfix\" style=\"display:block; height:auto;\">\n\t\t\n<style>\n#gap-748034175 {\n  padding-top: 60px;\n}\n<\/style>\n\t<\/div>\n\t\n<p>Mattomme tehd\u00e4\u00e4n k\u00e4sity\u00f6n\u00e4 tilauksesta. Ostaessasi maton verkkokaupastamme, aloitamme sen tuotannon Etiopiassa. L\u00e4het\u00e4mme maton tekoprosessin aikana p\u00e4ivityksi\u00e4 ja kuvia tuotannon etenemisest\u00e4. Arvioitu toimitusaika on 2-3 kuukautta.\u00a0<\/p>\n<p>Jokainen matto on k\u00e4sin tehty ja ainutlaatuinen. Tuotannossa k\u00e4ytetty\u00e4 lankaa ei ole kemikaalisesti k\u00e4sitelty (v\u00e4rj\u00e4tty tai valkaistu), mink\u00e4 johdosta tuotteiden v\u00e4ritys on luonnollinen. Mattojen s\u00e4vyiss\u00e4 saattaa esiinty\u00e4 hieman vaihtelua ja niiden koot saattavat erota ilmoitetusta muutamalla senttimetrill\u00e4. Eroavaisuudet eiv\u00e4t ole vikoja vaan k\u00e4sity\u00f6n\u00e4 tehtyjen tuotteiden ainutlaatuisuutta.\u00a0<\/p>\n<a href=\"https:\/\/serahelsinki.com\/wool-carpets\/\" class=\"button primary is-link is-small\" >\n\t\t<span>LUE LIS\u00c4\u00c4<\/span>\n\t<i class=\"icon-angle-right\" aria-hidden=\"true\"><\/i><\/a>\n\n\t\t<\/div>\n\t\t\t\t\t<\/div>\n\n\t\n<\/div>\n","protected":false},"excerpt":{"rendered":"<p>Toimitusaika 2-3 kuukautta.<\/p>\n","protected":false},"featured_media":3695,"comment_status":"open","ping_status":"closed","template":"","meta":[],"product_brand":[],"product_cat":[75],"product_tag":[],"class_list":{"0":"post-3838","1":"product","2":"type-product","3":"status-publish","4":"has-post-thumbnail","6":"product_cat-matot-fi","8":"first","9":"instock","10":"taxable","11":"shipping-taxable","12":"purchasable","13":"product-type-variable"},"_links":{"self":[{"href":"https:\/\/serahelsinki.com\/fi\/wp-json\/wp\/v2\/product\/3838","targetHints":{"allow":["GET"]}}],"collection":[{"href":"https:\/\/serahelsinki.com\/fi\/wp-json\/wp\/v2\/product"}],"about":[{"href":"https:\/\/serahelsinki.com\/fi\/wp-json\/wp\/v2\/types\/product"}],"replies":[{"embeddable":true,"href":"https:\/\/serahelsinki.com\/fi\/wp-json\/wp\/v2\/comments?post=3838"}],"wp:featuredmedia":[{"embeddable":true,"href":"https:\/\/serahelsinki.com\/fi\/wp-json\/wp\/v2\/media\/3695"}],"wp:attachment":[{"href":"https:\/\/serahelsinki.com\/fi\/wp-json\/wp\/v2\/media?parent=3838"}],"wp:term":[{"taxonomy":"product_brand","embeddable":true,"href":"https:\/\/serahelsinki.com\/fi\/wp-json\/wp\/v2\/product_brand?post=3838"},{"taxonomy":"product_cat","embeddable":true,"href":"https:\/\/serahelsinki.com\/fi\/wp-json\/wp\/v2\/product_cat?post=3838"},{"taxonomy":"product_tag","embeddable":true,"href":"https:\/\/serahelsinki.com\/fi\/wp-json\/wp\/v2\/product_tag?post=3838"}],"curies":[{"name":"wp","href":"https:\/\/api.w.org\/{rel}","templated":true}]}}